{"id":11512,"date":"2024-03-01T12:52:12","date_gmt":"2024-03-01T12:52:12","guid":{"rendered":"https:\/\/dummy.xtemos.com\/woodmart2\/vegetables-elementor\/?page_id=15"},"modified":"2025-09-22T14:54:48","modified_gmt":"2025-09-22T14:54:48","slug":"about-us","status":"publish","type":"page","link":"https:\/\/cms-euro.com\/?page_id=11512","title":{"rendered":"About Us"},"content":{"rendered":"\t\t<div data-elementor-type=\"wp-page\" data-elementor-id=\"11512\" class=\"elementor elementor-11512\">\n\t\t\t\t<div class=\"wd-negative-gap elementor-element elementor-element-5123e6c e-flex e-con-boxed e-con e-parent\" data-id=\"5123e6c\" data-element_type=\"container\">\n\t\t\t\t\t<div class=\"e-con-inner\">\n\t\t<div class=\"elementor-element elementor-element-d96a18c e-con-full e-flex e-con e-child\" data-id=\"d96a18c\" data-element_type=\"container\">\n\t\t\t\t<div class=\"elementor-element elementor-element-55a06c5 elementor-widget elementor-widget-image\" data-id=\"55a06c5\" data-element_type=\"widget\" data-widget_type=\"image.default\">\n\t\t\t\t<div class=\"elementor-widget-container\">\n\t\t\t\t\t\t\t\t\t\t\t\t\t\t\t<img fetchpriority=\"high\" decoding=\"async\" width=\"612\" height=\"408\" src=\"https:\/\/cms-euro.com\/wp-content\/uploads\/2025\/04\/istockphoto-486570435-612x612-1.jpg\" class=\"attachment-large size-large wp-image-5409\" alt=\"\" srcset=\"https:\/\/cms-euro.com\/wp-content\/uploads\/2025\/04\/istockphoto-486570435-612x612-1.jpg 612w, https:\/\/cms-euro.com\/wp-content\/uploads\/2025\/04\/istockphoto-486570435-612x612-1-150x100.jpg 150w, https:\/\/cms-euro.com\/wp-content\/uploads\/2025\/04\/istockphoto-486570435-612x612-1-600x400.jpg 600w, https:\/\/cms-euro.com\/wp-content\/uploads\/2025\/04\/istockphoto-486570435-612x612-1-300x200.jpg 300w\" sizes=\"(max-width: 612px) 100vw, 612px\" \/>\t\t\t\t\t\t\t\t\t\t\t\t\t\t\t<\/div>\n\t\t\t\t<\/div>\n\t\t\t\t<\/div>\n\t\t<div class=\"elementor-element elementor-element-cca9ce8 e-con-full e-flex e-con e-child\" data-id=\"cca9ce8\" data-element_type=\"container\">\n\t\t\t\t<div class=\"elementor-element elementor-element-df0c631 wd-width-100 elementor-widget elementor-widget-wd_title\" data-id=\"df0c631\" data-element_type=\"widget\" data-widget_type=\"wd_title.default\">\n\t\t\t\t<div class=\"elementor-widget-container\">\n\t\t\t\t\t\t\t<div class=\"title-wrapper wd-set-mb reset-last-child wd-title-color-default wd-title-style-default wd-title-size-default text-left\">\n\n\t\t\t\n\t\t\t<div class=\"liner-continer\">\n\t\t\t\t<h4 class=\"woodmart-title-container title wd-fontsize-l\">Bienvenue sur Donky Detailing<\/h4> \n\t\t\t\t\t\t\t<\/div>\n\n\t\t\t\t\t<\/div>\n\t\t\t\t\t\t<\/div>\n\t\t\t\t<\/div>\n\t\t\t\t<div class=\"elementor-element elementor-element-c8aa6fe elementor-widget elementor-widget-wd_text_block\" data-id=\"c8aa6fe\" data-element_type=\"widget\" data-widget_type=\"wd_text_block.default\">\n\t\t\t\t<div class=\"elementor-widget-container\">\n\t\t\t\t\t\t\t<div class=\"wd-text-block reset-last-child text-left\">\n\t\t\t\n\t\t\t<div class=\"title-page\"><strong>\u00c0 propos de nous<\/strong><\/div>\n\n\ud83d\udce6 Des conteneurs et mobile homes adapt\u00e9s \u00e0 vos besoins \ud83c\udfe0\n\nDonky Detailing vous propose une large gamme de conteneurs maritimes et r\u00e9sidentiels, disponibles \u00e0 la vente ou \u00e0 la location. Que vous recherchiez des conteneurs maritimes \ud83d\udea2, des unit\u00e9s de stockage \ud83d\udce6, des bureaux mobiles \ud83e\uddd1\u200d\ud83d\udcbc, des modules sanitaires \ud83d\udebf ou m\u00eame des conteneurs piscine \ud83c\udfca, nous disposons de solutions sur mesure pour chaque besoin.\n\n\ud83d\udcc8 Notre stock est en constante \u00e9volution et pr\u00eat \u00e0 \u00eatre livr\u00e9 rapidement. Gr\u00e2ce \u00e0 un r\u00e9seau solide de partenaires \ud83e\udd1d, nous avons \u00e9galement la capacit\u00e9 de vous fournir des mod\u00e8les rares ou sp\u00e9cifiques dans des d\u00e9lais optimaux \u23f1\ufe0f.\n\n\ud83d\udcac Nous accordons une importance particuli\u00e8re \u00e0 l'accompagnement personnalis\u00e9. Nos conseillers sont \u00e0 votre \u00e9coute \ud83d\udc42 pour vous guider vers la solution la mieux adapt\u00e9e \u00e0 vos objectifs, qu\u2019il s\u2019agisse d\u2019un achat \ud83d\udcb0 ou d\u2019une location \ud83d\udcc4. Et m\u00eame apr\u00e8s la transaction, notre \u00e9quipe reste \u00e0 vos c\u00f4t\u00e9s pour assurer un suivi et un service continu \ud83d\udd04.\n\n\ud83c\udfaf Notre mission : vous fournir des conteneurs robustes, fiables et durables, tout en vous garantissant un service client irr\u00e9prochable \u2b50.\n\nChez Donky Detailing, nous pla\u00e7ons l\u2019innovation \ud83d\udca1 et la flexibilit\u00e9 \ud83d\udd27 au c\u0153ur de notre d\u00e9marche, afin de r\u00e9pondre aux exigences sp\u00e9cifiques de chaque projet. Notre \u00e9quipe d\u2019experts \ud83d\udc77\u200d\u2642\ufe0f est \u00e0 votre disposition pour vous accompagner \u00e0 chaque \u00e9tape \ud83d\udccd et vous proposer des solutions parfaitement adapt\u00e9es \u00e0 vos attentes \u2705.\n\t\t\t\t\t<\/div>\n\t\t\t\t\t\t<\/div>\n\t\t\t\t<\/div>\n\t\t<div class=\"wd-negative-gap elementor-element elementor-element-b7e9519 e-flex e-con-boxed e-con e-child\" data-id=\"b7e9519\" data-element_type=\"container\" data-settings=\"{&quot;background_background&quot;:&quot;classic&quot;}\">\n\t\t\t\t\t<div class=\"e-con-inner\">\n\t\t\t\t<div class=\"elementor-element elementor-element-720ff0a elementor-widget elementor-widget-wd_infobox\" data-id=\"720ff0a\" data-element_type=\"widget\" data-widget_type=\"wd_infobox.default\">\n\t\t\t\t<div class=\"elementor-widget-container\">\n\t\t\t\t\t\t\t<div class=\"info-box-wrapper\">\n\t\t\t<div class=\"wd-info-box text-left box-icon-align-left box-style-base color-scheme- wd-items-middle\">\n\t\t\t\t\t\t\t\t\t<div class=\"box-icon-wrapper  box-with-icon box-icon-simple\">\n\t\t\t\t\t\t<div class=\"info-box-icon\">\n\t\t\t\t\t\t\t\t\t\t\t\t\t\t\t<img decoding=\"async\" width=\"90\" height=\"90\" src=\"https:\/\/cms-euro.com\/wp-content\/uploads\/2024\/03\/vg-team-rounded-4-opt-90x90.png\" class=\"attachment-90x90 size-90x90\" alt=\"\" srcset=\"https:\/\/cms-euro.com\/wp-content\/uploads\/2024\/03\/vg-team-rounded-4-opt-90x90.png 90w, https:\/\/cms-euro.com\/wp-content\/uploads\/2024\/03\/vg-team-rounded-4-opt-150x150.png 150w, https:\/\/cms-euro.com\/wp-content\/uploads\/2024\/03\/vg-team-rounded-4-opt-160x160.png 160w, https:\/\/cms-euro.com\/wp-content\/uploads\/2024\/03\/vg-team-rounded-4-opt.png 240w\" sizes=\"(max-width: 90px) 100vw, 90px\" \/>\t\t\t\t\t\t\t\t\t\t\t\t\t<\/div>\n\t\t\t\t\t<\/div>\n\t\t\t\t\n\t\t\t\t<div class=\"info-box-content\">\n\t\t\t\t\t\n\t\t\t\t\t\t\t\t\t\t\t<h4\t\t\t\t\t\tclass=\"info-box-title title box-title-style-default wd-fontsize-m\" data-elementor-setting-key=\"title\">\n\t\t\t\t\t\t\t\t<span style=\"color: rgb(8, 29, 53); font-family: marianne, &quot;marianne Fallback&quot;; font-size: 16px; font-style: normal; font-variant-ligatures: normal; font-variant-caps: normal; font-weight: 400; white-space-collapse: collapse; background-color: rgba(223, 223, 241, 0.4);\"><\/span>Pascal, Edmond GIRARDET\t\t\t\t\t\t<\/h4>\n\t\t\t\t\t\n\t\t\t\t\t<div class=\"info-box-inner reset-last-child\"data-elementor-setting-key=\"content\"><table class=\"styleFull_fullTable__WJqxC\">\n<tbody>\n<tr class=\"styleFull_row__NGD9w\">\n<td class=\"styleFull_cell__iDQav\">PRESIDENT DE SAS<\/td>\n<td class=\"styleFull_cell__iDQav\">\u00a0<\/td>\n<\/tr>\n<\/tbody>\n<\/table>\n<\/div>\n\n\t\t\t\t\t\t\t\t\t<\/div>\n\n\t\t\t\t\t\t\t<\/div>\n\t\t<\/div>\n\t\t\t\t\t\t<\/div>\n\t\t\t\t<\/div>\n\t\t\t\t<div class=\"elementor-element elementor-element-7eb6eff elementor-widget elementor-widget-wd_text_block\" data-id=\"7eb6eff\" data-element_type=\"widget\" data-widget_type=\"wd_text_block.default\">\n\t\t\t\t<div class=\"elementor-widget-container\">\n\t\t\t\t\t\t\t<div class=\"wd-text-block reset-last-child text-left\">\n\t\t\t\n\t\t\t\n\t\t\t\t\t<\/div>\n\t\t\t\t\t\t<\/div>\n\t\t\t\t<\/div>\n\t\t\t\t\t<\/div>\n\t\t\t\t<\/div>\n\t\t\t\t<\/div>\n\t\t\t\t\t<\/div>\n\t\t\t\t<\/div>\n\t\t\t\t<\/div>\n\t\t","protected":false},"excerpt":{"rendered":"<p>Bienvenue sur Donky Detailing \u00c0 propos de nous \ud83d\udce6 Des conteneurs et mobile homes adapt\u00e9s \u00e0 vos besoins \ud83c\udfe0 Donky<\/p>\n","protected":false},"author":1,"featured_media":0,"parent":0,"menu_order":0,"comment_status":"closed","ping_status":"closed","template":"","meta":{"inline_featured_image":false,"footnotes":""},"class_list":["post-11512","page","type-page","status-publish","hentry"],"_links":{"self":[{"href":"https:\/\/cms-euro.com\/index.php?rest_route=\/wp\/v2\/pages\/11512","targetHints":{"allow":["GET"]}}],"collection":[{"href":"https:\/\/cms-euro.com\/index.php?rest_route=\/wp\/v2\/pages"}],"about":[{"href":"https:\/\/cms-euro.com\/index.php?rest_route=\/wp\/v2\/types\/page"}],"author":[{"embeddable":true,"href":"https:\/\/cms-euro.com\/index.php?rest_route=\/wp\/v2\/users\/1"}],"replies":[{"embeddable":true,"href":"https:\/\/cms-euro.com\/index.php?rest_route=%2Fwp%2Fv2%2Fcomments&post=11512"}],"version-history":[{"count":15,"href":"https:\/\/cms-euro.com\/index.php?rest_route=\/wp\/v2\/pages\/11512\/revisions"}],"predecessor-version":[{"id":13234,"href":"https:\/\/cms-euro.com\/index.php?rest_route=\/wp\/v2\/pages\/11512\/revisions\/13234"}],"wp:attachment":[{"href":"https:\/\/cms-euro.com\/index.php?rest_route=%2Fwp%2Fv2%2Fmedia&parent=11512"}],"curies":[{"name":"wp","href":"https:\/\/api.w.org\/{rel}","templated":true}]}}