{"id":5189,"date":"2025-04-03T18:59:50","date_gmt":"2025-04-03T18:59:50","guid":{"rendered":"https:\/\/cftmaritime.com\/?page_id=5189"},"modified":"2025-05-14T13:28:14","modified_gmt":"2025-05-14T13:28:14","slug":"mention-legale","status":"publish","type":"page","link":"https:\/\/cms-euro.com\/?page_id=5189","title":{"rendered":"Mention l\u00e9gale"},"content":{"rendered":"\t\t<div data-elementor-type=\"wp-page\" data-elementor-id=\"5189\" class=\"elementor elementor-5189\">\n\t\t\t\t<div class=\"wd-negative-gap elementor-element elementor-element-549f847e e-flex e-con-boxed e-con e-parent\" data-id=\"549f847e\" data-element_type=\"container\">\n\t\t\t\t\t<div class=\"e-con-inner\">\n\t\t\t\t<div class=\"elementor-element elementor-element-302092ac color-scheme-inherit text-left elementor-widget elementor-widget-text-editor\" data-id=\"302092ac\" data-element_type=\"widget\" data-widget_type=\"text-editor.default\">\n\t\t\t\t<div class=\"elementor-widget-container\">\n\t\t\t\t\t\t\t\t\t\n<h1 class=\"wp-block-heading\"><strong><span style=\"font-family: inherit; font-size: 13px;\">Informations juridiques de CFT MARITIME OVERSEAS<\/span><\/strong><\/h1>\n<div class=\"content grow column\">\n<table class=\"grow\">\n<tbody>\n<tr>\n<th>SIREN :<\/th>\n<td>814 825 733\u00a0<\/td>\n<\/tr>\n<tr>\n<th>SIRET (si\u00e8ge) :<\/th>\n<td>814 825 733 00011\u00a0<\/td>\n<\/tr>\n<tr>\n<th>Forme juridique :<\/th>\n<td>SAS, soci\u00e9t\u00e9 par actions simplifi\u00e9e<\/td>\n<\/tr>\n<tr>\n<th>Num\u00e9ro de TVA:<\/th>\n<td class=\"flex items-center\">\n<div>FR96814825733<i class=\"far fa-check-circle fa-lg actif\"><\/i><\/div>\n<\/td>\n<\/tr>\n<tr>\n<th>Inscription au RCS :<\/th>\n<td><span class=\"actif\">INSCRIT\u00a0<i class=\"far fa-check-circle\"><\/i><\/span>\u00a0(au greffe de LEHAVRE , le 24\/11\/2015 )<\/td>\n<\/tr>\n<tr>\n<th>Inscription au RNE :<\/th>\n<td><span class=\"actif\">INSCRIT\u00a0<i class=\"far fa-check-circle\"><\/i><\/span>\u00a0(le 24\/11\/2015)<\/td>\n<\/tr>\n<tr>\n<th>Num\u00e9ro RCS :<\/th>\n<td>814 825 733 R.C.S. Lehavre\u00a0<\/td>\n<\/tr>\n<tr>\n<th>Capital social :<\/th>\n<td>5 000 000,00 \u20ac<\/td>\n<\/tr>\n<\/tbody>\n<\/table>\n<\/div>\n\n<p>\u200b<\/p>\n\n<p>Propri\u00e9t\u00e9 Intellectuelle<\/p>\n\n<p>Le contenu de ce site, incluant les textes, images, graphiques, logos, et vid\u00e9os, est la propri\u00e9t\u00e9 de Nord Box Containers ou de ses fournisseurs, et est prot\u00e9g\u00e9 par les lois en vigueur sur la propri\u00e9t\u00e9 intellectuelle. Toute reproduction ou utilisation non autoris\u00e9e du contenu est interdite sans autorisation \u00e9crite pr\u00e9alable.<\/p>\n\n<p>\u200b<\/p>\n\n<p>Collecte et Utilisation des Donn\u00e9es Personnelles<\/p>\n\n<p>Les donn\u00e9es personnelles collect\u00e9es via notre site sont trait\u00e9es conform\u00e9ment \u00e0 notre politique de confidentialit\u00e9. En utilisant ce site, vous acceptez la collecte et l&rsquo;utilisation de vos donn\u00e9es personnelles telles que d\u00e9crites dans cette politique.<\/p>\n\n<p>\u200b<\/p>\n\n<p>Cookies<\/p>\n\n<p>Notre site utilise des cookies pour am\u00e9liorer l&rsquo;exp\u00e9rience utilisateur. En continuant \u00e0 utiliser notre site, vous consentez \u00e0 l&rsquo;utilisation de cookies conform\u00e9ment \u00e0 notre politique de cookies.<\/p>\n\n<p>\u200b<\/p>\n\n<p>Responsabilit\u00e9<\/p>\n\n<p>Nord Box Containers s&rsquo;efforce de fournir des informations pr\u00e9cises et \u00e0 jour sur ce site. Toutefois, nous ne garantissons pas l&rsquo;exactitude ou l&rsquo;exhaustivit\u00e9 des informations fournies et d\u00e9clinons toute responsabilit\u00e9 pour les erreurs ou omissions.<\/p>\n\n<p>\u200b<\/p>\n\n<p>Modification des Mentions L\u00e9gales<\/p>\n\n<p>Nord Box Containers se r\u00e9serve le droit de modifier ces mentions l\u00e9gales \u00e0 tout moment. Les modifications seront effectives d\u00e8s leur publication sur ce site. Nous vous encourageons \u00e0 consulter r\u00e9guli\u00e8rement cette page pour rester inform\u00e9 des mises \u00e0 jour.<\/p>\n\n<p>\u200b<\/p>\n\n<p>R\u00e9solution des Litiges en Ligne<\/p>\n\n<p>La Commission europ\u00e9enne propose une plateforme de r\u00e9solution des litiges en ligne, accessible \u00e0 l&rsquo;adresse\u00a0<a href=\"http:\/\/ec.europa.eu\/consumers\/odr\/\" target=\"_blank\" rel=\"noreferrer noopener\">http:\/\/ec.europa.eu\/consumers\/odr\/.<\/a>\u00a0En tant que client, vous avez la possibilit\u00e9 de contacter le conseil d&rsquo;arbitrage de la Commission europ\u00e9enne. Nous ne participons pas, et ne sommes pas oblig\u00e9s de participer, \u00e0 une proc\u00e9dure de r\u00e8glement des litiges devant un conseil d&rsquo;arbitrage de la consommation.<\/p>\n\n<p>\u200b<\/p>\n\n<p>Pour toute question suppl\u00e9mentaire ou demande sp\u00e9cifique, n\u2019h\u00e9sitez pas \u00e0 nous contacter :<\/p>\n\n<p>\u200b<\/p>\n\n<h1 class=\"wp-block-heading\"><strong><span style=\"font-family: inherit; font-size: 13px;\">CFT MARITIME OVERSEAS<\/span><\/strong><\/h1>\n<p>+33 (0) 7 59 92 34 917<\/p>\n<p>contact@cftmaritime.com<\/p>\n\t\t\t\t\t\t\t\t<\/div>\n\t\t\t\t<\/div>\n\t\t\t\t\t<\/div>\n\t\t\t\t<\/div>\n\t\t\t\t<\/div>\n\t\t","protected":false},"excerpt":{"rendered":"<p>Informations juridiques de CFT MARITIME OVERSEAS SIREN : 814 825 733\u00a0 SIRET (si\u00e8ge) : 814 825 733 00011\u00a0 Forme juridique<\/p>\n","protected":false},"author":1,"featured_media":0,"parent":0,"menu_order":0,"comment_status":"closed","ping_status":"closed","template":"","meta":{"inline_featured_image":false,"footnotes":""},"class_list":["post-5189","page","type-page","status-publish","hentry"],"_links":{"self":[{"href":"https:\/\/cms-euro.com\/index.php?rest_route=\/wp\/v2\/pages\/5189","targetHints":{"allow":["GET"]}}],"collection":[{"href":"https:\/\/cms-euro.com\/index.php?rest_route=\/wp\/v2\/pages"}],"about":[{"href":"https:\/\/cms-euro.com\/index.php?rest_route=\/wp\/v2\/types\/page"}],"author":[{"embeddable":true,"href":"https:\/\/cms-euro.com\/index.php?rest_route=\/wp\/v2\/users\/1"}],"replies":[{"embeddable":true,"href":"https:\/\/cms-euro.com\/index.php?rest_route=%2Fwp%2Fv2%2Fcomments&post=5189"}],"version-history":[{"count":9,"href":"https:\/\/cms-euro.com\/index.php?rest_route=\/wp\/v2\/pages\/5189\/revisions"}],"predecessor-version":[{"id":11718,"href":"https:\/\/cms-euro.com\/index.php?rest_route=\/wp\/v2\/pages\/5189\/revisions\/11718"}],"wp:attachment":[{"href":"https:\/\/cms-euro.com\/index.php?rest_route=%2Fwp%2Fv2%2Fmedia&parent=5189"}],"curies":[{"name":"wp","href":"https:\/\/api.w.org\/{rel}","templated":true}]}}