{"id":5195,"date":"2025-04-03T19:20:54","date_gmt":"2025-04-03T19:20:54","guid":{"rendered":"https:\/\/cftmaritime.com\/?page_id=5195"},"modified":"2025-11-07T14:16:12","modified_gmt":"2025-11-07T14:16:12","slug":"politique-de-livraison","status":"publish","type":"page","link":"https:\/\/cms-euro.com\/?page_id=5195","title":{"rendered":"Politique de livraison"},"content":{"rendered":"\t\t<div data-elementor-type=\"wp-page\" data-elementor-id=\"5195\" class=\"elementor elementor-5195\">\n\t\t\t\t<div class=\"wd-negative-gap elementor-element elementor-element-52b7b474 e-flex e-con-boxed e-con e-parent\" data-id=\"52b7b474\" data-element_type=\"container\">\n\t\t\t\t\t<div class=\"e-con-inner\">\n\t\t\t\t<div class=\"elementor-element elementor-element-3643a23c color-scheme-inherit text-left elementor-widget elementor-widget-text-editor\" data-id=\"3643a23c\" data-element_type=\"widget\" data-widget_type=\"text-editor.default\">\n\t\t\t\t<div class=\"elementor-widget-container\">\n\t\t\t\t\t\t\t\t\t<p><strong>Chez cms euro ling<\/strong> \ud83d\ude9b<\/p><p>Nous nous engageons \u00e0 vous offrir une livraison rapide \ud83d\udce6 et de qualit\u00e9, assur\u00e9e par des transporteurs professionnels et exp\u00e9riment\u00e9s. Chaque commande est trait\u00e9e avec soin afin de garantir une r\u00e9ception dans les meilleures conditions.<\/p><p>En passant une commande sur notre site, vous acceptez les termes de la politique d&rsquo;exp\u00e9dition d\u00e9crite ci-dessous.<\/p><h3>\ud83d\udcec FRAIS DE PORT<\/h3><ul><li><strong>Montant :<\/strong> 300 \u20ac<\/li><li>\ud83d\udccd Livraison partout en Europe<\/li><li>\ud83c\uddeb\ud83c\uddf7 <strong>Livraison gratuite en France<\/strong><\/li><\/ul><h3>\ud83d\udd52 HEURE LIMITE DE PASSATION DE COMMANDE<\/h3><p>Les commandes doivent \u00eatre pass\u00e9es avant <strong>15h00 (CET)<\/strong> pour \u00eatre trait\u00e9es le jour m\u00eame.<\/p><h3>\ud83d\udee0\ufe0f D\u00c9LAI DE TRAITEMENT<\/h3><p>Le traitement des commandes prend entre <strong>1 et 2 jours ouvrables<\/strong>.<\/p><h3>\ud83d\ude9a D\u00c9LAI DE TRANSIT<\/h3><p>Les d\u00e9lais de livraison varient entre <strong>5 et 10 jours ouvrables<\/strong>, selon la destination et le volume command\u00e9.<\/p><h3>\ud83d\udce6 CONDITIONS DE LIVRAISON<\/h3><p>La livraison est assur\u00e9e directement par nos soins, garantissant un service fiable et ponctuel.<\/p><h3>\ud83d\udccd CHANGEMENT D&rsquo;ADRESSE<\/h3><p>Une fois la commande exp\u00e9di\u00e9e, il n\u2019est plus possible de modifier l\u2019adresse de livraison.<\/p><p>Pour toute modification, veuillez nous contacter dans les <strong>24h suivant votre commande<\/strong> \u00e0 :<br \/>\ud83d\udce7 <a href=\"mailto:contact@cms-euro.com\">contact@cms-euro.com<\/a><\/p><h3>\u274c ANNULATIONS<\/h3><p>Les annulations sont possibles \u00e0 tout moment <strong>avant l\u2019exp\u00e9dition<\/strong> de la commande. Une fois exp\u00e9di\u00e9e, veuillez consulter notre politique de retour et de remboursement.<\/p><h3>\ud83d\udcc9 CONTENEUR ENDOMMAG\u00c9 PENDANT LE TRANSPORT<\/h3><p>Si un conteneur est endommag\u00e9 \u00e0 la r\u00e9ception, nous vous conseillons de le refuser et de <strong>contacter imm\u00e9diatement notre service client<\/strong>. Nous mettrons tout en \u0153uvre pour trouver une solution rapide.<\/p><h3>\ud83d\udcde NOUS CONTACTER<\/h3><p>Pour toute question ou demande sp\u00e9cifique, n\u2019h\u00e9sitez pas \u00e0 nous contacter :<\/p><p><strong>Donky Detailing<\/strong><br \/>\ud83d\udcde (+33) 0773267514<br \/>\ud83d\udce7 <a href=\"mailto:contact@cms-euro.com\">contact@cms-euro.com<\/a><br \/>\ud83c\udf10 Site web : <a href=\"https:\/\/cms-euro.com\" target=\"_blank\" rel=\"noopener\">www.cms-euro.com<\/a><\/p>\t\t\t\t\t\t\t\t<\/div>\n\t\t\t\t<\/div>\n\t\t\t\t\t<\/div>\n\t\t\t\t<\/div>\n\t\t\t\t<\/div>\n\t\t","protected":false},"excerpt":{"rendered":"<p>Chez cms euro ling \ud83d\ude9b Nous nous engageons \u00e0 vous offrir une livraison rapide \ud83d\udce6 et de qualit\u00e9, assur\u00e9e par<\/p>\n","protected":false},"author":1,"featured_media":0,"parent":0,"menu_order":0,"comment_status":"closed","ping_status":"closed","template":"","meta":{"inline_featured_image":false,"footnotes":""},"class_list":["post-5195","page","type-page","status-publish","hentry"],"_links":{"self":[{"href":"https:\/\/cms-euro.com\/index.php?rest_route=\/wp\/v2\/pages\/5195","targetHints":{"allow":["GET"]}}],"collection":[{"href":"https:\/\/cms-euro.com\/index.php?rest_route=\/wp\/v2\/pages"}],"about":[{"href":"https:\/\/cms-euro.com\/index.php?rest_route=\/wp\/v2\/types\/page"}],"author":[{"embeddable":true,"href":"https:\/\/cms-euro.com\/index.php?rest_route=\/wp\/v2\/users\/1"}],"replies":[{"embeddable":true,"href":"https:\/\/cms-euro.com\/index.php?rest_route=%2Fwp%2Fv2%2Fcomments&post=5195"}],"version-history":[{"count":9,"href":"https:\/\/cms-euro.com\/index.php?rest_route=\/wp\/v2\/pages\/5195\/revisions"}],"predecessor-version":[{"id":13259,"href":"https:\/\/cms-euro.com\/index.php?rest_route=\/wp\/v2\/pages\/5195\/revisions\/13259"}],"wp:attachment":[{"href":"https:\/\/cms-euro.com\/index.php?rest_route=%2Fwp%2Fv2%2Fmedia&parent=5195"}],"curies":[{"name":"wp","href":"https:\/\/api.w.org\/{rel}","templated":true}]}}