{"id":5224,"date":"2025-04-04T09:31:23","date_gmt":"2025-04-04T09:31:23","guid":{"rendered":"https:\/\/cftmaritime.com\/?page_id=5224"},"modified":"2025-05-22T17:25:16","modified_gmt":"2025-05-22T17:25:16","slug":"politique-de-retour-et-de-remboursement","status":"publish","type":"page","link":"https:\/\/cms-euro.com\/?page_id=5224","title":{"rendered":"Politique de retour et de remboursement"},"content":{"rendered":"\t\t<div data-elementor-type=\"wp-page\" data-elementor-id=\"5224\" class=\"elementor elementor-5224\">\n\t\t\t\t<div class=\"wd-negative-gap elementor-element elementor-element-4c6f0373 e-flex e-con-boxed e-con e-parent\" data-id=\"4c6f0373\" data-element_type=\"container\">\n\t\t\t\t\t<div class=\"e-con-inner\">\n\t\t\t\t<div class=\"elementor-element elementor-element-7f3078f9 color-scheme-inherit text-left elementor-widget elementor-widget-text-editor\" data-id=\"7f3078f9\" data-element_type=\"widget\" data-widget_type=\"text-editor.default\">\n\t\t\t\t<div class=\"elementor-widget-container\">\n\t\t\t\t\t\t\t\t\t<p><\/p>\n<p>Chez&nbsp; <strong>CFT MARITIME OVERSEAS<\/strong><\/p>\n<p>Nous nous engageons \u00e0 vous offrir une exp\u00e9rience de magasinage exceptionnelle. Si vous n&rsquo;\u00eates pas enti\u00e8rement satisfait de votre commande, vous pouvez retourner les conteneurs dans les 30 jours suivant la r\u00e9ception de votre commande.<\/p>\n<p><\/p>\n<p>1. Politique de retour<br>Conditions de retour :<\/p>\n<p><\/p>\n<p>Les contenants doivent \u00eatre retourn\u00e9s dans leur \u00e9tat d&rsquo;origine : non utilis\u00e9s et non endommag\u00e9s. Une preuve d&rsquo;achat, comme un re\u00e7u, doit \u00eatre fournie.<\/p>\n<p><\/p>\n<p>Proc\u00e9dure de retour :<\/p>\n<p><\/p>\n<p>-Pour initier un retour, contactez nous \u00e0&nbsp;<strong>contact@cftmaritime.com<\/strong><\/p>\n<p><\/p>\n<p>-Pas de frais de restockage sur les retours.<\/p>\n<p><\/p>\n<p>-Les articles retourn\u00e9s sans demande pr\u00e9alable ne seront pas accept\u00e9s.<\/p>\n<p><\/p>\n<p>-Pour toute question concernant un retour, n&rsquo;h\u00e9sitez pas \u00e0 nous contacter \u00e0 l&rsquo;adresse mentionn\u00e9e ci-dessus.<br>-Les frais de retour seront \u00e0 la charge du client.<\/p>\n<p><\/p>\n<p>2. Dommages et probl\u00e8mes<\/p>\n<p><\/p>\n<p>Nous vous encourageons \u00e0 inspecter votre commande d\u00e8s r\u00e9ception. Si un article est d\u00e9fectueux, endommag\u00e9 ou si vous avez re\u00e7u le mauvais produit, veuillez nous contacter imm\u00e9diatement afin que nous puissions r\u00e9soudre le probl\u00e8me rapidement. Un processus d&rsquo;\u00e9change ou de remboursement sera lanc\u00e9 une fois approuv\u00e9. Nos partenaires logistiques vous contacteront pour organiser le ramassage du ou des conteneurs endommag\u00e9s ou erron\u00e9s.<\/p>\n<p><\/p>\n<p><\/p>\n<p><\/p>\n<p>3. \u00c9changes<br>Pour \u00e9changer un article, nous vous recommandons de retourner l&rsquo;article command\u00e9 d&rsquo;origine et de passer une nouvelle commande pour le produit souhait\u00e9 une fois votre retour accept\u00e9.<\/p>\n<p><\/p>\n<p>&nbsp;<\/p>\n<p><\/p>\n<p>4. Remboursements<br>Une fois votre retour re\u00e7u et inspect\u00e9, nous vous informerons si votre remboursement est approuv\u00e9 dans un d\u00e9lai de 1 \u00e0 2 jours ouvrables. S&rsquo;il est approuv\u00e9, il sera trait\u00e9 via votre mode de paiement d&rsquo;origine dans les 10 jours.<\/p>\n<p><\/p>\n<p><\/p>\n<p><\/p>\n<p>5. Contact<br>Pour toute question concernant les retours, les remboursements ou les probl\u00e8mes avec votre commande, veuillez nous contacter \u00e0 :<\/p>\n<p><\/p>\n<p><\/p>\n<p class=\"wp-block-heading\"><strong>CFT MARITIME OVERSEAS<\/strong><\/p>\n<p>+33 (0) 7 59 92 34 917<br>contact@cftmaritime.com<br>Site internet : www.<a href=\"http:\/\/cftmaritime.com\">cftmaritime.com<\/a><\/p>\n<p><\/p>\n<p>Merci de votre confiance en CFT MARITIME OVERSEAS.<\/p>\n<p><\/p>\t\t\t\t\t\t\t\t<\/div>\n\t\t\t\t<\/div>\n\t\t\t\t\t<\/div>\n\t\t\t\t<\/div>\n\t\t\t\t<\/div>\n\t\t","protected":false},"excerpt":{"rendered":"<p>Chez&nbsp; CFT MARITIME OVERSEAS Nous nous engageons \u00e0 vous offrir une exp\u00e9rience de magasinage exceptionnelle. Si vous n&rsquo;\u00eates pas enti\u00e8rement<\/p>\n","protected":false},"author":1,"featured_media":0,"parent":0,"menu_order":0,"comment_status":"closed","ping_status":"closed","template":"","meta":{"inline_featured_image":false,"footnotes":""},"class_list":["post-5224","page","type-page","status-publish","hentry"],"_links":{"self":[{"href":"https:\/\/cms-euro.com\/index.php?rest_route=\/wp\/v2\/pages\/5224","targetHints":{"allow":["GET"]}}],"collection":[{"href":"https:\/\/cms-euro.com\/index.php?rest_route=\/wp\/v2\/pages"}],"about":[{"href":"https:\/\/cms-euro.com\/index.php?rest_route=\/wp\/v2\/types\/page"}],"author":[{"embeddable":true,"href":"https:\/\/cms-euro.com\/index.php?rest_route=\/wp\/v2\/users\/1"}],"replies":[{"embeddable":true,"href":"https:\/\/cms-euro.com\/index.php?rest_route=%2Fwp%2Fv2%2Fcomments&post=5224"}],"version-history":[{"count":8,"href":"https:\/\/cms-euro.com\/index.php?rest_route=\/wp\/v2\/pages\/5224\/revisions"}],"predecessor-version":[{"id":11995,"href":"https:\/\/cms-euro.com\/index.php?rest_route=\/wp\/v2\/pages\/5224\/revisions\/11995"}],"wp:attachment":[{"href":"https:\/\/cms-euro.com\/index.php?rest_route=%2Fwp%2Fv2%2Fmedia&parent=5224"}],"curies":[{"name":"wp","href":"https:\/\/api.w.org\/{rel}","templated":true}]}}