{"id":5226,"date":"2025-04-04T09:34:08","date_gmt":"2025-04-04T09:34:08","guid":{"rendered":"https:\/\/cftmaritime.com\/?page_id=5226"},"modified":"2025-05-21T22:20:02","modified_gmt":"2025-05-21T22:20:02","slug":"politique-de-paiement","status":"publish","type":"page","link":"https:\/\/cms-euro.com\/?page_id=5226","title":{"rendered":"Politique de paiement"},"content":{"rendered":"\n<p><em>Derni\u00e8re mise \u00e0 jour : 17\/11\/2024<\/em><\/p>\n\n\n\n<p><p>Chez&nbsp;<strong>CFT MARITIME OVERSEAS<\/strong><\/p>\n<p>, nous nous engageons \u00e0 vous offrir une exp\u00e9rience d&rsquo;achat simple et s\u00e9curis\u00e9e. Voici le mode de paiement que nous acceptons :<\/p><\/p>\n\n\n\n<p>1. Mode de paiement accept\u00e9<\/p>\n\n\n\n<p>Nous acceptons les paiements par :<br>&#8211; PayPal<\/p>\n\n\n\n<p><br>2. Processus de paiement<\/p>\n\n\n\n<p>Lors de votre commande, vous serez redirig\u00e9 vers notre passerelle de paiement s\u00e9curis\u00e9e. Vous pourrez ensuite effectuer votre paiement avec PayPal. Suivez simplement les instructions \u00e0 l&rsquo;\u00e9cran pour finaliser votre achat.<\/p>\n\n\n\n<p><br>3. S\u00e9curit\u00e9 des transactions<\/p>\n\n\n\n<p>Nous utilisons des protocoles de s\u00e9curit\u00e9 avanc\u00e9s pour garantir que vos informations de paiement sont prot\u00e9g\u00e9es tout au long du processus d&rsquo;achat.<\/p>\n\n\n\n<p>Coordonn\u00e9es :<\/p>\n\n\n\n<p>Pour toute question ou assistance relative au paiement, veuillez nous contacter :<\/p>\n\n\n\n<p><p><strong>CFT MARITIME OVERSEAS<\/strong><\/p><br><p>+33 (0) 7 59 92 34 917<br>contact@cftmaritime.com<br>Site internet :\u00a0www.<a href=\"http:\/\/cftmaritime.com\">cftmaritime.com<\/a><\/p><\/p>\n\n\n\n<p><p>Nous vous remercions de votre confiance envers <strong>CFT MARITIME OVERSEAS<\/strong><\/p>\n<p>&nbsp;et nous nous engageons \u00e0 vous fournir un service de qualit\u00e9.<\/p><\/p>\n","protected":false},"excerpt":{"rendered":"<p>Derni\u00e8re mise \u00e0 jour : 17\/11\/2024 Chez&nbsp;CFT MARITIME OVERSEAS , nous nous engageons \u00e0 vous offrir une exp\u00e9rience d&rsquo;achat simple<\/p>\n","protected":false},"author":1,"featured_media":0,"parent":0,"menu_order":0,"comment_status":"closed","ping_status":"closed","template":"","meta":{"inline_featured_image":false,"footnotes":""},"class_list":["post-5226","page","type-page","status-publish","hentry"],"_links":{"self":[{"href":"https:\/\/cms-euro.com\/index.php?rest_route=\/wp\/v2\/pages\/5226","targetHints":{"allow":["GET"]}}],"collection":[{"href":"https:\/\/cms-euro.com\/index.php?rest_route=\/wp\/v2\/pages"}],"about":[{"href":"https:\/\/cms-euro.com\/index.php?rest_route=\/wp\/v2\/types\/page"}],"author":[{"embeddable":true,"href":"https:\/\/cms-euro.com\/index.php?rest_route=\/wp\/v2\/users\/1"}],"replies":[{"embeddable":true,"href":"https:\/\/cms-euro.com\/index.php?rest_route=%2Fwp%2Fv2%2Fcomments&post=5226"}],"version-history":[{"count":2,"href":"https:\/\/cms-euro.com\/index.php?rest_route=\/wp\/v2\/pages\/5226\/revisions"}],"predecessor-version":[{"id":11953,"href":"https:\/\/cms-euro.com\/index.php?rest_route=\/wp\/v2\/pages\/5226\/revisions\/11953"}],"wp:attachment":[{"href":"https:\/\/cms-euro.com\/index.php?rest_route=%2Fwp%2Fv2%2Fmedia&parent=5226"}],"curies":[{"name":"wp","href":"https:\/\/api.w.org\/{rel}","templated":true}]}}