{"id":5230,"date":"2025-04-04T09:44:11","date_gmt":"2025-04-04T09:44:11","guid":{"rendered":"https:\/\/cftmaritime.com\/?page_id=5230"},"modified":"2025-05-14T13:07:03","modified_gmt":"2025-05-14T13:07:03","slug":"conditions-generales-de-vente-cgv","status":"publish","type":"page","link":"https:\/\/cms-euro.com\/?page_id=5230","title":{"rendered":"Conditions G\u00e9n\u00e9rales de Vente (CGV)"},"content":{"rendered":"\t\t<div data-elementor-type=\"wp-page\" data-elementor-id=\"5230\" class=\"elementor elementor-5230\">\n\t\t\t\t<div class=\"wd-negative-gap elementor-element elementor-element-4e8daa84 e-flex e-con-boxed e-con e-parent\" data-id=\"4e8daa84\" data-element_type=\"container\">\n\t\t\t\t\t<div class=\"e-con-inner\">\n\t\t\t\t<div class=\"elementor-element elementor-element-3840732e color-scheme-inherit text-left elementor-widget elementor-widget-text-editor\" data-id=\"3840732e\" data-element_type=\"widget\" data-widget_type=\"text-editor.default\">\n\t\t\t\t<div class=\"elementor-widget-container\">\n\t\t\t\t\t\t\t\t\t\n<p><em>Derni\u00e8re mise \u00e0 jour : 17\/11\/2024<\/em><\/p>\n\n<p>Les pr\u00e9sentes Conditions G\u00e9n\u00e9rales de Vente (CGV) r\u00e9gissent les ventes de conteneurs pr\u00e9sent\u00e9s sur le site Internet de CFT MARITIME OVERSEAS. En passant commande sur notre site Internet, vous acceptez ces conditions. Nous vous invitons \u00e0 les lire attentivement.<\/p>\n\n<p>\u200b<\/p>\n\n<p>1. Identification de l\u2019Entreprise<\/p>\n\n<div class=\"elementor-element elementor-element-9ca47da elementor-widget elementor-widget-html\" data-id=\"9ca47da\" data-element_type=\"widget\" data-widget_type=\"html.default\">\n<div class=\"elementor-widget-container\">\n<h5 class=\"title-gallery\">Informations l\u00e9gales<\/h5>\n<div class=\"legal-info\">\n<p><strong>D\u00e9nomination :<\/strong>\u00a0CFT MARITIME OVERSEAS<\/p>\n<p><strong>SIREN :<\/strong>\u00a0814 825 733<\/p>\n<p><strong>SIRET (si\u00e8ge social) :<\/strong>\u00a0814 825 733 00011<\/p>\n<p><strong>Num\u00e9ro de TVA intracommunautaire :<\/strong>\u00a0FR96814825733<\/p>\n<\/div>\n<\/div>\n<\/div>\n<div class=\"elementor-element elementor-element-f80c0c1 elementor-widget elementor-widget-gallery\" data-id=\"f80c0c1\" data-element_type=\"widget\" data-settings=\"{&quot;aspect_ratio&quot;:&quot;1:1&quot;,&quot;columns_mobile&quot;:2,&quot;lazyload&quot;:&quot;yes&quot;,&quot;gallery_layout&quot;:&quot;grid&quot;,&quot;columns&quot;:4,&quot;columns_tablet&quot;:2,&quot;gap&quot;:{&quot;unit&quot;:&quot;px&quot;,&quot;size&quot;:10,&quot;sizes&quot;:[]},&quot;gap_tablet&quot;:{&quot;unit&quot;:&quot;px&quot;,&quot;size&quot;:10,&quot;sizes&quot;:[]},&quot;gap_mobile&quot;:{&quot;unit&quot;:&quot;px&quot;,&quot;size&quot;:10,&quot;sizes&quot;:[]},&quot;link_to&quot;:&quot;file&quot;,&quot;overlay_background&quot;:&quot;yes&quot;,&quot;content_hover_animation&quot;:&quot;fade-in&quot;}\" data-widget_type=\"gallery.default\">\n<div class=\"elementor-widget-container\">\u00a0<\/div>\n<\/div>\n<p>Site h\u00e9berg\u00e9 par : hostiger<\/p>\n\n<p>\u200b<\/p>\n\n<p>2. Produits<\/p>\n\n<p>Les contenants propos\u00e9s \u00e0 la vente sont d\u00e9crits et pr\u00e9sent\u00e9s avec exactitude. Toutefois, des erreurs ou omissions peuvent survenir et nous ne garantissons pas que les descriptions des produits soient toujours exemptes d&rsquo;erreurs.<\/p>\n\n<p>\u200b<\/p>\n\n<p>3. Commandes<\/p>\n\n<ul class=\"wp-block-list\">\n<li>Passation de Commande : Vous pouvez passer commande directement sur notre site web. Pour effectuer une commande, s\u00e9lectionnez les produits souhait\u00e9s, ajoutez-les \u00e0 votre panier, puis suivez le processus de commande en fournissant les informations requises.<\/li>\n\n<li>Heure limite de commande : Les commandes pass\u00e9es apr\u00e8s 15h00 (CET) seront trait\u00e9es le jour ouvrable suivant.<\/li>\n<\/ul>\n\n<p>\u200b<\/p>\n\n<p>4. Traitement des Commandes<\/p>\n\n<ul class=\"wp-block-list\">\n<li>D\u00e9lais de Traitement : Les commandes sont trait\u00e9es dans un d\u00e9lai de 1 \u00e0 2 jours ouvrables (du lundi au vendredi). Ce d\u00e9lai est ind\u00e9pendant du d\u00e9lai de livraison.<\/li>\n<\/ul>\n\n<p>\u200b<\/p>\n\n<p>5. Dur\u00e9e du transit<\/p>\n\n<ul class=\"wp-block-list\">\n<li>Zones de Livraison : France avec un d\u00e9lai de transit de 5 \u00e0 10 jours ouvr\u00e9s.<\/li>\n<\/ul>\n\n<p>\u200b<\/p>\n\n<ul class=\"wp-block-list\">\n<li>Frais de Livraison : Les frais de livraison sont gratuits pour la France et les DOM-TOM. \u00a0<\/li>\n<\/ul>\n\n<p>\u200b<\/p>\n\n<p>6. Prix<\/p>\n\n<p>\u200b<\/p>\n\n<p>Les prix des produits sont indiqu\u00e9s en euros, hors TVA. Nous nous r\u00e9servons le droit de modifier nos prix \u00e0 tout moment, mais les produits seront factur\u00e9s sur la base des tarifs en vigueur au moment de la commande.<\/p>\n\n<p>\u200b<\/p>\n\n<p>7. Paiement<\/p>\n\n<p>Nous acceptons les paiements par PayPal. Vous pouvez choisir votre mode de paiement lors du paiement. Le paiement est s\u00e9curis\u00e9 via la passerelle de paiement de notre partenaire.<\/p>\n\n<p>\u200b<\/p>\n\n<p>8. Droit de R\u00e9tractation<\/p>\n\n<p>Conform\u00e9ment \u00e0 la l\u00e9gislation en vigueur, vous disposez d&rsquo;un d\u00e9lai de 30 jours \u00e0 compter de la r\u00e9ception des produits pour exercer votre droit de r\u00e9tractation. Les produits doivent \u00eatre retourn\u00e9s dans leur \u00e9tat d&rsquo;origine, sans dommage. Pour exercer ce droit, veuillez nous contacter \u00e0 l&rsquo;adresse suivante :\u00a0<a href=\"mailto:contact@cftmaritime.com\">contact@cftmaritime.com<\/a>. Les frais de retour sont \u00e0 votre charge, sauf en cas de produit d\u00e9fectueux ou d&rsquo;erreur de notre part.<\/p>\n\n<p>\u200b<\/p>\n\n<p>9. \u00c9changes et Remboursements<\/p>\n\n<ul class=\"wp-block-list\">\n<li>\u00c9changes : Pour \u00e9changer un produit, retournez-le selon les instructions fournies pour les retours, puis passez une nouvelle commande pour le produit souhait\u00e9.<\/li>\n\n<li>Remboursements : Une fois votre retour re\u00e7u et inspect\u00e9, nous vous informerons de l&rsquo;approbation ou du rejet de votre remboursement. Si votre demande est approuv\u00e9e, votre remboursement sera effectu\u00e9 sur le mode de paiement d&rsquo;origine.<\/li>\n<\/ul>\n\n<p>\u200b<\/p>\n\n<p>10. Responsabilit\u00e9<\/p>\n\n<p>Nous ne pourrons \u00eatre tenus responsables des dommages directs ou indirects r\u00e9sultant de l&rsquo;utilisation de notre site ou de l&rsquo;achat de nos produits. La responsabilit\u00e9 de Nord Box Containers est limit\u00e9e au montant de la commande.<\/p>\n\n<p>\u200b<\/p>\n\n<p>11. Propri\u00e9t\u00e9 Intellectuelle<\/p>\n\n<p>Tous les contenus pr\u00e9sents sur notre site, y compris les textes, images, graphiques, logos, et ic\u00f4nes, sont prot\u00e9g\u00e9s par des droits de propri\u00e9t\u00e9 intellectuelle et sont la propri\u00e9t\u00e9 de Nord Box Containers ou de ses partenaires. Toute reproduction ou utilisation non autoris\u00e9e est interdite.<\/p>\n\n<p>\u200b<\/p>\n\n<p>12. Protection des Donn\u00e9es Personnelles<\/p>\n\n<p>Nous collectons et traitons vos donn\u00e9es personnelles conform\u00e9ment \u00e0 notre Politique de Confidentialit\u00e9. Les informations recueillies sont utilis\u00e9es pour traiter vos commandes et am\u00e9liorer votre exp\u00e9rience d&rsquo;achat.<\/p>\n\n<p>\u200b<\/p>\n\n<p>13. Modifications des Conditions G\u00e9n\u00e9rales de Vente<\/p>\n\n<p>Nous nous r\u00e9servons le droit de modifier les pr\u00e9sentes conditions g\u00e9n\u00e9rales de vente \u00e0 tout moment. Les modifications entreront en vigueur d\u00e8s leur publication sur notre site. Nous vous conseillons de consulter r\u00e9guli\u00e8rement cette page pour prendre connaissance des \u00e9ventuelles modifications.<\/p>\n\n<p>\u200b<\/p>\n\n<p>14. Loi Applicable et Juridiction<\/p>\n\n<p>Les pr\u00e9sentes Conditions G\u00e9n\u00e9rales de Vente sont r\u00e9gies par le droit fran\u00e7ais. Tout litige relatif \u00e0 l\u2019interpr\u00e9tation, la validit\u00e9 ou l\u2019ex\u00e9cution des pr\u00e9sentes CGV sera soumis \u00e0 la comp\u00e9tence exclusive des tribunaux fran\u00e7ais.<\/p>\n\n<p>\u200b\u00a0<\/p>\n\n<p>\u200b\u200b<\/p>\n\n<p>15. Contact<\/p>\n\n<p>Pour toute question relative \u00e0 vos commandes ou \u00e0 nos conditions g\u00e9n\u00e9rales de vente, veuillez nous contacter \u00e0 :<\/p>\n\n<p>\u200b<\/p>\n\n<p>CFT MARITIME OVERSEAS<br \/>T\u00e9l\u00e9phone: 07 59 92 34 917<\/p>\n<p>E-mail : contact@cftmaritime.com<br \/>Site internet : cms-euro.com<\/p>\n\t\t\t\t\t\t\t\t<\/div>\n\t\t\t\t<\/div>\n\t\t\t\t\t<\/div>\n\t\t\t\t<\/div>\n\t\t\t\t<\/div>\n\t\t","protected":false},"excerpt":{"rendered":"<p>Derni\u00e8re mise \u00e0 jour : 17\/11\/2024 Les pr\u00e9sentes Conditions G\u00e9n\u00e9rales de Vente (CGV) r\u00e9gissent les ventes de conteneurs pr\u00e9sent\u00e9s sur<\/p>\n","protected":false},"author":1,"featured_media":0,"parent":0,"menu_order":0,"comment_status":"closed","ping_status":"closed","template":"","meta":{"inline_featured_image":false,"footnotes":""},"class_list":["post-5230","page","type-page","status-publish","hentry"],"_links":{"self":[{"href":"https:\/\/cms-euro.com\/index.php?rest_route=\/wp\/v2\/pages\/5230","targetHints":{"allow":["GET"]}}],"collection":[{"href":"https:\/\/cms-euro.com\/index.php?rest_route=\/wp\/v2\/pages"}],"about":[{"href":"https:\/\/cms-euro.com\/index.php?rest_route=\/wp\/v2\/types\/page"}],"author":[{"embeddable":true,"href":"https:\/\/cms-euro.com\/index.php?rest_route=\/wp\/v2\/users\/1"}],"replies":[{"embeddable":true,"href":"https:\/\/cms-euro.com\/index.php?rest_route=%2Fwp%2Fv2%2Fcomments&post=5230"}],"version-history":[{"count":3,"href":"https:\/\/cms-euro.com\/index.php?rest_route=\/wp\/v2\/pages\/5230\/revisions"}],"predecessor-version":[{"id":11699,"href":"https:\/\/cms-euro.com\/index.php?rest_route=\/wp\/v2\/pages\/5230\/revisions\/11699"}],"wp:attachment":[{"href":"https:\/\/cms-euro.com\/index.php?rest_route=%2Fwp%2Fv2%2Fmedia&parent=5230"}],"curies":[{"name":"wp","href":"https:\/\/api.w.org\/{rel}","templated":true}]}}