{"id":9960,"date":"2025-04-02T10:30:48","date_gmt":"2025-04-02T10:30:48","guid":{"rendered":"https:\/\/cftmaritime.com\/?page_id=3"},"modified":"2025-05-21T22:18:44","modified_gmt":"2025-05-21T22:18:44","slug":"privacy-policy-2","status":"publish","type":"page","link":"https:\/\/cms-euro.com\/?page_id=9960","title":{"rendered":"Politique de confidentialit\u00e9"},"content":{"rendered":"\n<p><em>Derni\u00e8re mise \u00e0 jour : 17\/11\/2024<\/em><\/p>\n\n\n\n<h4 class=\"wp-block-heading\">Introduction<\/h4>\n\n\n\n<p>Cette politique de confidentialit\u00e9 explique comment vos informations personnelles sont collect\u00e9es, utilis\u00e9es et partag\u00e9es lorsque vous visitez ou effectuez un achat sur<a href=\"http:\/\/www.nordconteneurs.com\/\" target=\"_blank\" rel=\"noreferrer noopener\"> cms-euro.com<\/a>.<\/p>\n\n\n\n<p>\u200b<\/p>\n\n\n\n<h4 class=\"wp-block-heading\">Informations Personnelles que Nous Collectons<\/h4>\n\n\n\n<p>Informations sur l&rsquo;Appareil :<br>Lorsque vous visitez le Site, nous collectons automatiquement certaines informations sur votre appareil, notamment des informations sur votre navigateur Web, votre adresse IP, votre fuseau horaire, et certains des cookies install\u00e9s sur votre appareil. De plus, lorsque vous naviguez sur le Site, nous recueillons des informations sur les pages que vous consultez, les sites Web ou les termes de recherche qui vous ont conduit au Site, ainsi que des informations sur la mani\u00e8re dont vous interagissez avec le Site. Nous d\u00e9signons ces informations sous le terme \u00ab Informations sur l&rsquo;Appareil \u00bb.<\/p>\n\n\n\n<p>\u200b<\/p>\n\n\n\n<p>Nous collectons des Informations sur l&rsquo;Appareil \u00e0 l&rsquo;aide des technologies suivantes :<\/p>\n\n\n\n<ul class=\"wp-block-list\">\n<li>Cookies : Fichiers de donn\u00e9es plac\u00e9s sur votre appareil ou ordinateur, souvent accompagn\u00e9s d&rsquo;un identifiant unique anonyme. Pour plus d&rsquo;informations sur les cookies et la mani\u00e8re de les d\u00e9sactiver, visitez allaboutcookies.org.<\/li>\n\n\n\n<li>Fichiers journaux : Suivent les actions sur le Site et collectent des donn\u00e9es telles que votre adresse IP, le type de navigateur, le fournisseur de services Internet, les pages de renvoi\/sortie, et les horodatages.<\/li>\n\n\n\n<li>Balises Web, tags et pixels : Fichiers \u00e9lectroniques utilis\u00e9s pour enregistrer des informations sur la mani\u00e8re dont vous naviguez sur le Site.<\/li>\n<\/ul>\n\n\n\n<p>\u200b<\/p>\n\n\n\n<p>Informations sur la Commande :<br>Lorsque vous effectuez ou tentez d&rsquo;effectuer un achat via le Site, nous collectons certaines informations vous concernant, notamment votre nom, votre adresse de facturation, votre adresse de livraison, vos informations de paiement (y compris les num\u00e9ros de carte de cr\u00e9dit), votre adresse e-mail et votre num\u00e9ro de t\u00e9l\u00e9phone. Nous d\u00e9signons ces informations sous le terme \u00ab Informations sur la Commande \u00bb.<\/p>\n\n\n\n<p>\u200b<\/p>\n\n\n\n<p>Informations Personnelles :<br>Dans cette politique de confidentialit\u00e9, le terme \u00ab Informations personnelles \u00bb fait r\u00e9f\u00e9rence aux Informations sur l&rsquo;Appareil et aux Informations sur la Commande.<\/p>\n\n\n\n<p>\u200b<\/p>\n\n\n\n<h4 class=\"wp-block-heading\">Utilisation de Vos Informations Personnelles<\/h4>\n\n\n\n<p>Nous utilisons les Informations sur la Commande que nous collectons pour :<\/p>\n\n\n\n<ul class=\"wp-block-list\">\n<li>Ex\u00e9cuter les commandes pass\u00e9es sur le Site (traitement des paiements, organisation de l&rsquo;exp\u00e9dition, et envoi des factures et confirmations de commande).<\/li>\n\n\n\n<li>Communiquer avec vous.<\/li>\n\n\n\n<li>Analyser les commandes pour d\u00e9tecter tout risque potentiel ou fraude.<\/li>\n\n\n\n<li>Fournir des informations ou des publicit\u00e9s en fonction de vos pr\u00e9f\u00e9rences.<\/li>\n<\/ul>\n\n\n\n<p>Nous utilisons les Informations sur l&rsquo;Appareil pour :<\/p>\n\n\n\n<ul class=\"wp-block-list\">\n<li>D\u00e9tecter les risques potentiels et pr\u00e9venir les fraudes.<\/li>\n\n\n\n<li>Am\u00e9liorer et optimiser notre Site (par exemple, en analysant la mani\u00e8re dont nos clients naviguent et interagissent avec le Site).<\/li>\n\n\n\n<li>\u00c9valuer l&rsquo;efficacit\u00e9 de nos campagnes marketing et publicitaires.<\/li>\n<\/ul>\n\n\n\n<p>\u200b<\/p>\n\n\n\n<h4 class=\"wp-block-heading\">Partage de Vos Informations Personnelles<\/h4>\n\n\n\n<p>Nous partageons vos Informations personnelles avec des tiers pour nous aider \u00e0 les utiliser comme d\u00e9crit ci-dessus. Par exemple, nous utilisons Google Analytics pour comprendre comment nos clients utilisent le Site. Pour en savoir plus sur l&rsquo;utilisation de vos Informations personnelles par Google, consultez Google Privacy Policy. Vous pouvez d\u00e9sactiver Google Analytics en visitant Google Analytics Opt-out.<\/p>\n\n\n\n<p>Nous pouvons \u00e9galement partager vos Informations personnelles pour nous conformer aux lois et r\u00e9glementations, pour r\u00e9pondre \u00e0 une assignation \u00e0 compara\u00eetre, \u00e0 un mandat de perquisition ou \u00e0 d&rsquo;autres demandes l\u00e9gales, ou pour prot\u00e9ger nos droits.<\/p>\n\n\n\n<p>\u200b<\/p>\n\n\n\n<h4 class=\"wp-block-heading\">Publicit\u00e9 Comportementale<\/h4>\n\n\n\n<p>Nous utilisons vos Informations personnelles pour vous proposer des publicit\u00e9s cibl\u00e9es ou des communications marketing qui pourraient vous int\u00e9resser. Pour en savoir plus sur la publicit\u00e9 cibl\u00e9e, consultez la NAI\u2019s Educational Page.<\/p>\n\n\n\n<p>Vous pouvez d\u00e9sactiver la publicit\u00e9 cibl\u00e9e via les liens suivants :<\/p>\n\n\n\n<ul class=\"wp-block-list\">\n<li>Facebook<\/li>\n\n\n\n<li>Google<\/li>\n\n\n\n<li>Bing<\/li>\n<\/ul>\n\n\n\n<p>\u200b<\/p>\n\n\n\n<p>Vous pouvez \u00e9galement d\u00e9sactiver certains de ces services en visitant le DAA opt-out portal.<\/p>\n\n\n\n<p>\u200b<\/p>\n\n\n\n<h4 class=\"wp-block-heading\">Ne Pas Suivre<\/h4>\n\n\n\n<p>Veuillez noter que nous ne modifions pas nos pratiques de collecte et d&rsquo;utilisation des donn\u00e9es lorsque nous recevons un signal \u00ab Ne pas suivre \u00bb de votre navigateur.<\/p>\n\n\n\n<p>\u200b<\/p>\n\n\n\n<h4 class=\"wp-block-heading\">Vos Droits<\/h4>\n\n\n\n<p>Si vous \u00eates r\u00e9sident europ\u00e9en, vous avez le droit d&rsquo;acc\u00e9der aux Informations personnelles que nous d\u00e9tenons \u00e0 votre sujet et de demander leur correction, mise \u00e0 jour ou suppression. Si vous souhaitez exercer ce droit, veuillez nous contacter via les coordonn\u00e9es ci-dessous.<\/p>\n\n\n\n<p>Notez que vos informations peuvent \u00eatre transf\u00e9r\u00e9es en dehors de l&rsquo;Europe, notamment au Canada et aux \u00c9tats-Unis.<\/p>\n\n\n\n<p>\u200b<\/p>\n\n\n\n<h4 class=\"wp-block-heading\">Conservation des Donn\u00e9es<\/h4>\n\n\n\n<p>Nous conserverons vos Informations de commande pour nos archives, sauf si et jusqu&rsquo;\u00e0 ce que vous nous demandiez de les supprimer.<\/p>\n\n\n\n<p>\u200b<\/p>\n\n\n\n<h4 class=\"wp-block-heading\">Modifications<\/h4>\n\n\n\n<p>Nous pouvons mettre \u00e0 jour cette politique de confidentialit\u00e9 de temps en temps pour refl\u00e9ter les changements dans nos pratiques ou pour d&rsquo;autres raisons op\u00e9rationnelles, l\u00e9gales ou r\u00e9glementaires.<\/p>\n\n\n\n<p>\u200b<\/p>\n\n\n\n<h4 class=\"wp-block-heading\">Contactez-Nous<\/h4>\n\n\n\n<p>Pour plus d&rsquo;informations sur nos pratiques de confidentialit\u00e9, ou si vous avez des questions ou souhaitez d\u00e9poser une plainte, veuillez nous contacter \u00e0 :<\/p>\n\n\n\n<p>\u200b<\/p>\n\n\n\n<p>CFT MARITIME OVERSEAS<br>+33 (0) 7 59 92 34 917<\/p>\n\n\n\n<p>contact@cftmaritime.com<\/p>\n\n\n\n<p><\/p>\n","protected":false},"excerpt":{"rendered":"<p>Derni\u00e8re mise \u00e0 jour : 17\/11\/2024 Introduction Cette politique de confidentialit\u00e9 explique comment vos informations personnelles sont collect\u00e9es, utilis\u00e9es et<\/p>\n","protected":false},"author":1,"featured_media":0,"parent":0,"menu_order":0,"comment_status":"closed","ping_status":"open","template":"","meta":{"inline_featured_image":false,"footnotes":""},"class_list":["post-9960","page","type-page","status-publish","hentry"],"_links":{"self":[{"href":"https:\/\/cms-euro.com\/index.php?rest_route=\/wp\/v2\/pages\/9960","targetHints":{"allow":["GET"]}}],"collection":[{"href":"https:\/\/cms-euro.com\/index.php?rest_route=\/wp\/v2\/pages"}],"about":[{"href":"https:\/\/cms-euro.com\/index.php?rest_route=\/wp\/v2\/types\/page"}],"author":[{"embeddable":true,"href":"https:\/\/cms-euro.com\/index.php?rest_route=\/wp\/v2\/users\/1"}],"replies":[{"embeddable":true,"href":"https:\/\/cms-euro.com\/index.php?rest_route=%2Fwp%2Fv2%2Fcomments&post=9960"}],"version-history":[{"count":2,"href":"https:\/\/cms-euro.com\/index.php?rest_route=\/wp\/v2\/pages\/9960\/revisions"}],"predecessor-version":[{"id":11951,"href":"https:\/\/cms-euro.com\/index.php?rest_route=\/wp\/v2\/pages\/9960\/revisions\/11951"}],"wp:attachment":[{"href":"https:\/\/cms-euro.com\/index.php?rest_route=%2Fwp%2Fv2%2Fmedia&parent=9960"}],"curies":[{"name":"wp","href":"https:\/\/api.w.org\/{rel}","templated":true}]}}