{"id":10087,"date":"2025-05-08T11:40:36","date_gmt":"2025-05-08T11:40:36","guid":{"rendered":"https:\/\/cms-euro.com\/?post_type=product&#038;p=10087"},"modified":"2025-05-08T11:40:40","modified_gmt":"2025-05-08T11:40:40","slug":"remorque-double-pour-chevaux-ifor-williams-hb506-graphite","status":"publish","type":"product","link":"https:\/\/cms-euro.com\/?product=remorque-double-pour-chevaux-ifor-williams-hb506-graphite","title":{"rendered":"Remorque double pour chevaux Ifor Williams HB506 &#8211; Graphite"},"content":{"rendered":"","protected":false},"excerpt":{"rendered":"<p><strong>Remorque \u00e0 fourgon simple Ifor Williams HB506<\/strong>\u00a0.\u00a0Pouvant accueillir jusqu&rsquo;\u00e0 deux chevaux, l&rsquo;\u00a0<strong>Ifor Williams HB506<\/strong>\u00a0accueille des chevaux jusqu&rsquo;\u00e0 16,2 hh.\u00a0En standard,\u00a0<strong>les remorques doubles Ifor Williams<\/strong>\u00a0sont \u00e9quip\u00e9es d&rsquo;une grande fen\u00eatre d&rsquo;inspection sur le panneau avant, ce qui permet de mieux voir \u00e0 l&rsquo;int\u00e9rieur de la remorque pendant le transport, tout en laissant entrer beaucoup plus de lumi\u00e8re du jour dans la remorque.\u00a0Un syst\u00e8me complet de s\u00e9paration centrale est \u00e9galement une caract\u00e9ristique standard de la\u00a0<strong>remorque double pour chevaux Ifor Williams HB506<\/strong>\u00a0.\u00a0&#8211; Cela peut \u00eatre facilement retir\u00e9, cr\u00e9ant ainsi un espace beaucoup plus grand pour transporter un seul cheval seul ou \u00eatre utilis\u00e9 pour transporter des marchandises g\u00e9n\u00e9rales.<\/p>\n","protected":false},"featured_media":10122,"comment_status":"closed","ping_status":"closed","template":"","meta":{"inline_featured_image":false},"product_brand":[],"product_cat":[105],"product_tag":[],"class_list":{"0":"post-10087","1":"product","2":"type-product","3":"status-publish","4":"has-post-thumbnail","6":"product_cat-remorques","8":"first","9":"instock","10":"taxable","11":"shipping-taxable","12":"product-type-simple"},"_links":{"self":[{"href":"https:\/\/cms-euro.com\/index.php?rest_route=\/wp\/v2\/product\/10087","targetHints":{"allow":["GET"]}}],"collection":[{"href":"https:\/\/cms-euro.com\/index.php?rest_route=\/wp\/v2\/product"}],"about":[{"href":"https:\/\/cms-euro.com\/index.php?rest_route=\/wp\/v2\/types\/product"}],"replies":[{"embeddable":true,"href":"https:\/\/cms-euro.com\/index.php?rest_route=%2Fwp%2Fv2%2Fcomments&post=10087"}],"version-history":[{"count":0,"href":"https:\/\/cms-euro.com\/index.php?rest_route=\/wp\/v2\/product\/10087\/revisions"}],"wp:featuredmedia":[{"embeddable":true,"href":"https:\/\/cms-euro.com\/index.php?rest_route=\/wp\/v2\/media\/10122"}],"wp:attachment":[{"href":"https:\/\/cms-euro.com\/index.php?rest_route=%2Fwp%2Fv2%2Fmedia&parent=10087"}],"wp:term":[{"taxonomy":"product_brand","embeddable":true,"href":"https:\/\/cms-euro.com\/index.php?rest_route=%2Fwp%2Fv2%2Fproduct_brand&post=10087"},{"taxonomy":"product_cat","embeddable":true,"href":"https:\/\/cms-euro.com\/index.php?rest_route=%2Fwp%2Fv2%2Fproduct_cat&post=10087"},{"taxonomy":"product_tag","embeddable":true,"href":"https:\/\/cms-euro.com\/index.php?rest_route=%2Fwp%2Fv2%2Fproduct_tag&post=10087"}],"curies":[{"name":"wp","href":"https:\/\/api.w.org\/{rel}","templated":true}]}}