{"id":10089,"date":"2025-05-08T11:40:36","date_gmt":"2025-05-08T11:40:36","guid":{"rendered":"https:\/\/cms-euro.com\/?post_type=product&#038;p=10089"},"modified":"2025-05-08T11:40:45","modified_gmt":"2025-05-08T11:40:45","slug":"ifor-williams-hbx-403-1-5-places","status":"publish","type":"product","link":"https:\/\/cms-euro.com\/?product=ifor-williams-hbx-403-1-5-places","title":{"rendered":"Ifor Williams \u2013 HBX 403 \u2013 1.5 places"},"content":{"rendered":"","protected":false},"excerpt":{"rendered":"<p>VAN \u00c0 CHEVAUX 1 PLACE ET DEMIE &#8211; IFOR WILLIAMS &#8211; HBX403 &#8211; 1 PLACE 1\/2 &#8211;<\/p>\n<p>est le van haut de gamme de Ifor WILLIAMS. Le HBX 403 transportera vos chevaux dans un grand confort. LE hbX 403 poss\u00e8de de nombreuses options possibles, cam\u00e9ras, auvent, b\u00e9quilles&#8230;<\/p>\n","protected":false},"featured_media":10136,"comment_status":"open","ping_status":"closed","template":"","meta":{"inline_featured_image":false},"product_brand":[],"product_cat":[105],"product_tag":[],"class_list":{"0":"post-10089","1":"product","2":"type-product","3":"status-publish","4":"has-post-thumbnail","6":"product_cat-remorques","8":"first","9":"instock","10":"product-type-simple"},"_links":{"self":[{"href":"https:\/\/cms-euro.com\/index.php?rest_route=\/wp\/v2\/product\/10089","targetHints":{"allow":["GET"]}}],"collection":[{"href":"https:\/\/cms-euro.com\/index.php?rest_route=\/wp\/v2\/product"}],"about":[{"href":"https:\/\/cms-euro.com\/index.php?rest_route=\/wp\/v2\/types\/product"}],"replies":[{"embeddable":true,"href":"https:\/\/cms-euro.com\/index.php?rest_route=%2Fwp%2Fv2%2Fcomments&post=10089"}],"version-history":[{"count":0,"href":"https:\/\/cms-euro.com\/index.php?rest_route=\/wp\/v2\/product\/10089\/revisions"}],"wp:featuredmedia":[{"embeddable":true,"href":"https:\/\/cms-euro.com\/index.php?rest_route=\/wp\/v2\/media\/10136"}],"wp:attachment":[{"href":"https:\/\/cms-euro.com\/index.php?rest_route=%2Fwp%2Fv2%2Fmedia&parent=10089"}],"wp:term":[{"taxonomy":"product_brand","embeddable":true,"href":"https:\/\/cms-euro.com\/index.php?rest_route=%2Fwp%2Fv2%2Fproduct_brand&post=10089"},{"taxonomy":"product_cat","embeddable":true,"href":"https:\/\/cms-euro.com\/index.php?rest_route=%2Fwp%2Fv2%2Fproduct_cat&post=10089"},{"taxonomy":"product_tag","embeddable":true,"href":"https:\/\/cms-euro.com\/index.php?rest_route=%2Fwp%2Fv2%2Fproduct_tag&post=10089"}],"curies":[{"name":"wp","href":"https:\/\/api.w.org\/{rel}","templated":true}]}}