{"id":10098,"date":"2025-05-08T11:40:36","date_gmt":"2025-05-08T11:40:36","guid":{"rendered":"https:\/\/cms-euro.com\/?post_type=product&#038;p=10098"},"modified":"2025-05-08T11:41:12","modified_gmt":"2025-05-08T11:41:12","slug":"swift-ardennes-coastal-1000-2","status":"publish","type":"product","link":"https:\/\/cms-euro.com\/?product=swift-ardennes-coastal-1000-2","title":{"rendered":"Swift Ardennes Coastal 1000\/2"},"content":{"rendered":"<ul>\n<li>\n<ul>\n<li>Options de base<\/li>\n<li>\u00a0Hotte aspirante<\/li>\n<li>\u00a0Toilettes s\u00e9par\u00e9es<\/li>\n<li>\u00a0Lampe d&rsquo;ext\u00e9rieur<\/li>\n<li>\u00a0Chauffage central<\/li>\n<li>\u00a0Plancher de vinyle complet<\/li>\n<li>\u00a0Double vitrage<\/li>\n<li>\u00a0Salle de bains\/toilette attenante<\/li>\n<li>\u00a0Isolation suppl\u00e9mentaire<\/li>\n<li>\u00a0Rideaux<\/li>\n<li>\u00a0Ch\u00e2ssis galvanis\u00e9<\/li>\n<li>\u00a0Combinaison r\u00e9frig\u00e9rateur\/cong\u00e9lateur int\u00e9gr\u00e9e 70\/30<\/li>\n<li>\u00a0Encadrements de fen\u00eatres en PVC<\/li>\n<li>\u00a0Goutti\u00e8res en PVC avec tuyaux d&rsquo;\u00e9vacuation<\/li>\n<li>\u00a0Cuisini\u00e8re de luxe avec four \/ gril inclus<\/li>\n<li>\u00a0Micro-ondes<\/li>\n<li>\u00a0Tables de chevet<\/li>\n<li>\u00a0Toit en tuiles d&rsquo;acier<\/li>\n<li>\u00a0Plaque de cuisson 4 feux<\/li>\n<li>\u00a0Canap\u00e9-lit dans le salon<\/li>\n<li>\u00a0Connexion TV<\/li>\n<li>\u00a0Plafond pointu<\/li>\n<li>\u00a0Table basse de salon<\/li>\n<li>\u00a0Panneau chauffant dans la chambre \u00e0 coucher ou la salle de bain<\/li>\n<li>\u00a0Canap\u00e9 d&rsquo;angle<\/li>\n<li>\u00a0La cuisine en U<\/li>\n<li>\u00a0D\u00e9tecteur de fum\u00e9e<\/li>\n<li>\u00a0TV-aansluiting in slaapkamer<\/li>\n<\/ul>\n<\/li>\n<\/ul>\n<p>&nbsp;<\/p>\n<ul>\n<li>\n<ul>\n<li>Options appliqu\u00e9es<\/li>\n<li>\u00a0Porte(s) patio<\/li>\n<li>\u00a0Table et\/ou chaises autoportantes<\/li>\n<li>\u00a0Transport jusqu&rsquo;\u00e0 la c\u00f4te belge et la connexion<\/li>\n<\/ul>\n<\/li>\n<li>\n<ul>\n<li>Options possibles<\/li>\n<li>\u00a0Climatisation<\/li>\n<\/ul>\n<\/li>\n<\/ul>\n","protected":false},"excerpt":{"rendered":"<ul>\n<li style=\"list-style-type: none;\">\n<ul>\n<li>Les Ardennes de Swift sont vraiment \u00e9tonnantes. Ce Swift poss\u00e8de une belle cuisine en U avec une cuisini\u00e8re de luxe. Le salon dispose d&rsquo;un grand canap\u00e9 d&rsquo;angle et d&rsquo;une chemin\u00e9e \u00e9lectrique. La grande chambre dispose d&rsquo;une toilette s\u00e9par\u00e9e et de 2 grandes armoires.<\/li>\n<\/ul>\n<\/li>\n<\/ul>\n","protected":false},"featured_media":10228,"comment_status":"closed","ping_status":"closed","template":"","meta":{"inline_featured_image":false},"product_brand":[],"product_cat":[121,122],"product_tag":[],"class_list":{"0":"post-10098","1":"product","2":"type-product","3":"status-publish","4":"has-post-thumbnail","6":"product_cat-accessories","7":"product_cat-mobil-homes","9":"first","10":"instock","11":"sale","12":"taxable","13":"shipping-taxable","14":"product-type-simple"},"_links":{"self":[{"href":"https:\/\/cms-euro.com\/index.php?rest_route=\/wp\/v2\/product\/10098","targetHints":{"allow":["GET"]}}],"collection":[{"href":"https:\/\/cms-euro.com\/index.php?rest_route=\/wp\/v2\/product"}],"about":[{"href":"https:\/\/cms-euro.com\/index.php?rest_route=\/wp\/v2\/types\/product"}],"replies":[{"embeddable":true,"href":"https:\/\/cms-euro.com\/index.php?rest_route=%2Fwp%2Fv2%2Fcomments&post=10098"}],"version-history":[{"count":0,"href":"https:\/\/cms-euro.com\/index.php?rest_route=\/wp\/v2\/product\/10098\/revisions"}],"wp:featuredmedia":[{"embeddable":true,"href":"https:\/\/cms-euro.com\/index.php?rest_route=\/wp\/v2\/media\/10228"}],"wp:attachment":[{"href":"https:\/\/cms-euro.com\/index.php?rest_route=%2Fwp%2Fv2%2Fmedia&parent=10098"}],"wp:term":[{"taxonomy":"product_brand","embeddable":true,"href":"https:\/\/cms-euro.com\/index.php?rest_route=%2Fwp%2Fv2%2Fproduct_brand&post=10098"},{"taxonomy":"product_cat","embeddable":true,"href":"https:\/\/cms-euro.com\/index.php?rest_route=%2Fwp%2Fv2%2Fproduct_cat&post=10098"},{"taxonomy":"product_tag","embeddable":true,"href":"https:\/\/cms-euro.com\/index.php?rest_route=%2Fwp%2Fv2%2Fproduct_tag&post=10098"}],"curies":[{"name":"wp","href":"https:\/\/api.w.org\/{rel}","templated":true}]}}