{"id":10100,"date":"2025-05-08T11:40:36","date_gmt":"2025-05-08T11:40:36","guid":{"rendered":"https:\/\/cms-euro.com\/?post_type=product&#038;p=10100"},"modified":"2025-05-08T11:41:23","modified_gmt":"2025-05-08T11:41:23","slug":"willerby-lumic-1000-2","status":"publish","type":"product","link":"https:\/\/cms-euro.com\/?product=willerby-lumic-1000-2","title":{"rendered":"Willerby Lumic 1000\/2"},"content":{"rendered":"<p>Con\u00e7u par De Bergjes, construit par Willerby ! Le Willerby Lumic est notre tout dernier mod\u00e8le dans notre vaste gamme de mobil-homes, dont nous pouvons \u00eatre tr\u00e8s fiers !<\/p>\n<p>Nous ne sommes pas seulement fiers du mod\u00e8le et de son prix extr\u00eamement attractif, le nom a aussi une signification particuli\u00e8re pour nous ! Le nom &lsquo;Lumic&rsquo; est une combinaison de Luc (chauffeur de camion) et de Michel (technicien de service). Les deux hommes travaillent depuis 12,5 ans chez De Bergjes Chalets et Caravans. \u00c0 l&rsquo;occasion du 12,5e anniversaire de Luc et Michel, nous avons donn\u00e9 leur nom \u00e0 ce mod\u00e8le.<\/p>\n<p>Si vous optez pour le pack de meubles Willerby Lumic, vous recevrez des rideaux gris dans les chambres \u00e0 coucher, des rideaux color\u00e9s dans le salon, une table \u00e0 manger avec 4 chaises, un canap\u00e9-lit, un tabouret, un meuble TV et une table basse.<\/p>\n","protected":false},"excerpt":{"rendered":"<p>Willerby Lumic<br \/>\nDimensions:1000 x 370<br \/>\nChambres \u00e0 coucher:2<\/p>\n<p>\u00c9quipement de base<br \/>\nhotte<br \/>\nLumi\u00e8re ext\u00e9rieure<br \/>\nChauffage central<br \/>\nSol enti\u00e8rement PVC<br \/>\nDouble vitrage<br \/>\nLit facile \u00e0 soulever pour un espace de rangement suppl\u00e9mentaire<br \/>\nRideaux<br \/>\nCombin\u00e9 r\u00e9frig\u00e9rateur\/cong\u00e9lateur int\u00e9gr\u00e9 70\/30<br \/>\nCh\u00e2ssis en plastique<br \/>\nBardage ext\u00e9rieur en plastique<br \/>\nGoutti\u00e8res en plastique avec tuyaux de drainage<br \/>\nTables de nuit<br \/>\nToit en tuiles<br \/>\nplaque de cuisson 4 feux<br \/>\nPortes-fen\u00eatres)<br \/>\nConnexion TV<br \/>\nCouverture en dentelle<br \/>\nC\u00e2bles isol\u00e9s<br \/>\nMeubles de salle de bains luxueux<br \/>\nd\u00e9tecteur de fum\u00e9e<br \/>\noptions possibles<br \/>\nEnti\u00e8rement meubl\u00e9<br \/>\nmoustiquaire<br \/>\nlave-vaisselle<br \/>\nBranchement machine \u00e0 laver<br \/>\nNorme de gaz\u00a0 (50mbar)<\/p>\n","protected":false},"featured_media":10246,"comment_status":"closed","ping_status":"closed","template":"","meta":{"inline_featured_image":false},"product_brand":[],"product_cat":[122],"product_tag":[],"class_list":{"0":"post-10100","1":"product","2":"type-product","3":"status-publish","4":"has-post-thumbnail","6":"product_cat-mobil-homes","8":"first","9":"instock","10":"sale","11":"taxable","12":"shipping-taxable","13":"product-type-simple"},"_links":{"self":[{"href":"https:\/\/cms-euro.com\/index.php?rest_route=\/wp\/v2\/product\/10100","targetHints":{"allow":["GET"]}}],"collection":[{"href":"https:\/\/cms-euro.com\/index.php?rest_route=\/wp\/v2\/product"}],"about":[{"href":"https:\/\/cms-euro.com\/index.php?rest_route=\/wp\/v2\/types\/product"}],"replies":[{"embeddable":true,"href":"https:\/\/cms-euro.com\/index.php?rest_route=%2Fwp%2Fv2%2Fcomments&post=10100"}],"version-history":[{"count":0,"href":"https:\/\/cms-euro.com\/index.php?rest_route=\/wp\/v2\/product\/10100\/revisions"}],"wp:featuredmedia":[{"embeddable":true,"href":"https:\/\/cms-euro.com\/index.php?rest_route=\/wp\/v2\/media\/10246"}],"wp:attachment":[{"href":"https:\/\/cms-euro.com\/index.php?rest_route=%2Fwp%2Fv2%2Fmedia&parent=10100"}],"wp:term":[{"taxonomy":"product_brand","embeddable":true,"href":"https:\/\/cms-euro.com\/index.php?rest_route=%2Fwp%2Fv2%2Fproduct_brand&post=10100"},{"taxonomy":"product_cat","embeddable":true,"href":"https:\/\/cms-euro.com\/index.php?rest_route=%2Fwp%2Fv2%2Fproduct_cat&post=10100"},{"taxonomy":"product_tag","embeddable":true,"href":"https:\/\/cms-euro.com\/index.php?rest_route=%2Fwp%2Fv2%2Fproduct_tag&post=10100"}],"curies":[{"name":"wp","href":"https:\/\/api.w.org\/{rel}","templated":true}]}}