{"id":10101,"date":"2025-05-08T11:40:36","date_gmt":"2025-05-08T11:40:36","guid":{"rendered":"https:\/\/cms-euro.com\/?post_type=product&#038;p=10101"},"modified":"2025-05-08T11:41:34","modified_gmt":"2025-05-08T11:41:34","slug":"les-montagnes-woodridge","status":"publish","type":"product","link":"https:\/\/cms-euro.com\/?product=les-montagnes-woodridge","title":{"rendered":"Les montagnes Woodridge"},"content":{"rendered":"<p>Notre mod\u00e8le le plus r\u00e9cent et le plus innovant est le WoodRidge.<\/p>\n<p>Les dimensions spacieuses de ce mod\u00e8le, 1400&#215;450 (63m2), nous ont offert de nombreuses possibilit\u00e9s. Son aspect, sa composition unique, ses d\u00e9tails caract\u00e9ristiques et sa construction innovante font secr\u00e8tement de ce mod\u00e8le l&rsquo;un de nos favoris.<\/p>\n","protected":false},"excerpt":{"rendered":"<p>Les montagnes Woodridge<br \/>\nDimensions:1400 x 450<br \/>\nChambres \u00e0 coucher:2<\/p>\n<p>Ext\u00e9rieur<br \/>\nTerrasse int\u00e9gr\u00e9e<br \/>\nSpot ext\u00e9rieur<br \/>\nIsolation de haute qualit\u00e9<br \/>\nToiture en pente avec palplanches<br \/>\nBardage ext\u00e9rieur en bois<br \/>\nCadres de fen\u00eatres en aluminium noir<br \/>\nAm\u00e9nagement int\u00e9rieur<br \/>\nRev\u00eatement de sol complet en vinyle<br \/>\nSpots LED<br \/>\nConnexion TV<br \/>\nChauffage central<br \/>\nCuisine<br \/>\nCombin\u00e9 r\u00e9frig\u00e9rateur-cong\u00e9lateur int\u00e9gr\u00e9<br \/>\nExtracteur<br \/>\nSyst\u00e8me de fermeture douce<br \/>\nPlaque de cuisson gaz 4 feux<br \/>\nchambre \u00e0 coucher<br \/>\nLits \u00e0 sommier tapissier<br \/>\nArmoire \u00e0 portes battantes<br \/>\nPlacards muraux<br \/>\nsalle de bain<br \/>\nCabine de douche large<\/p>\n","protected":false},"featured_media":10260,"comment_status":"closed","ping_status":"closed","template":"","meta":{"inline_featured_image":false},"product_brand":[],"product_cat":[122],"product_tag":[],"class_list":{"0":"post-10101","1":"product","2":"type-product","3":"status-publish","4":"has-post-thumbnail","6":"product_cat-mobil-homes","8":"first","9":"instock","10":"sale","11":"product-type-simple"},"_links":{"self":[{"href":"https:\/\/cms-euro.com\/index.php?rest_route=\/wp\/v2\/product\/10101","targetHints":{"allow":["GET"]}}],"collection":[{"href":"https:\/\/cms-euro.com\/index.php?rest_route=\/wp\/v2\/product"}],"about":[{"href":"https:\/\/cms-euro.com\/index.php?rest_route=\/wp\/v2\/types\/product"}],"replies":[{"embeddable":true,"href":"https:\/\/cms-euro.com\/index.php?rest_route=%2Fwp%2Fv2%2Fcomments&post=10101"}],"version-history":[{"count":0,"href":"https:\/\/cms-euro.com\/index.php?rest_route=\/wp\/v2\/product\/10101\/revisions"}],"wp:featuredmedia":[{"embeddable":true,"href":"https:\/\/cms-euro.com\/index.php?rest_route=\/wp\/v2\/media\/10260"}],"wp:attachment":[{"href":"https:\/\/cms-euro.com\/index.php?rest_route=%2Fwp%2Fv2%2Fmedia&parent=10101"}],"wp:term":[{"taxonomy":"product_brand","embeddable":true,"href":"https:\/\/cms-euro.com\/index.php?rest_route=%2Fwp%2Fv2%2Fproduct_brand&post=10101"},{"taxonomy":"product_cat","embeddable":true,"href":"https:\/\/cms-euro.com\/index.php?rest_route=%2Fwp%2Fv2%2Fproduct_cat&post=10101"},{"taxonomy":"product_tag","embeddable":true,"href":"https:\/\/cms-euro.com\/index.php?rest_route=%2Fwp%2Fv2%2Fproduct_tag&post=10101"}],"curies":[{"name":"wp","href":"https:\/\/api.w.org\/{rel}","templated":true}]}}