{"id":10102,"date":"2025-05-08T11:40:36","date_gmt":"2025-05-08T11:40:36","guid":{"rendered":"https:\/\/cms-euro.com\/?post_type=product&#038;p=10102"},"modified":"2025-05-08T11:41:51","modified_gmt":"2025-05-08T11:41:51","slug":"le-rushmore-des-montagnes","status":"publish","type":"product","link":"https:\/\/cms-euro.com\/?product=le-rushmore-des-montagnes","title":{"rendered":"Le Rushmore des montagnes"},"content":{"rendered":"<ul>\n<li><span id=\"js_chalet_brand\">De Bergjes <\/span><span id=\"js_chalet_type\">Rushmore<\/span><\/li>\n<li>Dimensions:1350 x 375\/420<\/li>\n<li>Chambres \u00e0 coucher:2\n<ul>Ext\u00e9rieur<\/p>\n<li>\u00a0Toit en pentec\u00f4te<\/li>\n<li>\u00a0Terrasse int\u00e9gr\u00e9e<\/li>\n<li>\u00a0Spots d&rsquo;ext\u00e9rieur<\/li>\n<li>\u00a0Isolation de haute qualit\u00e9<\/li>\n<li>\u00a0Rev\u00eatement ext\u00e9rieur en plastique<\/li>\n<li>\u00a0Cadres de fen\u00eatre en PVC anthracite<\/li>\n<li>\u00a0Porte coulissante<\/li>\n<\/ul>\n<ul>Finition int\u00e9rieure<\/p>\n<li>\u00a0Rev\u00eatement de sol en vinyle complet<\/li>\n<li>\u00a0Spots LED<\/li>\n<li>\u00a0Connexion TV<\/li>\n<li>\u00a0Chauffage central<\/li>\n<li>\u00a0Glycol<\/li>\n<\/ul>\n<ul>Cuisine<\/p>\n<li>\u00a0R\u00e9frig\u00e9rateur int\u00e9gr\u00e9 avec compartiment cong\u00e9lateur<\/li>\n<li>\u00a0Extracteur<\/li>\n<li>\u00a0Plaque de cuisson \u00e0 induction<\/li>\n<li>\u00a0Syst\u00e8me Soft-close<\/li>\n<\/ul>\n<ul>Chambre<\/p>\n<li>\u00a0Lits Boxspring<\/li>\n<li>\u00a0Armoire \u00e0 portes battantes<\/li>\n<li>\u00a0Armoires suspendues<\/li>\n<\/ul>\n<ul>Salle de bains<\/p>\n<li>\u00a0Set de douche de luxe<\/li>\n<li>\u00a0Toilettes suspendues<\/li>\n<li>\u00a0Radiateur de conception<\/li>\n<\/ul>\n<\/li>\n<\/ul>\n","protected":false},"excerpt":{"rendered":"<p>Notre gamme De Bergjes a de nouveau \u00e9t\u00e9 \u00e9tendue. Cette fois avec cette belle De Bergjes Rushmore !\u00a0Le Rushmore se caract\u00e9rise par ses couleurs modernes, ses formes uniques et sa v\u00e9randa int\u00e9gr\u00e9e \u00e0 parois \u00e0 lamelles mobiles. De plus, ce mod\u00e8le dispose d&rsquo;une disposition tr\u00e8s astucieuse, d&rsquo;options tr\u00e8s luxueuses, d&rsquo;une salle de bain extra large et d&rsquo;une cuisine enti\u00e8rement \u00e9quip\u00e9e. La v\u00e9randa fixe relie les espaces int\u00e9rieurs et ext\u00e9rieurs.<\/p>\n","protected":false},"featured_media":10271,"comment_status":"closed","ping_status":"closed","template":"","meta":{"inline_featured_image":false},"product_brand":[],"product_cat":[122],"product_tag":[],"class_list":{"0":"post-10102","1":"product","2":"type-product","3":"status-publish","4":"has-post-thumbnail","6":"product_cat-mobil-homes","8":"first","9":"instock","10":"sale","11":"taxable","12":"shipping-taxable","13":"product-type-simple"},"_links":{"self":[{"href":"https:\/\/cms-euro.com\/index.php?rest_route=\/wp\/v2\/product\/10102","targetHints":{"allow":["GET"]}}],"collection":[{"href":"https:\/\/cms-euro.com\/index.php?rest_route=\/wp\/v2\/product"}],"about":[{"href":"https:\/\/cms-euro.com\/index.php?rest_route=\/wp\/v2\/types\/product"}],"replies":[{"embeddable":true,"href":"https:\/\/cms-euro.com\/index.php?rest_route=%2Fwp%2Fv2%2Fcomments&post=10102"}],"version-history":[{"count":0,"href":"https:\/\/cms-euro.com\/index.php?rest_route=\/wp\/v2\/product\/10102\/revisions"}],"wp:featuredmedia":[{"embeddable":true,"href":"https:\/\/cms-euro.com\/index.php?rest_route=\/wp\/v2\/media\/10271"}],"wp:attachment":[{"href":"https:\/\/cms-euro.com\/index.php?rest_route=%2Fwp%2Fv2%2Fmedia&parent=10102"}],"wp:term":[{"taxonomy":"product_brand","embeddable":true,"href":"https:\/\/cms-euro.com\/index.php?rest_route=%2Fwp%2Fv2%2Fproduct_brand&post=10102"},{"taxonomy":"product_cat","embeddable":true,"href":"https:\/\/cms-euro.com\/index.php?rest_route=%2Fwp%2Fv2%2Fproduct_cat&post=10102"},{"taxonomy":"product_tag","embeddable":true,"href":"https:\/\/cms-euro.com\/index.php?rest_route=%2Fwp%2Fv2%2Fproduct_tag&post=10102"}],"curies":[{"name":"wp","href":"https:\/\/api.w.org\/{rel}","templated":true}]}}