{"id":10104,"date":"2025-05-08T11:40:36","date_gmt":"2025-05-08T11:40:36","guid":{"rendered":"https:\/\/cms-euro.com\/?post_type=product&#038;p=10104"},"modified":"2025-05-08T11:42:11","modified_gmt":"2025-05-08T11:42:11","slug":"container-40-pieds-frigorifique-reefer","status":"publish","type":"product","link":"https:\/\/cms-euro.com\/?product=container-40-pieds-frigorifique-reefer","title":{"rendered":"Container 40 Pieds Frigorifique Reefer"},"content":{"rendered":"","protected":false},"excerpt":{"rendered":"<p><strong>container 40 pieds reefer neuf<\/strong>\u00a0ou appel\u00e9 \u00e9galement\u00a0<strong>conteneur 12m frigorifique reefer<\/strong>, est tr\u00e8s utilis\u00e9 pour l\u2019activit\u00e9 de stockage de produits frais. Le conteneur 40\u2032 r\u00e9frig\u00e9r\u00e9 fonctionne avec une prise en 380V. Il vient \u00e9quip\u00e9 de machinerie fonctionnant avec une plage de temp\u00e9rature allant de +25\u00b0C \u00e0 -25\u00b0C.<\/p>\n<p>Tous nos containers frigorifique Reefer sont livr\u00e9s avec un certificat CSC V\u00e9ritas et un test PTI (test du groupe froid) valide.<\/p>\n<p>Nous travaillons avec les moteurs Carrier, Thermoking, Daikin et Starcool.<\/p>\n<p>&nbsp;<\/p>\n<p>&nbsp;<\/p>\n<p>Caract\u00e9ristiques techniques.<\/p>\n<p><strong>Dimensions int\u00e9rieures<\/strong><\/p>\n<p>-Longueur : 11 583 mm<\/p>\n<p>-Largeur : 2 294 mm<\/p>\n<p>-Hauteur : 2 569 mm<\/p>\n<p>-Hauteur int\u00e9rieure (jusqu\u2019\u00e0 limite de chargement) : 2 469 mm<\/p>\n<p>&nbsp;<\/p>\n<p><strong>Dimensions ext\u00e9rieures<\/strong><\/p>\n<p>-Longueur : 12 192 mm<\/p>\n<p>-Largeur : 2 438 mm<\/p>\n<p>-Hauteur : 2 896 mm<\/p>\n<p>&nbsp;<\/p>\n<p><strong>Dimensions des portes<\/strong><\/p>\n<p>-Largeur : 2 292 mm<\/p>\n<p>-Hauteur : 2 562 mm<\/p>\n<p>&nbsp;<\/p>\n<p><strong>Temp\u00e9rature :\u00a0\u00a0<\/strong>-25 \u00e0 25\u00b0C<\/p>\n<p>&nbsp;<\/p>\n<p><strong>Fluide frigorig\u00e8ne<\/strong><\/p>\n<p>-R134 A<\/p>\n<p>-R404<\/p>\n<p>-R442 sur demande<\/p>\n<p>&nbsp;<\/p>\n<p><strong>Structure :\u00a0<\/strong>CORTEN et INOX<\/p>\n<p><strong>Plancher<\/strong><\/p>\n<p>RAIL ALU EN FORME T<\/p>\n<p>Gestion par un pupitre Daikin, Thermoking ou Carrier<\/p>\n<p>Stockage jusqu\u2019\u00e0 23 palettes Euro<\/p>\n<p>Ouverture double battant sur une des faces ext\u00e9rieures<\/p>\n<p>Ouverture des portes \u00e0 270\u00b0<\/p>\n<p>&nbsp;<\/p>\n<p><strong>Informations compl\u00e9mentaires<\/strong><\/p>\n<p>-Charge max : 29 350 kgs<\/p>\n<p>-Poids \u00e0 vide : 4 650 kgs<\/p>\n<p>-Poids max : 34 000 kgs<\/p>\n<p>-Volume int\u00e9rieure utilisable (jusqu\u2019\u00e0 ligne maximale de ventilation) : 65,60 m3<\/p>\n<p>&nbsp;<\/p>\n<p>Avantages :<\/p>\n<p>&nbsp;<\/p>\n<p>-Modification de temp\u00e9rature de -25 \u00e0 +25\u00b0 par thermostat<\/p>\n<p>-Pr\u00e9cision \u00e0 +\/- 0,1\u00b0c<\/p>\n<p>-Facile d\u2019utilisation<\/p>\n<p>-Livr\u00e9 et pr\u00eat \u00e0 l\u2019emploi<\/p>\n<p>-Groupe froid contr\u00f4l\u00e9<\/p>\n<p>-Modification de temp\u00e9rature de -25 \u00e0 +25\u00b0 par thermostat<\/p>\n<p>-Isolation \u00e9paisseur 70 mm<\/p>\n<p>-Conformit\u00e9 ISO Type 45R1 \u2013 ISO group 45RT<\/p>\n<p>-Adapt\u00e9 aux plans HACCP (Hazard Analysis Critical Control Point)<\/p>\n","protected":false},"featured_media":10294,"comment_status":"closed","ping_status":"closed","template":"","meta":{"inline_featured_image":false},"product_brand":[],"product_cat":[117,125,119],"product_tag":[],"class_list":{"0":"post-10104","1":"product","2":"type-product","3":"status-publish","4":"has-post-thumbnail","6":"product_cat-containers","7":"product_cat-conteneurs-frigorifiques","8":"product_cat-conteneurs-neufs-et-occasions","10":"first","11":"instock","12":"sale","13":"taxable","14":"shipping-taxable","15":"product-type-simple"},"_links":{"self":[{"href":"https:\/\/cms-euro.com\/index.php?rest_route=\/wp\/v2\/product\/10104","targetHints":{"allow":["GET"]}}],"collection":[{"href":"https:\/\/cms-euro.com\/index.php?rest_route=\/wp\/v2\/product"}],"about":[{"href":"https:\/\/cms-euro.com\/index.php?rest_route=\/wp\/v2\/types\/product"}],"replies":[{"embeddable":true,"href":"https:\/\/cms-euro.com\/index.php?rest_route=%2Fwp%2Fv2%2Fcomments&post=10104"}],"version-history":[{"count":0,"href":"https:\/\/cms-euro.com\/index.php?rest_route=\/wp\/v2\/product\/10104\/revisions"}],"wp:featuredmedia":[{"embeddable":true,"href":"https:\/\/cms-euro.com\/index.php?rest_route=\/wp\/v2\/media\/10294"}],"wp:attachment":[{"href":"https:\/\/cms-euro.com\/index.php?rest_route=%2Fwp%2Fv2%2Fmedia&parent=10104"}],"wp:term":[{"taxonomy":"product_brand","embeddable":true,"href":"https:\/\/cms-euro.com\/index.php?rest_route=%2Fwp%2Fv2%2Fproduct_brand&post=10104"},{"taxonomy":"product_cat","embeddable":true,"href":"https:\/\/cms-euro.com\/index.php?rest_route=%2Fwp%2Fv2%2Fproduct_cat&post=10104"},{"taxonomy":"product_tag","embeddable":true,"href":"https:\/\/cms-euro.com\/index.php?rest_route=%2Fwp%2Fv2%2Fproduct_tag&post=10104"}],"curies":[{"name":"wp","href":"https:\/\/api.w.org\/{rel}","templated":true}]}}