{"id":10107,"date":"2025-05-08T11:40:37","date_gmt":"2025-05-08T11:40:37","guid":{"rendered":"https:\/\/cms-euro.com\/?post_type=product&#038;p=10107"},"modified":"2025-05-08T11:42:22","modified_gmt":"2025-05-08T11:42:22","slug":"container-frigorifique-maritime-reefer-20-pieds","status":"publish","type":"product","link":"https:\/\/cms-euro.com\/?product=container-frigorifique-maritime-reefer-20-pieds","title":{"rendered":"Container frigorifique maritime \/ Reefer 20 Pieds"},"content":{"rendered":"<h1 class=\"_2qrJF\" data-hook=\"product-title\">Occasion<\/h1>\n","protected":false},"excerpt":{"rendered":"<p>Le\u00a0container frigorifique 20 pieds Reefer\u00a0occasion\u00a0 ou appel\u00e9 \u00e9galement\u00a0container frigorifique 20\u2019\u00a0(20 pieds) est principalement utilis\u00e9 pour le stockage de produits frais.<\/p>\n<p>Vous pouvez stocker sur une surface de\u00a05,9m2\u00a0pas moins de\u00a012,9m3\u00a0de marchandise, pour un encombrement total de\u00a06,9m2. Parfaitement s\u00e9curis\u00e9 avec ses portes \u00e0 deux (2) battants joint\u00e9s en caoutchouc pour l\u2019\u00e9tanch\u00e9it\u00e9.\u00a0 Le container frigorifique est un parfait compromis pour le stockage en toute mobilit\u00e9.<\/p>\n<p>&nbsp;<\/p>\n<p>Container frigorifique maritime,\u00a0<strong>Reefer<\/strong>, avec unit\u00e9 Carrier\u00a0<strong>Thinline<\/strong>, plage de temp\u00e9rature\u00a0<strong>-30\u00b0<\/strong>\u00a0\u00e0\u00a0<strong>30\u00b0C<\/strong>\u00a0r\u00e9glable.<\/p>\n<p>Int\u00e9rieur de la porte avec d\u00e9verrouillage\u00a0<strong>anti-panique<\/strong>.<\/p>\n<p>&nbsp;<\/p>\n<p><strong>Dimensions<\/strong><\/p>\n<p><strong>Longueur\u00a0: 6,06 m<\/strong><\/p>\n<p><strong>Largeur: 2,44 m,<\/strong><\/p>\n<p><strong>Hauteur: 2,60 m<\/strong><\/p>\n<p><strong>Poids: environ 2 990 kg<\/strong><\/p>\n<p><strong>Statut: Occasion<\/strong><\/p>\n<p>&nbsp;<\/p>\n<p>Prix d\u00e9fiant toute concurrence actuelle.<\/p>\n<p>Charg\u00e9s de Transport et la livraison jusqu\u2019\u00e0 la mise en place sur site<\/p>\n","protected":false},"featured_media":10326,"comment_status":"closed","ping_status":"closed","template":"","meta":{"inline_featured_image":false},"product_brand":[],"product_cat":[117,125,126],"product_tag":[],"class_list":{"0":"post-10107","1":"product","2":"type-product","3":"status-publish","4":"has-post-thumbnail","6":"product_cat-containers","7":"product_cat-conteneurs-frigorifiques","8":"product_cat-conteneurs-neufs-et-occasions-containers","10":"first","11":"instock","12":"taxable","13":"shipping-taxable","14":"product-type-simple"},"_links":{"self":[{"href":"https:\/\/cms-euro.com\/index.php?rest_route=\/wp\/v2\/product\/10107","targetHints":{"allow":["GET"]}}],"collection":[{"href":"https:\/\/cms-euro.com\/index.php?rest_route=\/wp\/v2\/product"}],"about":[{"href":"https:\/\/cms-euro.com\/index.php?rest_route=\/wp\/v2\/types\/product"}],"replies":[{"embeddable":true,"href":"https:\/\/cms-euro.com\/index.php?rest_route=%2Fwp%2Fv2%2Fcomments&post=10107"}],"version-history":[{"count":0,"href":"https:\/\/cms-euro.com\/index.php?rest_route=\/wp\/v2\/product\/10107\/revisions"}],"wp:featuredmedia":[{"embeddable":true,"href":"https:\/\/cms-euro.com\/index.php?rest_route=\/wp\/v2\/media\/10326"}],"wp:attachment":[{"href":"https:\/\/cms-euro.com\/index.php?rest_route=%2Fwp%2Fv2%2Fmedia&parent=10107"}],"wp:term":[{"taxonomy":"product_brand","embeddable":true,"href":"https:\/\/cms-euro.com\/index.php?rest_route=%2Fwp%2Fv2%2Fproduct_brand&post=10107"},{"taxonomy":"product_cat","embeddable":true,"href":"https:\/\/cms-euro.com\/index.php?rest_route=%2Fwp%2Fv2%2Fproduct_cat&post=10107"},{"taxonomy":"product_tag","embeddable":true,"href":"https:\/\/cms-euro.com\/index.php?rest_route=%2Fwp%2Fv2%2Fproduct_tag&post=10107"}],"curies":[{"name":"wp","href":"https:\/\/api.w.org\/{rel}","templated":true}]}}