{"id":10108,"date":"2025-05-08T11:40:37","date_gmt":"2025-05-08T11:40:37","guid":{"rendered":"https:\/\/cms-euro.com\/?post_type=product&#038;p=10108"},"modified":"2025-05-08T11:42:23","modified_gmt":"2025-05-08T11:42:23","slug":"container-40-pieds-isotherme","status":"publish","type":"product","link":"https:\/\/cms-euro.com\/?product=container-40-pieds-isotherme","title":{"rendered":"Container 40 Pieds Isotherme"},"content":{"rendered":"<h1 class=\"_2qrJF\" data-hook=\"product-title\">Neuf<\/h1>\n","protected":false},"excerpt":{"rendered":"<p>Le\u00a0<strong>conteneur 40 pieds isotherme 1er voyage<\/strong>\u00a0ou appel\u00e9 \u00e9galement\u00a0<strong>container 40 pieds isotherme frigorifique<\/strong>, est tr\u00e8s utilis\u00e9 pour l\u2019activit\u00e9 de stockage de produit frais. Avec son faible encombrement, le conteneur 40 pieds isotherme trouve sa place ! Permet de conserver la temp\u00e9rature \u00e0 l\u2019int\u00e9rieur du container sans moteur.<\/p>\n<p>&nbsp;<\/p>\n<p>&nbsp;<\/p>\n<p>Caract\u00e9ristiques techniques.<\/p>\n<p><strong>Dimensions int\u00e9rieures<\/strong><\/p>\n<p>-Longueur : 11 583 mm<\/p>\n<p>-Largeur :\u00a0 \u00a0 \u00a0 2 294 mm<\/p>\n<p>-Hauteur totale : 2 569 mm<\/p>\n<p>-Hauteur utilisable : 2 469 mm<\/p>\n<p>&nbsp;<\/p>\n<p><strong>Dimensions ext\u00e9rieures<\/strong><\/p>\n<p>-Longueur : 12 192 mm<\/p>\n<p>-Largeur :\u00a0 \u00a0 \u00a02 438 mm<\/p>\n<p>-Hauteur : 2 896 mm<\/p>\n<p>&nbsp;<\/p>\n<p><strong>Dimensions des portes<\/strong><\/p>\n<p>-Largeur : 2 292 mm<\/p>\n<p>-Hauteur : 2 562 mm<\/p>\n<p><strong>Structure :\u00a0<\/strong>CORTEN et INOX<\/p>\n<p><strong>Plancher<\/strong><\/p>\n<p>PLANCHER PLAT EN ALU<\/p>\n<p>Ouverture des portes \u00e0 270\u00b0<\/p>\n<p><strong>Informations compl\u00e9mentaires<\/strong><\/p>\n<p>&#8211; Surface int\u00e9rieure : 26,57 m2<\/p>\n<p>&#8211; Nombre de palettes EURO : 23<\/p>\n<p>-Charge max : 34 000 kgs<\/p>\n<p>-Poids \u00e0 vide : 4 650 kgs<\/p>\n<p>-Poids max :\u00a0 \u00a029 350 kgs<\/p>\n<p>-Volume int\u00e9rieur total : 68,26 m3<\/p>\n<p>-Volume int\u00e9rieure utilisable (jusqu\u2019\u00e0 ligne maximale de ventilation) : 65,60 m3<\/p>\n<p>&nbsp;<\/p>\n<p>Avantages :<\/p>\n<p>&nbsp;<\/p>\n<p>&#8211; Livr\u00e9 et pr\u00eat \u00e0 l\u2019emploi<\/p>\n<p>&#8211; Groupe froid contr\u00f4l\u00e9<\/p>\n<p>&#8211; Isolation \u00e9paisseur 70 mm<\/p>\n<p>&#8211; Facile d\u2019utilisation<\/p>\n","protected":false},"featured_media":10331,"comment_status":"closed","ping_status":"closed","template":"","meta":{"inline_featured_image":false},"product_brand":[],"product_cat":[117,125,126],"product_tag":[],"class_list":{"0":"post-10108","1":"product","2":"type-product","3":"status-publish","4":"has-post-thumbnail","6":"product_cat-containers","7":"product_cat-conteneurs-frigorifiques","8":"product_cat-conteneurs-neufs-et-occasions-containers","10":"first","11":"instock","12":"sale","13":"taxable","14":"shipping-taxable","15":"product-type-simple"},"_links":{"self":[{"href":"https:\/\/cms-euro.com\/index.php?rest_route=\/wp\/v2\/product\/10108","targetHints":{"allow":["GET"]}}],"collection":[{"href":"https:\/\/cms-euro.com\/index.php?rest_route=\/wp\/v2\/product"}],"about":[{"href":"https:\/\/cms-euro.com\/index.php?rest_route=\/wp\/v2\/types\/product"}],"replies":[{"embeddable":true,"href":"https:\/\/cms-euro.com\/index.php?rest_route=%2Fwp%2Fv2%2Fcomments&post=10108"}],"version-history":[{"count":0,"href":"https:\/\/cms-euro.com\/index.php?rest_route=\/wp\/v2\/product\/10108\/revisions"}],"wp:featuredmedia":[{"embeddable":true,"href":"https:\/\/cms-euro.com\/index.php?rest_route=\/wp\/v2\/media\/10331"}],"wp:attachment":[{"href":"https:\/\/cms-euro.com\/index.php?rest_route=%2Fwp%2Fv2%2Fmedia&parent=10108"}],"wp:term":[{"taxonomy":"product_brand","embeddable":true,"href":"https:\/\/cms-euro.com\/index.php?rest_route=%2Fwp%2Fv2%2Fproduct_brand&post=10108"},{"taxonomy":"product_cat","embeddable":true,"href":"https:\/\/cms-euro.com\/index.php?rest_route=%2Fwp%2Fv2%2Fproduct_cat&post=10108"},{"taxonomy":"product_tag","embeddable":true,"href":"https:\/\/cms-euro.com\/index.php?rest_route=%2Fwp%2Fv2%2Fproduct_tag&post=10108"}],"curies":[{"name":"wp","href":"https:\/\/api.w.org\/{rel}","templated":true}]}}