{"id":10109,"date":"2025-05-08T11:40:37","date_gmt":"2025-05-08T11:40:37","guid":{"rendered":"https:\/\/cms-euro.com\/?post_type=product&#038;p=10109"},"modified":"2025-05-08T11:42:24","modified_gmt":"2025-05-08T11:42:24","slug":"container-frigorifique-40-pieds","status":"publish","type":"product","link":"https:\/\/cms-euro.com\/?product=container-frigorifique-40-pieds","title":{"rendered":"CONTAINER FRIGORIFIQUE 40 PIEDS"},"content":{"rendered":"","protected":false},"excerpt":{"rendered":"<p>Le conteneur frigorifique 40 pieds d\u2019occasion est un container toujours plus grand ! Il offre une capacit\u00e9 de stockage impressionnante. Le nombre de palettes pouvant \u00eatre stock\u00e9es dans le container 40 pieds est de 20 \u00e0 24 palettes.<\/p>\n<p>Surface: 30 m\u00b2<br \/>\nLongueur : 12.19 m<br \/>\nCapacit\u00e9 : 68 m3<br \/>\nPoids : 4590 kg<\/p>\n","protected":false},"featured_media":10335,"comment_status":"closed","ping_status":"closed","template":"","meta":{"inline_featured_image":false},"product_brand":[],"product_cat":[117,125,126],"product_tag":[],"class_list":{"0":"post-10109","1":"product","2":"type-product","3":"status-publish","4":"has-post-thumbnail","6":"product_cat-containers","7":"product_cat-conteneurs-frigorifiques","8":"product_cat-conteneurs-neufs-et-occasions-containers","10":"first","11":"instock","12":"taxable","13":"shipping-taxable","14":"product-type-simple"},"_links":{"self":[{"href":"https:\/\/cms-euro.com\/index.php?rest_route=\/wp\/v2\/product\/10109","targetHints":{"allow":["GET"]}}],"collection":[{"href":"https:\/\/cms-euro.com\/index.php?rest_route=\/wp\/v2\/product"}],"about":[{"href":"https:\/\/cms-euro.com\/index.php?rest_route=\/wp\/v2\/types\/product"}],"replies":[{"embeddable":true,"href":"https:\/\/cms-euro.com\/index.php?rest_route=%2Fwp%2Fv2%2Fcomments&post=10109"}],"version-history":[{"count":0,"href":"https:\/\/cms-euro.com\/index.php?rest_route=\/wp\/v2\/product\/10109\/revisions"}],"wp:featuredmedia":[{"embeddable":true,"href":"https:\/\/cms-euro.com\/index.php?rest_route=\/wp\/v2\/media\/10335"}],"wp:attachment":[{"href":"https:\/\/cms-euro.com\/index.php?rest_route=%2Fwp%2Fv2%2Fmedia&parent=10109"}],"wp:term":[{"taxonomy":"product_brand","embeddable":true,"href":"https:\/\/cms-euro.com\/index.php?rest_route=%2Fwp%2Fv2%2Fproduct_brand&post=10109"},{"taxonomy":"product_cat","embeddable":true,"href":"https:\/\/cms-euro.com\/index.php?rest_route=%2Fwp%2Fv2%2Fproduct_cat&post=10109"},{"taxonomy":"product_tag","embeddable":true,"href":"https:\/\/cms-euro.com\/index.php?rest_route=%2Fwp%2Fv2%2Fproduct_tag&post=10109"}],"curies":[{"name":"wp","href":"https:\/\/api.w.org\/{rel}","templated":true}]}}