{"id":10112,"date":"2025-05-08T11:40:37","date_gmt":"2025-05-08T11:40:37","guid":{"rendered":"https:\/\/cms-euro.com\/?post_type=product&#038;p=10112"},"modified":"2025-05-08T11:42:29","modified_gmt":"2025-05-08T11:42:29","slug":"car-box-20","status":"publish","type":"product","link":"https:\/\/cms-euro.com\/?product=car-box-20","title":{"rendered":"CAR-BOX 20"},"content":{"rendered":"","protected":false},"excerpt":{"rendered":"<ul>\n<li>Type :\u00a0Containers<\/li>\n<li>Dimension :\u00a06.05 m\u00e8tres (20&prime;)<\/li>\n<li>Type de container :\u00a0Atelier<\/li>\n<\/ul>\n<p>&nbsp;<\/p>\n<p>Base produit:\u00a0Container maritime \/ stockage<br \/>\n<strong>Mod\u00e8le:<\/strong>\u00a020\u2032 CAR-BOX<br \/>\n<strong>Etat:<\/strong>\u00a01er Voyage*<br \/>\nDimensions ext\u00e9rieures:\u00a0L.6.058 x l.2.438 x H.2.591 m<br \/>\nDimensions int\u00e9rieures:\u00a0L.5.900 x l.2.350 x H.2.390 m<br \/>\n<strong>R\u00e9f\u00e9rence:\u00a0<\/strong>DEVCARBOX<br \/>\nPoids \u00e0 vide:\u00a02300 kg<br \/>\nVolume:\u00a033 m3<br \/>\nSurface:\u00a014m2<\/p>\n<p>&nbsp;<\/p>\n<p>EQUIPEMENTS \/ AMENAGEMENTS<\/p>\n<p>\u2013 Ouverture 3 faces<br \/>\n\u2013 Encadrement des ouvertures<br \/>\n\u2013 1 rev\u00eatement de sol acier<br \/>\n\u2013 Mise en peinture des \u00e9l\u00e9ments modifi\u00e9s<br \/>\n\u2013 Pr\u00e9-\u00e9quipement \u00e9lectrique (\u00e0 raccorder et \u00e0 prot\u00e9ger par le client)<br \/>\n\u2013 7 Rampes led LED multicolores avec 1 t\u00e9l\u00e9commande<br \/>\n\u2013 Traitement des surfaces D\u00e9coup\u00e9es en PLEXIGLASS 8mm<br \/>\n\u2013 Traitement des surfaces en panneaux alu 3mm (hors portes et toit)<\/p>\n","protected":false},"featured_media":10347,"comment_status":"open","ping_status":"closed","template":"","meta":{"inline_featured_image":false},"product_brand":[],"product_cat":[117,126],"product_tag":[],"class_list":{"0":"post-10112","1":"product","2":"type-product","3":"status-publish","4":"has-post-thumbnail","6":"product_cat-containers","7":"product_cat-conteneurs-neufs-et-occasions-containers","9":"first","10":"instock","11":"sale","12":"taxable","13":"shipping-taxable","14":"product-type-simple"},"_links":{"self":[{"href":"https:\/\/cms-euro.com\/index.php?rest_route=\/wp\/v2\/product\/10112","targetHints":{"allow":["GET"]}}],"collection":[{"href":"https:\/\/cms-euro.com\/index.php?rest_route=\/wp\/v2\/product"}],"about":[{"href":"https:\/\/cms-euro.com\/index.php?rest_route=\/wp\/v2\/types\/product"}],"replies":[{"embeddable":true,"href":"https:\/\/cms-euro.com\/index.php?rest_route=%2Fwp%2Fv2%2Fcomments&post=10112"}],"version-history":[{"count":0,"href":"https:\/\/cms-euro.com\/index.php?rest_route=\/wp\/v2\/product\/10112\/revisions"}],"wp:featuredmedia":[{"embeddable":true,"href":"https:\/\/cms-euro.com\/index.php?rest_route=\/wp\/v2\/media\/10347"}],"wp:attachment":[{"href":"https:\/\/cms-euro.com\/index.php?rest_route=%2Fwp%2Fv2%2Fmedia&parent=10112"}],"wp:term":[{"taxonomy":"product_brand","embeddable":true,"href":"https:\/\/cms-euro.com\/index.php?rest_route=%2Fwp%2Fv2%2Fproduct_brand&post=10112"},{"taxonomy":"product_cat","embeddable":true,"href":"https:\/\/cms-euro.com\/index.php?rest_route=%2Fwp%2Fv2%2Fproduct_cat&post=10112"},{"taxonomy":"product_tag","embeddable":true,"href":"https:\/\/cms-euro.com\/index.php?rest_route=%2Fwp%2Fv2%2Fproduct_tag&post=10112"}],"curies":[{"name":"wp","href":"https:\/\/api.w.org\/{rel}","templated":true}]}}