{"id":10113,"date":"2025-05-08T11:40:37","date_gmt":"2025-05-08T11:40:37","guid":{"rendered":"https:\/\/cms-euro.com\/?post_type=product&#038;p=10113"},"modified":"2025-05-08T11:42:32","modified_gmt":"2025-05-08T11:42:32","slug":"savanah-2024-louisiane-2-chambres-neuf","status":"publish","type":"product","link":"https:\/\/cms-euro.com\/?product=savanah-2024-louisiane-2-chambres-neuf","title":{"rendered":"Savanah \u2013 2024 Louisiane 2 chambres neuf"},"content":{"rendered":"<p>Lorsque vous regardez l\u2019int\u00e9rieur du mod\u00e8le Louisiane Savanah, vous ne voyez pas un mobil-home mais un petit appartement ! Il vous offre un confort et un standing parfaits avec une structure bien isol\u00e9e \u00e9t\u00e9\/hiver.<\/p>\n<p>&nbsp;<\/p>\n<p>R\u00e9sidence mobile avec des pi\u00e8ces confortables et cosy<\/p>\n<p>L\u2019originalit\u00e9 de ce mobil-home neuf est la cuisine d\u00e9cal\u00e9e vers l\u2019arri\u00e8re qui vous s\u00e9duira sans aucun doute. Cette disposition permet un espace plus a\u00e9r\u00e9 et s\u00e9pare mieux la cuisine du s\u00e9jour. C\u00f4t\u00e9 \u00e9quipement, rien ne manque : plaque de cuisson 4 feux, \u00e9vier inox, plan de travail escamotable, d\u00e9tecteur de fum\u00e9e, rangements. Le s\u00e9jour est lui aussi totalement \u00e9quip\u00e9 pour des moments de convivialit\u00e9 et de d\u00e9tente.<\/p>\n<p>C\u00f4t\u00e9 couchages, vous disposez de deux chambres offrant une literie de qualit\u00e9, des rangements, des liseuses orientables\u2026 Vous pourrez accueillir 6 personnes gr\u00e2ce au canap\u00e9 convertible dans le salon. Une cabine de douche, un meuble vasque et un WC suspendu s\u00e9par\u00e9 composent le coin toilette.<\/p>\n<p>&nbsp;<\/p>\n<p>Une implantation d\u00e9cal\u00e9e de la cuisine qui offre du volume et de l\u2019espace. Particularit\u00e9 de ce mod\u00e8le : l\u2019entr\u00e9e qui s\u2019ouvre sur le s\u00e9jour et sur un salon spacieux et convivial. On devine depuis ses larges baies ext\u00e9rieures situ\u00e9es en fa\u00e7ade, la grande cuisine \u00e9quip\u00e9e et d\u00e9cal\u00e9e sur l\u2019arri\u00e8re du mod\u00e8le. Une implantation originale et a\u00e9r\u00e9e qui redonne \u00e0 chaque espace sa vocation premi\u00e8re.<\/p>\n<p>&nbsp;<\/p>\n<ul>\n<li>Informations<\/li>\n<li>\u00a02 chambres<\/li>\n<li>\u00a06 couchages<\/li>\n<li>\u00a030 m\u00b2<\/li>\n<li>\u00a04 m de largeur<\/li>\n<li>\u00a08.2 m de longueur<\/li>\n<li>\u00a0Toiture double pentes<\/li>\n<li>\u00a0Implantation centrale<\/li>\n<li>\u00a0Isolation 4 saisons<\/li>\n<\/ul>\n","protected":false},"excerpt":{"rendered":"<section class=\"_2h_HC\">\n<div class=\"_1FTz3 fggS- cell\">\n<section class=\"_2RbVQ\" data-hook=\"description-wrapper\">\n<div class=\"_3nbVj\">\n<div class=\"_3cRjW\" data-hook=\"content-wrapper\">\n<p>&nbsp;<\/p>\n<h2 class=\"Text3027143737__root Text3027143737---typography-11-runningText Text3027143737---priority-7-primary s8gg2 _2UIKs InfoSectionTitle3095652555__root\" aria-hidden=\"false\" data-hook=\"info-section-title\">D\u00e9tails Techniques<\/h2>\n<p>Les plus<\/p>\n<ul>\n<li>Cuisine d\u00e9cal\u00e9e sur l\u2019arri\u00e8re qui offre du volume et de l\u2019espace.<\/li>\n<li>Implantation originale et a\u00e9r\u00e9e qui redonne \u00e0 chaque espace sa vocation premi\u00e8re.<\/li>\n<li>S\u00e9jour spacieux et convivial.<\/li>\n<\/ul>\n<p>Dans le salon-s\u00e9jour<\/p>\n<ul>\n<li>Convecteur 1000W<\/li>\n<li>4 chaises in et outdoor<\/li>\n<li>Spots int\u00e9gr\u00e9s led<\/li>\n<li>Support TV \u00e9cran plat<\/li>\n<li>S\u00e9paration d\u00e9corative<\/li>\n<\/ul>\n<p>Dans la cuisine<\/p>\n<ul>\n<li>Evier inox avec \u00e9gouttoir et mitigeur<\/li>\n<li>Table de cuisson 4 feux gaz inox<\/li>\n<li>Hotte filtre \u00e0 charbon avec \u00e9clairage int\u00e9gr\u00e9<\/li>\n<li>Range couverts<\/li>\n<li>Plan de travail escamotable<\/li>\n<li>Store sur fen\u00eatre cuisine<\/li>\n<li>D\u00e9tecteur de fum\u00e9e<\/li>\n<\/ul>\n<p>Dans les chambres<\/p>\n<ul>\n<li>2 lits chambre enfants 80 x 190 cm<\/li>\n<li>2 liseuses orientables dans les chambres<\/li>\n<li>Meubles hauts dans les chambres<\/li>\n<li>Penderie et \u00e9tag\u00e8res dans la chambre parents<\/li>\n<li>Placard dans la chambre enfants<\/li>\n<li>Miroir chambre parents<\/li>\n<\/ul>\n<p>Dans la salle d\u2019eau et WC<\/p>\n<ul>\n<li>Cabine de douche 100 x 80 cm porte en verre de s\u00e9curit\u00e9<\/li>\n<li>Meuble de rangement sur\u00e9lev\u00e9 avec vasque<\/li>\n<li>Etag\u00e8re<\/li>\n<li>Pat\u00e8res<\/li>\n<li>Verre imprim\u00e9 2 faces sur fen\u00eatres WC et SDB<\/li>\n<li>WC suspendu ind\u00e9pendant<\/li>\n<\/ul>\n<p>Dans la gamme vacances<\/p>\n<ul>\n<li>Banquette-canap\u00e9 avec couchage d\u2019appoint<\/li>\n<li>Pouf amovible<\/li>\n<li>Table avec pi\u00e8tement acier noir<\/li>\n<li>R\u00e9frig\u00e9rateur table top<\/li>\n<li>Miroir SDB<\/li>\n<li>Attente \u00e9lectrique convecteurs chambres et SDB<\/li>\n<li>Lit chambre parents 140 x 190 cm<\/li>\n<\/ul>\n<p>Dans la gamme vacances privil\u00e8ge<\/p>\n<ul>\n<li>Canap\u00e9 d\u2019angle avec couchage d\u2019appoint<\/li>\n<li>Table basse gigogne<\/li>\n<li>Table d\u00e9jeuner avec rallonge<\/li>\n<li>Suspension plafond s\u00e9jour<\/li>\n<li>R\u00e9frig\u00e9rateur int\u00e9grable<\/li>\n<li>Micro-ondes<\/li>\n<li>Four \u00e9lectrique ou lave-vaisselle<\/li>\n<li>Convecteurs dans les chambres<\/li>\n<li>S\u00e8che-serviettes dans la SDB<\/li>\n<li>Volets roulants dans les chambres<\/li>\n<li>Stores enrouleurs SDB et WC<\/li>\n<li>Lit chambre parents 160 x 200 cm avec matelas Technilat label Belle Literie<\/li>\n<li>VMC<\/li>\n<\/ul>\n<\/div>\n<\/div>\n<\/section>\n<\/div>\n<\/section>\n","protected":false},"featured_media":10352,"comment_status":"closed","ping_status":"closed","template":"","meta":{"inline_featured_image":false},"product_brand":[],"product_cat":[122],"product_tag":[],"class_list":{"0":"post-10113","1":"product","2":"type-product","3":"status-publish","4":"has-post-thumbnail","6":"product_cat-mobil-homes","8":"first","9":"instock","10":"taxable","11":"shipping-taxable","12":"product-type-simple"},"_links":{"self":[{"href":"https:\/\/cms-euro.com\/index.php?rest_route=\/wp\/v2\/product\/10113","targetHints":{"allow":["GET"]}}],"collection":[{"href":"https:\/\/cms-euro.com\/index.php?rest_route=\/wp\/v2\/product"}],"about":[{"href":"https:\/\/cms-euro.com\/index.php?rest_route=\/wp\/v2\/types\/product"}],"replies":[{"embeddable":true,"href":"https:\/\/cms-euro.com\/index.php?rest_route=%2Fwp%2Fv2%2Fcomments&post=10113"}],"version-history":[{"count":0,"href":"https:\/\/cms-euro.com\/index.php?rest_route=\/wp\/v2\/product\/10113\/revisions"}],"wp:featuredmedia":[{"embeddable":true,"href":"https:\/\/cms-euro.com\/index.php?rest_route=\/wp\/v2\/media\/10352"}],"wp:attachment":[{"href":"https:\/\/cms-euro.com\/index.php?rest_route=%2Fwp%2Fv2%2Fmedia&parent=10113"}],"wp:term":[{"taxonomy":"product_brand","embeddable":true,"href":"https:\/\/cms-euro.com\/index.php?rest_route=%2Fwp%2Fv2%2Fproduct_brand&post=10113"},{"taxonomy":"product_cat","embeddable":true,"href":"https:\/\/cms-euro.com\/index.php?rest_route=%2Fwp%2Fv2%2Fproduct_cat&post=10113"},{"taxonomy":"product_tag","embeddable":true,"href":"https:\/\/cms-euro.com\/index.php?rest_route=%2Fwp%2Fv2%2Fproduct_tag&post=10113"}],"curies":[{"name":"wp","href":"https:\/\/api.w.org\/{rel}","templated":true}]}}