{"id":10115,"date":"2025-05-08T11:40:37","date_gmt":"2025-05-08T11:40:37","guid":{"rendered":"https:\/\/cms-euro.com\/?post_type=product&#038;p=10115"},"modified":"2025-07-19T16:29:43","modified_gmt":"2025-07-19T16:29:43","slug":"container-maritime-40%e2%80%b2-hc-open-side-1er-voyage","status":"publish","type":"product","link":"https:\/\/cms-euro.com\/?product=container-maritime-40%e2%80%b2-hc-open-side-1er-voyage","title":{"rendered":"Container maritime 40\u2032 HC OPEN SIDE 1er voyage"},"content":{"rendered":"","protected":false},"excerpt":{"rendered":"<p>Le conteneur 40 PIEDS HC Open Side a la particularit\u00e9 de disposer d&rsquo;une large ouverture de 11,80<br \/>\nm afin de faciliter le chargement et le d\u00e9chargement des marchandises. \u00c9tanche \u00e0 l&rsquo;eau et \u00e0 l&rsquo;air,<br \/>\nsa conception en acier CORTEN garantit la conservation et la s\u00e9curit\u00e9 de son contenu.<br \/>\nStructure<br \/>\nPlancher<br \/>\nStockage<br \/>\nCORTEN enti\u00e8rement soud\u00e9<br \/>\nMARINE 28 mm<br \/>\n23 PALETTES EUROPE<\/p>\n<p>OUVERTURE DES PORTES LAT\u00c9RALES<br \/>\n\u00c0 270\u00b0 OU \u00c0 180\u00b0<br \/>\nISO type L5G1 &#8211; ISO group L5GP<\/p>\n<p>Informations Techniques<br \/>\nDimensions Ext\u00e9rieures<br \/>\nLongueur<br \/>\nLargeur<br \/>\nHauteur<br \/>\n12,192 m<br \/>\n2,438 m<br \/>\n2,896 m<br \/>\nDimensions Int\u00e9rieures<br \/>\nLongueur<br \/>\nLargeur<br \/>\nHauteur<br \/>\n12,034 m<br \/>\n2,350 m<br \/>\n2,700 m<br \/>\nDimensions des portes<br \/>\nLargeur<br \/>\nHauteur<br \/>\n2,343 m<br \/>\n2,580 m<br \/>\nDimensions des portes lat\u00e9rales (270\u00b0)<br \/>\nLargeur<br \/>\nHauteur<br \/>\n11,836 m<br \/>\n2,308 m<br \/>\nInformations<br \/>\nPoids \u00e0 vide<br \/>\nCharge max<br \/>\nPoids max<br \/>\nPassage de fourches \u00e0 2050 mm<br \/>\n5 920 kg<br \/>\n18 080 kg<br \/>\n24 000 kg<\/p>\n","protected":false},"featured_media":12895,"comment_status":"closed","ping_status":"closed","template":"","meta":{"inline_featured_image":false},"product_brand":[],"product_cat":[128,117,126],"product_tag":[],"class_list":{"0":"post-10115","1":"product","2":"type-product","3":"status-publish","4":"has-post-thumbnail","6":"product_cat-container-maritime","7":"product_cat-containers","8":"product_cat-conteneurs-neufs-et-occasions-containers","10":"first","11":"instock","12":"taxable","13":"shipping-taxable","14":"product-type-simple"},"_links":{"self":[{"href":"https:\/\/cms-euro.com\/index.php?rest_route=\/wp\/v2\/product\/10115","targetHints":{"allow":["GET"]}}],"collection":[{"href":"https:\/\/cms-euro.com\/index.php?rest_route=\/wp\/v2\/product"}],"about":[{"href":"https:\/\/cms-euro.com\/index.php?rest_route=\/wp\/v2\/types\/product"}],"replies":[{"embeddable":true,"href":"https:\/\/cms-euro.com\/index.php?rest_route=%2Fwp%2Fv2%2Fcomments&post=10115"}],"version-history":[{"count":1,"href":"https:\/\/cms-euro.com\/index.php?rest_route=\/wp\/v2\/product\/10115\/revisions"}],"predecessor-version":[{"id":12896,"href":"https:\/\/cms-euro.com\/index.php?rest_route=\/wp\/v2\/product\/10115\/revisions\/12896"}],"wp:featuredmedia":[{"embeddable":true,"href":"https:\/\/cms-euro.com\/index.php?rest_route=\/wp\/v2\/media\/12895"}],"wp:attachment":[{"href":"https:\/\/cms-euro.com\/index.php?rest_route=%2Fwp%2Fv2%2Fmedia&parent=10115"}],"wp:term":[{"taxonomy":"product_brand","embeddable":true,"href":"https:\/\/cms-euro.com\/index.php?rest_route=%2Fwp%2Fv2%2Fproduct_brand&post=10115"},{"taxonomy":"product_cat","embeddable":true,"href":"https:\/\/cms-euro.com\/index.php?rest_route=%2Fwp%2Fv2%2Fproduct_cat&post=10115"},{"taxonomy":"product_tag","embeddable":true,"href":"https:\/\/cms-euro.com\/index.php?rest_route=%2Fwp%2Fv2%2Fproduct_tag&post=10115"}],"curies":[{"name":"wp","href":"https:\/\/api.w.org\/{rel}","templated":true}]}}