{"id":10197,"date":"2025-05-08T11:41:01","date_gmt":"2025-05-08T11:41:01","guid":{"rendered":"https:\/\/cms-euro.com\/?post_type=product&#038;p=10197"},"modified":"2025-05-08T11:42:41","modified_gmt":"2025-05-08T11:42:41","slug":"cheval-liberte-gold-3-pullman-sellerie-occasion-2023","status":"publish","type":"product","link":"https:\/\/cms-euro.com\/?product=cheval-liberte-gold-3-pullman-sellerie-occasion-2023","title":{"rendered":"Cheval Liberte \u2013 Gold 3 Pullman- Sellerie-Occasion-2023"},"content":{"rendered":"","protected":false},"excerpt":{"rendered":"<p><strong><u>Caract\u00e9ristiques :<\/u><\/strong><br \/>\n&#8211; 1\u00e8re mise en circulation : 12\/05\/2023<br \/>\n&#8211;\u00a0Poids \u00e0 vide\u00a0: 765kgs<br \/>\n&#8211;\u00a0PTAC\u00a0:\u00a0 2000 kgs<\/p>\n<p><u>Couleur\u00a0<\/u>:\u00a0 gris fonc\u00e9<\/p>\n<p><strong><u>Equipements :<\/u><\/strong><br \/>\n&gt; Van 2 places avec concept a\u00e9rodynamique<br \/>\n&gt;\u00a0Design moderne, ligne fluide et grand volume int\u00e9rieur<br \/>\n&gt;\u00a0Plancher en aluminium<br \/>\n&gt; Parois composites<br \/>\n&gt;\u00a0Suspension Pullman 2<br \/>\n&gt;\u00a0Grande porte de visite verrouillable<br \/>\n&gt;\u00a0Roue jockey automatique, avec poign\u00e9e de manoeuvre<br \/>\n&gt;\u00a0\u00c9quipement complet : coussins, pare botte composite, fen\u00eatres avant coulissantes en verre avec d\u00e9flecteur, b\u00e2che \u00e0 enrouleur airtech<br \/>\n&gt;\u00a0Pont porte en aluminium<br \/>\n&gt;\u00a0Cales de parking<br \/>\n&gt;\u00a0Sellerie compl\u00e8te dont porte-selles, crochet pour brides et filets, miroir et filet porte-documents<br \/>\n&gt;\u00a0Toit et partie avant monocoque polyester renforc\u00e9<br \/>\n&gt;\u00a0Assemblage robuste<br \/>\n&gt;\u00a0Ch\u00e2ssis avec fl\u00e8che cintr\u00e9e<br \/>\n&gt; Eclairage int\u00e9rieur<\/p>\n<p><strong><u>Garantie\u00a0<\/u><\/strong>: constructeur Cheval Libert\u00e9 jusqu&rsquo;en mai 2025.<\/p>\n<p>&nbsp;<\/p>\n<ul>\n<li>Type : Vans tract\u00e9s &#8211; chevaux<\/li>\n<li>Marque : Cheval Libert\u00e9<\/li>\n<li>Mod\u00e8le : Gold 3 Composite<\/li>\n<li>Nombre de chevaux : 2<\/li>\n<li>Garantie : 12 mois<\/li>\n<li>Ann\u00e9e : 2023<\/li>\n<li>Condition : Occasion<\/li>\n<li>Chevaux voyagent : T\u00eate avant<\/li>\n<li>Pont : Arri\u00e8re<\/li>\n<\/ul>\n","protected":false},"featured_media":10384,"comment_status":"closed","ping_status":"closed","template":"","meta":{"inline_featured_image":false},"product_brand":[],"product_cat":[121],"product_tag":[],"class_list":{"0":"post-10197","1":"product","2":"type-product","3":"status-publish","4":"has-post-thumbnail","6":"product_cat-accessories","8":"first","9":"instock","10":"product-type-simple"},"_links":{"self":[{"href":"https:\/\/cms-euro.com\/index.php?rest_route=\/wp\/v2\/product\/10197","targetHints":{"allow":["GET"]}}],"collection":[{"href":"https:\/\/cms-euro.com\/index.php?rest_route=\/wp\/v2\/product"}],"about":[{"href":"https:\/\/cms-euro.com\/index.php?rest_route=\/wp\/v2\/types\/product"}],"replies":[{"embeddable":true,"href":"https:\/\/cms-euro.com\/index.php?rest_route=%2Fwp%2Fv2%2Fcomments&post=10197"}],"version-history":[{"count":0,"href":"https:\/\/cms-euro.com\/index.php?rest_route=\/wp\/v2\/product\/10197\/revisions"}],"wp:featuredmedia":[{"embeddable":true,"href":"https:\/\/cms-euro.com\/index.php?rest_route=\/wp\/v2\/media\/10384"}],"wp:attachment":[{"href":"https:\/\/cms-euro.com\/index.php?rest_route=%2Fwp%2Fv2%2Fmedia&parent=10197"}],"wp:term":[{"taxonomy":"product_brand","embeddable":true,"href":"https:\/\/cms-euro.com\/index.php?rest_route=%2Fwp%2Fv2%2Fproduct_brand&post=10197"},{"taxonomy":"product_cat","embeddable":true,"href":"https:\/\/cms-euro.com\/index.php?rest_route=%2Fwp%2Fv2%2Fproduct_cat&post=10197"},{"taxonomy":"product_tag","embeddable":true,"href":"https:\/\/cms-euro.com\/index.php?rest_route=%2Fwp%2Fv2%2Fproduct_tag&post=10197"}],"curies":[{"name":"wp","href":"https:\/\/api.w.org\/{rel}","templated":true}]}}