{"id":10198,"date":"2025-05-08T11:41:01","date_gmt":"2025-05-08T11:41:01","guid":{"rendered":"https:\/\/cms-euro.com\/?post_type=product&#038;p=10198"},"modified":"2025-05-08T11:42:46","modified_gmt":"2025-05-08T11:42:46","slug":"ifor-williams-hbx-506-2-places-neuf","status":"publish","type":"product","link":"https:\/\/cms-euro.com\/?product=ifor-williams-hbx-506-2-places-neuf","title":{"rendered":"Ifor Williams \u2013 Hbx 506 \u2013 2 Places \u2013 Neuf"},"content":{"rendered":"","protected":false},"excerpt":{"rendered":"<p>Couleurs possibles : rouge, noir et argent.<\/p>\n<p><u>Equipement du van HBX 506 :<\/u><br \/>\n&#8211; Vitres sur tout l\u2019avant du van,<br \/>\n&#8211; A\u00e9rations a l\u2019avant,<br \/>\n&#8211; Plancher, ponts et parois aluminium,<br \/>\n&#8211; Feu de recul,<br \/>\n&#8211; Pont avant,<br \/>\n&#8211; Pont-porte arri\u00e8re,<br \/>\n&#8211; Volets au-dessus des ponts,<br \/>\n&#8211; Bat-flanc a pilier central,<br \/>\n&#8211; Porte de visite verrouillable,<br \/>\n&#8211; Miroir de courtoisie,<br \/>\n&#8211; Roue de secours,<br \/>\n&#8211; Suspensions a lames de ressort,<br \/>\n&#8211; A\u00e9rateur de toit,<br \/>\n&#8211; Eclairage int\u00e9rieur \u00e0 LED.<\/p>\n<p><u>Caract\u00e9ristiques du van HBX 506 :<\/u><br \/>\n&#8211; Poids \u00e0 vide : 865 kgs<br \/>\n&#8211; PTAC : \u00a01400 kgs 2600 kg<br \/>\n&#8211; Pneus : 165R13C<br \/>\n&#8211; Dimensions totales : Haut : 2.74m \u2013 Larg : 2.14m \u2013 Long : 4.30m,<br \/>\n&#8211; Dimensions utiles : Haut : 2.29m \u2013 Larg : 1.67m \u2013 Long : 3.26m<\/p>\n<p>Sellerie et options disponibles (cam\u00e9ra, a\u00e9rations suppl\u00e9mentaires, capitons, housse de protection\u2026)<\/p>\n<p>&nbsp;<\/p>\n<ul>\n<li>Type :\u00a0Vans tract\u00e9s &#8211; chevaux<\/li>\n<li>Marque :\u00a0Ifor Williams<\/li>\n<li>Mod\u00e8le :\u00a0HBX 506<\/li>\n<li>Nombre de chevaux :\u00a02<\/li>\n<li>Garantie :\u00a012 mois<\/li>\n<li>Ann\u00e9e :\u00a02023<\/li>\n<li>Condition :\u00a0Neuf<\/li>\n<li>Chevaux voyagent :\u00a0T\u00eate avant<\/li>\n<li>Pont :\u00a0Avant, Arri\u00e8re<\/li>\n<\/ul>\n","protected":false},"featured_media":10401,"comment_status":"closed","ping_status":"closed","template":"","meta":{"inline_featured_image":false},"product_brand":[],"product_cat":[106],"product_tag":[],"class_list":{"0":"post-10198","1":"product","2":"type-product","3":"status-publish","4":"has-post-thumbnail","6":"product_cat-van-chevaux","8":"first","9":"instock","10":"sale","11":"taxable","12":"shipping-taxable","13":"product-type-simple"},"_links":{"self":[{"href":"https:\/\/cms-euro.com\/index.php?rest_route=\/wp\/v2\/product\/10198","targetHints":{"allow":["GET"]}}],"collection":[{"href":"https:\/\/cms-euro.com\/index.php?rest_route=\/wp\/v2\/product"}],"about":[{"href":"https:\/\/cms-euro.com\/index.php?rest_route=\/wp\/v2\/types\/product"}],"replies":[{"embeddable":true,"href":"https:\/\/cms-euro.com\/index.php?rest_route=%2Fwp%2Fv2%2Fcomments&post=10198"}],"version-history":[{"count":0,"href":"https:\/\/cms-euro.com\/index.php?rest_route=\/wp\/v2\/product\/10198\/revisions"}],"wp:featuredmedia":[{"embeddable":true,"href":"https:\/\/cms-euro.com\/index.php?rest_route=\/wp\/v2\/media\/10401"}],"wp:attachment":[{"href":"https:\/\/cms-euro.com\/index.php?rest_route=%2Fwp%2Fv2%2Fmedia&parent=10198"}],"wp:term":[{"taxonomy":"product_brand","embeddable":true,"href":"https:\/\/cms-euro.com\/index.php?rest_route=%2Fwp%2Fv2%2Fproduct_brand&post=10198"},{"taxonomy":"product_cat","embeddable":true,"href":"https:\/\/cms-euro.com\/index.php?rest_route=%2Fwp%2Fv2%2Fproduct_cat&post=10198"},{"taxonomy":"product_tag","embeddable":true,"href":"https:\/\/cms-euro.com\/index.php?rest_route=%2Fwp%2Fv2%2Fproduct_tag&post=10198"}],"curies":[{"name":"wp","href":"https:\/\/api.w.org\/{rel}","templated":true}]}}