{"id":10199,"date":"2025-05-08T11:41:01","date_gmt":"2025-05-08T11:41:01","guid":{"rendered":"https:\/\/cms-euro.com\/?post_type=product&#038;p=10199"},"modified":"2025-05-08T11:42:47","modified_gmt":"2025-05-08T11:42:47","slug":"ifor-williams-hb-403-neuf","status":"publish","type":"product","link":"https:\/\/cms-euro.com\/?product=ifor-williams-hb-403-neuf","title":{"rendered":"Ifor Williams Hb 403 \u2013 Neuf"},"content":{"rendered":"","protected":false},"excerpt":{"rendered":"<p>Disponible en graphite, bleu, rouge, noir et argent.<\/p>\n<p><u>Equipements du van HB 403 confort :<\/u><br \/>\n&#8211; Vitres lat\u00e9rales fixes,<br \/>\n&#8211; Plancher aluminium,<br \/>\n&#8211; Feu de recul,<br \/>\n&#8211; Pont avant,<br \/>\n&#8211; Volets au-dessus des ponts,<br \/>\n&#8211; Porte de visite verrouillable,<br \/>\n&#8211; Miroir,<br \/>\n&#8211; Roue de secours,<br \/>\n&#8211; Suspensions a lames de ressort,<br \/>\n&#8211; A\u00e9rateur de toit,<br \/>\n&#8211; Eclairage int\u00e9rieur.<\/p>\n<p><u>Caract\u00e9ristiques du van HB 403 confort :<\/u><br \/>\n&#8211; Poids \u00e0 vide : 767 kgs<br \/>\n&#8211; PTAC : \u00a01100 kgs 1600 kg<br \/>\n&#8211; Pneus : 165R13C<br \/>\n&#8211; Dimensions totales : Haut : 2.70m \u2013 Larg : 1.76m \u2013 Long : 4.36m,<br \/>\n&#8211; Dimensions utiles : Haut : 2.20m \u2013 Larg : 1.30m \u2013 Long : 3.08m<\/p>\n<p>Sellerie et options disponibles (cam\u00e9ra, a\u00e9rations suppl\u00e9mentaires, capitons, housse de protection\u2026)<\/p>\n<p>&nbsp;<\/p>\n<ul>\n<li>Type :\u00a0Vans tract\u00e9s &#8211; chevaux<\/li>\n<li>Marque :\u00a0Ifor Williams<\/li>\n<li>Mod\u00e8le :\u00a0HB 403<\/li>\n<li>Nombre de chevaux :\u00a01,5<\/li>\n<li>Garantie :\u00a012 mois<\/li>\n<li>Ann\u00e9e :\u00a02023<\/li>\n<li>Condition :\u00a0Neuf<\/li>\n<li>Chevaux voyagent :\u00a0T\u00eate avant<\/li>\n<li>Pont :\u00a0Avant, Arri\u00e8re<\/li>\n<\/ul>\n","protected":false},"featured_media":10409,"comment_status":"closed","ping_status":"closed","template":"","meta":{"inline_featured_image":false},"product_brand":[],"product_cat":[106],"product_tag":[],"class_list":{"0":"post-10199","1":"product","2":"type-product","3":"status-publish","4":"has-post-thumbnail","6":"product_cat-van-chevaux","8":"first","9":"instock","10":"sale","11":"taxable","12":"shipping-taxable","13":"product-type-simple"},"_links":{"self":[{"href":"https:\/\/cms-euro.com\/index.php?rest_route=\/wp\/v2\/product\/10199","targetHints":{"allow":["GET"]}}],"collection":[{"href":"https:\/\/cms-euro.com\/index.php?rest_route=\/wp\/v2\/product"}],"about":[{"href":"https:\/\/cms-euro.com\/index.php?rest_route=\/wp\/v2\/types\/product"}],"replies":[{"embeddable":true,"href":"https:\/\/cms-euro.com\/index.php?rest_route=%2Fwp%2Fv2%2Fcomments&post=10199"}],"version-history":[{"count":0,"href":"https:\/\/cms-euro.com\/index.php?rest_route=\/wp\/v2\/product\/10199\/revisions"}],"wp:featuredmedia":[{"embeddable":true,"href":"https:\/\/cms-euro.com\/index.php?rest_route=\/wp\/v2\/media\/10409"}],"wp:attachment":[{"href":"https:\/\/cms-euro.com\/index.php?rest_route=%2Fwp%2Fv2%2Fmedia&parent=10199"}],"wp:term":[{"taxonomy":"product_brand","embeddable":true,"href":"https:\/\/cms-euro.com\/index.php?rest_route=%2Fwp%2Fv2%2Fproduct_brand&post=10199"},{"taxonomy":"product_cat","embeddable":true,"href":"https:\/\/cms-euro.com\/index.php?rest_route=%2Fwp%2Fv2%2Fproduct_cat&post=10199"},{"taxonomy":"product_tag","embeddable":true,"href":"https:\/\/cms-euro.com\/index.php?rest_route=%2Fwp%2Fv2%2Fproduct_tag&post=10199"}],"curies":[{"name":"wp","href":"https:\/\/api.w.org\/{rel}","templated":true}]}}