{"id":10255,"date":"2025-05-08T11:41:25","date_gmt":"2025-05-08T11:41:25","guid":{"rendered":"https:\/\/cms-euro.com\/?post_type=product&#038;p=10255"},"modified":"2025-05-08T11:43:06","modified_gmt":"2025-05-08T11:43:06","slug":"container-20-pieds-open-side-double-portes","status":"publish","type":"product","link":"https:\/\/cms-euro.com\/?product=container-20-pieds-open-side-double-portes","title":{"rendered":"Container 20 Pieds Open Side Double Portes"},"content":{"rendered":"","protected":false},"excerpt":{"rendered":"<p>Le\u00a0<strong>conteneur 20 pieds open side<\/strong>\u00a0 neuf. Le container 20 pieds ouverture lat\u00e9rale est tr\u00e8s robuste avec sa structure en acier corten et son cache cadenas, il vous garantit la s\u00e9curit\u00e9 des produits stock\u00e9.<\/p>\n<p>&nbsp;<\/p>\n<p>&nbsp;<\/p>\n<p>Caract\u00e9ristiques techniques.<\/p>\n<p>Dimensions int\u00e9rieures:<\/p>\n<p>&#8211; Longueur : 5858 mm<br \/>\n&#8211; Largeur :\u00a0 \u00a02308 mm<br \/>\n&#8211; Hauteur :\u00a0 \u00a02591 mm<\/p>\n<p>Dimensions ext\u00e9rieures:<\/p>\n<p>&#8211; Longueur :6058 mm<br \/>\n&#8211; Largeur :\u00a0 2438 mm<br \/>\n&#8211; Hauteur :\u00a0 2591 mm<\/p>\n<p>Dimensions des portes:<\/p>\n<p>&#8211; Largeur : 2340 mm<br \/>\n&#8211; Hauteur : 2280 mm<\/p>\n<p>Structure : CORTEN enti\u00e8rement soud\u00e9e<\/p>\n<p>Plancher : OSB 22 mm \/ Contre plaqu\u00e9 Marine 21 mm \/ Sol acier 3+1 mm<\/p>\n<p>Ouverture des portes \u00e0 270\u00b0.<\/p>\n<p>Informations compl\u00e9mentaires:<\/p>\n<p>-Poids : 1 310 kg<br \/>\n-Passage fourche : 2 050 mm<\/p>\n<p>&nbsp;<\/p>\n<p>Le\u00a0<strong>conteneur 20 pieds open side<\/strong>\u00a0 1er voyage ou appel\u00e9 \u00e9galement container 20\u2019 open side neuf. Le container 20 pieds ouverture lat\u00e9rale est tr\u00e8s robuste avec sa structure en acier corten et son cache cadenas, il vous garantit la s\u00e9curit\u00e9 des produits stock\u00e9.<\/p>\n<p>&nbsp;<\/p>\n<p>C\u00f4t\u00e9s et avant en t\u00f4le d\u2019acier avec a\u00e9ration lat\u00e9rale, porte \u00e0 doubles battants avec barres de fermeture. Coins ISO et passages de fourches, \u00e9tanche \u00e0 l\u2019eau et \u00e0 l\u2019air, planch\u00e9 en bois pos\u00e9 sur traverses en acier.<\/p>\n","protected":false},"featured_media":10474,"comment_status":"closed","ping_status":"closed","template":"","meta":{"inline_featured_image":false},"product_brand":[],"product_cat":[128,117,119],"product_tag":[],"class_list":{"0":"post-10255","1":"product","2":"type-product","3":"status-publish","4":"has-post-thumbnail","6":"product_cat-container-maritime","7":"product_cat-containers","8":"product_cat-conteneurs-neufs-et-occasions","10":"first","11":"instock","12":"sale","13":"taxable","14":"shipping-taxable","15":"product-type-simple"},"_links":{"self":[{"href":"https:\/\/cms-euro.com\/index.php?rest_route=\/wp\/v2\/product\/10255","targetHints":{"allow":["GET"]}}],"collection":[{"href":"https:\/\/cms-euro.com\/index.php?rest_route=\/wp\/v2\/product"}],"about":[{"href":"https:\/\/cms-euro.com\/index.php?rest_route=\/wp\/v2\/types\/product"}],"replies":[{"embeddable":true,"href":"https:\/\/cms-euro.com\/index.php?rest_route=%2Fwp%2Fv2%2Fcomments&post=10255"}],"version-history":[{"count":0,"href":"https:\/\/cms-euro.com\/index.php?rest_route=\/wp\/v2\/product\/10255\/revisions"}],"wp:featuredmedia":[{"embeddable":true,"href":"https:\/\/cms-euro.com\/index.php?rest_route=\/wp\/v2\/media\/10474"}],"wp:attachment":[{"href":"https:\/\/cms-euro.com\/index.php?rest_route=%2Fwp%2Fv2%2Fmedia&parent=10255"}],"wp:term":[{"taxonomy":"product_brand","embeddable":true,"href":"https:\/\/cms-euro.com\/index.php?rest_route=%2Fwp%2Fv2%2Fproduct_brand&post=10255"},{"taxonomy":"product_cat","embeddable":true,"href":"https:\/\/cms-euro.com\/index.php?rest_route=%2Fwp%2Fv2%2Fproduct_cat&post=10255"},{"taxonomy":"product_tag","embeddable":true,"href":"https:\/\/cms-euro.com\/index.php?rest_route=%2Fwp%2Fv2%2Fproduct_tag&post=10255"}],"curies":[{"name":"wp","href":"https:\/\/api.w.org\/{rel}","templated":true}]}}