{"id":10257,"date":"2025-05-08T11:41:25","date_gmt":"2025-05-08T11:41:25","guid":{"rendered":"https:\/\/cms-euro.com\/?post_type=product&#038;p=10257"},"modified":"2025-05-08T11:43:11","modified_gmt":"2025-05-08T11:43:11","slug":"van-cheval-liberte-minimax-diagonal-maxi-3-3-places","status":"publish","type":"product","link":"https:\/\/cms-euro.com\/?product=van-cheval-liberte-minimax-diagonal-maxi-3-3-places","title":{"rendered":"Van Cheval Liberte \u2013 Minimax Diagonal \u2013 Maxi 3 \u2013 3 Places"},"content":{"rendered":"<h2 class=\"Text3027143737__root Text3027143737---typography-11-runningText Text3027143737---priority-7-primary s8gg2 _2UIKs InfoSectionTitle3095652555__root\" aria-hidden=\"false\" data-hook=\"info-section-title\">D\u00e9tails Techniques<\/h2>\n<div class=\"_2tV5m fggS- cell\"><\/div>\n<div class=\"rah-static rah-static--height-auto\" aria-hidden=\"false\">\n<div>\n<div class=\"_1yvxJ fggS- cell\">\n<div class=\"WncCi\" data-hook=\"info-section-description\">\n<ul>\n<li>Type :\u00a0Vans tract\u00e9s &#8211; chevaux<\/li>\n<li>Marque :\u00a0Cheval Libert\u00e9<\/li>\n<li>Mod\u00e8le :\u00a0Minimax &#8211; Maxi 3<\/li>\n<li>Nombre de chevaux :\u00a03<\/li>\n<li>Garantie :\u00a024 mois<\/li>\n<li>Ann\u00e9e :\u00a02023<\/li>\n<li>Condition :\u00a0Neuf<\/li>\n<li>Chevaux voyagent :\u00a0De biais<\/li>\n<li>Pont :\u00a0Avant, Arri\u00e8re<\/li>\n<\/ul>\n<\/div>\n<\/div>\n<\/div>\n<\/div>\n","protected":false},"excerpt":{"rendered":"<p>DESCRIPTION<\/p>\n<p><strong><u>Mod\u00e8le<\/u>\u00a0<\/strong>: Minimax \u2013 Maxi 3<br \/>\n<strong>&gt;<\/strong>\u00a0Chargement diagonal<br \/>\n<strong>&gt;<\/strong>\u00a0Am\u00e9nagement modulable pour 3 chevaux<br \/>\n<strong>&gt;\u00a0<\/strong>Toit et d\u00e9flecteur avant en polyester renforc\u00e9.<br \/>\n<strong>&gt;\u00a0<\/strong>Suspension Pullman 2<br \/>\n<strong>&gt;\u00a0<\/strong>Parois lat\u00e9rales et plancher aluminium garantis 5 ans<br \/>\n<strong>&gt;\u00a0<\/strong>S\u00e9paration demi bat flanc aluminium avec s\u00e9paration de t\u00eate, fermeture par sangle cuir.<br \/>\n<strong>&gt;\u00a0<\/strong>Barre de recul<br \/>\n<strong>&gt;\u00a0<\/strong>Pont avant avec volet sup\u00e9rieur \u00e9quip\u00e9 d\u2019une fen\u00eatre<br \/>\n<strong>&gt;\u00a0<\/strong>Volet lat\u00e9ral avec fen\u00eatre<br \/>\n<strong>&gt;\u00a0<\/strong>C\u00f4t\u00e9 gauche : fen\u00eatre coulissante de ventilation<br \/>\n<strong>&gt;\u00a0<\/strong>Pont\/porte arri\u00e8re, b\u00e2che \u00e0 enrouleur automatique<br \/>\n<strong>&gt;\u00a0<\/strong>Vaste compartiment sellerie am\u00e9nag\u00e9 avec grande porte d\u2019acc\u00e8s et fen\u00eatre..<br \/>\n<strong>&gt;\u00a0<\/strong>Barre d\u2019attache lat\u00e9rale en inox, \u00e0 droite<br \/>\n<strong>&gt;\u00a0<\/strong>Roue de secours (install\u00e9e dans la sellerie)<br \/>\n<strong>&gt;\u00a0<\/strong>\u00c9quipement pl\u00e9thorique pour le confort, la ventilation et la s\u00e9curit\u00e9<br \/>\n<strong>&gt;<\/strong>\u00a0Porte de visite verrouillable,<br \/>\n<strong>&gt;\u00a0<\/strong>\u00c9clairage int\u00e9rieur,<\/p>\n<p><strong><u>Nouveaut\u00e9 2022 :<\/u><\/strong><br \/>\n<strong>&gt;Plus d\u2019espace<\/strong>\u00a0disponible pour\u00a0<strong>vos chevaux<\/strong>\u00a0\u00e0 l\u2019int\u00e9rieur du van gr\u00e2ce \u00e0 des\u00a0<strong>passages de roues repens\u00e9s<\/strong>\u00a0;<br \/>\n<strong>&gt;<\/strong>De quoi\u00a0<strong>g\u00e9rer<\/strong>\u00a0facilement les\u00a0<strong>interactions entre les chevaux<\/strong>\u00a0pr\u00e9sents dans le van avec de\u00a0<strong>nouvelles s\u00e9parations int\u00e9rieures<\/strong>\u00a0t\u00e9lescopiques en aluminium,\u00a0<strong>r\u00e9glables<\/strong>\u00a0sur des rails coulissants retravaill\u00e9s.<br \/>\n<strong>&gt;<\/strong>Le\u00a0<strong>une s\u00e9paration de t\u00eate int\u00e9gr\u00e9e<\/strong>\u00a0avec un cache amovible ;<br \/>\n<strong>&gt;<\/strong>De\u00a0<strong>nouveaux gardes boues ext\u00e9rieurs<\/strong>\u00a0en ABS, plus\u00a0<strong>r\u00e9sistants<\/strong>\u00a0aux rayures et petits chocs, avec bavette int\u00e9gr\u00e9e pour une\u00a0<strong>meilleure protection de la caisse<\/strong><br \/>\n<strong>&gt;<\/strong>Une esth\u00e9tique irr\u00e9prochable gr\u00e2ce \u00e0 la\u00a0<strong>conception de coque polyester<\/strong>\u00a0plus\u00a0<strong>a\u00e9rodynamique<\/strong>, sans pour autant sacrifier\u00a0<strong>l\u2019imposant espace sellerie<\/strong>\u00a0;<br \/>\n<strong>&gt;<\/strong>De\u00a0<strong>nombreuses \u00e9volutions<\/strong>\u00a0sur les attaches chevaux, les ouvrants, la modularit\u00e9 et plus encore, pour des\u00a0<strong>d\u00e9placements sans contraintes<\/strong>\u00a0!<\/p>\n<p><strong><u>Caract\u00e9ristiques<\/u>\u00a0<\/strong>:<br \/>\n&#8211; Poids \u00e0 vide : 1180 kgs<br \/>\n&#8211; PTAC : 2700 kg \u00e0 3500 kg au choix<br \/>\n&#8211; Dimensions totales : Haut : 2.72m \u2013 Larg : 2.34m \u2013 Long : 5.27m,<br \/>\n&#8211; Dimensions utiles : Haut : 2.30m \u2013 Larg : 2.07m \u2013 Long : 4.20m<\/p>\n<p><strong><u>Couleurs possibles<\/u><\/strong>\u00a0: noir, gris fonc\u00e9, gris clair, bleu ou blanc.<\/p>\n<p><strong><u>Options disponibles en suppl\u00e9ments<\/u><\/strong>\u00a0: antivol de t\u00eate d&rsquo;attelage, sur tapis, cam\u00e9ra de surveillance, 2\u00e8me barre d\u2019attache lat\u00e9rale, jantes aluminium\u2026<\/p>\n","protected":false},"featured_media":10482,"comment_status":"closed","ping_status":"closed","template":"","meta":{"inline_featured_image":false},"product_brand":[],"product_cat":[105],"product_tag":[],"class_list":{"0":"post-10257","1":"product","2":"type-product","3":"status-publish","4":"has-post-thumbnail","6":"product_cat-remorques","8":"first","9":"instock","10":"sale","11":"taxable","12":"shipping-taxable","13":"product-type-simple"},"_links":{"self":[{"href":"https:\/\/cms-euro.com\/index.php?rest_route=\/wp\/v2\/product\/10257","targetHints":{"allow":["GET"]}}],"collection":[{"href":"https:\/\/cms-euro.com\/index.php?rest_route=\/wp\/v2\/product"}],"about":[{"href":"https:\/\/cms-euro.com\/index.php?rest_route=\/wp\/v2\/types\/product"}],"replies":[{"embeddable":true,"href":"https:\/\/cms-euro.com\/index.php?rest_route=%2Fwp%2Fv2%2Fcomments&post=10257"}],"version-history":[{"count":0,"href":"https:\/\/cms-euro.com\/index.php?rest_route=\/wp\/v2\/product\/10257\/revisions"}],"wp:featuredmedia":[{"embeddable":true,"href":"https:\/\/cms-euro.com\/index.php?rest_route=\/wp\/v2\/media\/10482"}],"wp:attachment":[{"href":"https:\/\/cms-euro.com\/index.php?rest_route=%2Fwp%2Fv2%2Fmedia&parent=10257"}],"wp:term":[{"taxonomy":"product_brand","embeddable":true,"href":"https:\/\/cms-euro.com\/index.php?rest_route=%2Fwp%2Fv2%2Fproduct_brand&post=10257"},{"taxonomy":"product_cat","embeddable":true,"href":"https:\/\/cms-euro.com\/index.php?rest_route=%2Fwp%2Fv2%2Fproduct_cat&post=10257"},{"taxonomy":"product_tag","embeddable":true,"href":"https:\/\/cms-euro.com\/index.php?rest_route=%2Fwp%2Fv2%2Fproduct_tag&post=10257"}],"curies":[{"name":"wp","href":"https:\/\/api.w.org\/{rel}","templated":true}]}}