{"id":10322,"date":"2025-05-08T11:42:20","date_gmt":"2025-05-08T11:42:20","guid":{"rendered":"https:\/\/cms-euro.com\/?post_type=product&#038;p=10322"},"modified":"2025-05-08T11:43:34","modified_gmt":"2025-05-08T11:43:34","slug":"remorque-a-bascule-rex-25","status":"publish","type":"product","link":"https:\/\/cms-euro.com\/?product=remorque-a-bascule-rex-25","title":{"rendered":"Remorque \u00e0 bascule REX 25"},"content":{"rendered":"<p>Basculante, la paroi arri\u00e8re sert de rampe d&rsquo;acc\u00e8s imm\u00e9diate<br \/>\nRemorque basculante non frein\u00e9e de 750 kg<br \/>\nFabriqu\u00e9e en Allemagne<\/p>\n<p>La remorque Stema REX 25 est une remorque robuste \u00e0 un essieu non frein\u00e9e avec une surface de chargement inclinable. En actionnant la manivelle t\u00e9lescopique, le pont basculant est amen\u00e9 dans la position souhait\u00e9e. La paroi arri\u00e8re peut imm\u00e9diatement \u00eatre utilis\u00e9e comme rampe d&rsquo;acc\u00e8s. Cela signifie que le REX 25 peut \u00eatre utilis\u00e9 de diff\u00e9rentes mani\u00e8res, par exemple pour le transport de tracteurs de pelouse, de motos ou de petites machines. C&rsquo;est la remorque id\u00e9ale pour l&rsquo;am\u00e9nagement paysager, pour les jardiniers associ\u00e9s, les gardiens et les amateurs de sport automobile.<\/p>\n<p>La remorque a un poids total maximum autoris\u00e9 de 750 kg. Jusqu&rsquo;\u00e0 506 kg peuvent y \u00eatre transport\u00e9s. La roue de support fix\u00e9e au timon facilite les man\u0153uvres de la remorque REX 25. Les parois lat\u00e9rales \u00e0 double paroi rendent le REX 25 particuli\u00e8rement stable et robuste.<\/p>\n<p>6 supports d&rsquo;arrimage robustes dans le plancher de la remorque peuvent \u00eatre utilis\u00e9s pour s\u00e9curiser les charges \u00e0 l&rsquo;aide de sangles d&rsquo;arrimage, de cordes ou de filets d&rsquo;arrimage.<\/p>\n<p>La remorque se caract\u00e9rise par les caract\u00e9ristiques suivantes :<br \/>\n&#8211; Dispositif de basculement &#8211; commande par manivelle t\u00e9lescopique pour monter et descendre la zone de chargement<br \/>\n&#8211; Pont basculant r\u00e9glable en continu<br \/>\n&#8211; Abattant de paroi arri\u00e8re carrossable &#8211; peut \u00eatre utilis\u00e9 comme rampe d&rsquo;acc\u00e8s<br \/>\n&#8211; Roulements de roue compacts n\u00e9cessitant peu d&rsquo;entretien<br \/>\n&#8211; Un axe \u00e0 ressort en caoutchouc de qualit\u00e9<br \/>\n&#8211; Grands feux arri\u00e8re multifonctionnels avec feu antibrouillard arri\u00e8re<br \/>\n&#8211; De nombreux raccords \u00e0 vis faciles \u00e0 inspecter,<br \/>\n&#8211; Timon en V de s\u00e9curit\u00e9 Stema<br \/>\n&#8211; Un ch\u00e2ssis galvanis\u00e9 \u00e0 chaud<\/p>\n<p>L&rsquo;\u00e9quipement standard comprend :<br \/>\n&#8211; Roue de support<br \/>\n&#8211; Pneus neufs 145\/80 B10<br \/>\n&#8211; Fermetures stables du panneau arri\u00e8re<br \/>\n&#8211; Protection suppl\u00e9mentaire sur l&#8217;embrayage (Black Nose)<\/p>\n<p>Des traitements de surface suppl\u00e9mentaires sur les parois lat\u00e9rales en t\u00f4le d&rsquo;acier \u00e0 l&rsquo;aide d&rsquo;un rev\u00eatement sp\u00e9cial Galvalume\u00ae et sur le ch\u00e2ssis galvanis\u00e9 \u00e0 chaud de la remorque garantissent un degr\u00e9 \u00e9lev\u00e9 d&rsquo;insensibilit\u00e9 aux influences m\u00e9t\u00e9orologiques.<\/p>\n<p>Le sol est en bois multicouche coll\u00e9 imperm\u00e9able avec une surface antid\u00e9rapante recouverte de r\u00e9sine ph\u00e9nolique.<\/p>\n<p>La remorque est conforme aux directives de l&rsquo;UE.<\/p>\n<p>La livraison comprend :<br \/>\n&#8211; Bande-annonce<br \/>\n&#8211; Carte grise du v\u00e9hicule<br \/>\n&#8211; D\u00e9claration de conformit\u00e9 CE (papier CoC)<br \/>\n&#8211; Manuel d&rsquo;utilisation<\/p>\n","protected":false},"excerpt":{"rendered":"<p>Technische Daten<br \/>\nProduktmerkmale<br \/>\nNutzfl\u00e4che: 251 x 128 cm<br \/>\nBordwandh\u00f6he: 34,5 cm<br \/>\nMax. zul\u00e4ssiges Gesamtgewicht: 750 kg<br \/>\nMax. Nutzlast: 506 kg<br \/>\nAusf\u00fchrung: Tieflader<br \/>\nBremse: Ohne Bremsfunktion<br \/>\nSt\u00fctzrad: Mit St\u00fctzrad<br \/>\nSto\u00dfd\u00e4mpfer: Ohne Sto\u00dfd\u00e4mpfer<br \/>\nSt\u00fctzlast (kg): 50 kg<br \/>\nAnzahl Achsen: 1<br \/>\nGesamt Au\u00dfenabmessungen: 3,50 x 1,74 x 1,29 m<br \/>\nH\u00f6he Ladekante: 55 cm<br \/>\nBodenst\u00e4rke: 12 mm<br \/>\nFelgendurchmesser: 25,40 cm (10&Prime;)<br \/>\nMa\u00dfe und Gewicht<br \/>\nGewicht: 244,0 kg<br \/>\nH\u00f6he: 129,0 cm<br \/>\nBreite: 3,50 m<br \/>\nTiefe: 174,0 cm<\/p>\n","protected":false},"featured_media":10536,"comment_status":"open","ping_status":"closed","template":"","meta":{"inline_featured_image":false},"product_brand":[],"product_cat":[130,105],"product_tag":[],"class_list":{"0":"post-10322","1":"product","2":"type-product","3":"status-publish","4":"has-post-thumbnail","6":"product_cat-remorque-voiture","7":"product_cat-remorques","9":"first","10":"instock","11":"sale","12":"product-type-simple"},"_links":{"self":[{"href":"https:\/\/cms-euro.com\/index.php?rest_route=\/wp\/v2\/product\/10322","targetHints":{"allow":["GET"]}}],"collection":[{"href":"https:\/\/cms-euro.com\/index.php?rest_route=\/wp\/v2\/product"}],"about":[{"href":"https:\/\/cms-euro.com\/index.php?rest_route=\/wp\/v2\/types\/product"}],"replies":[{"embeddable":true,"href":"https:\/\/cms-euro.com\/index.php?rest_route=%2Fwp%2Fv2%2Fcomments&post=10322"}],"version-history":[{"count":0,"href":"https:\/\/cms-euro.com\/index.php?rest_route=\/wp\/v2\/product\/10322\/revisions"}],"wp:featuredmedia":[{"embeddable":true,"href":"https:\/\/cms-euro.com\/index.php?rest_route=\/wp\/v2\/media\/10536"}],"wp:attachment":[{"href":"https:\/\/cms-euro.com\/index.php?rest_route=%2Fwp%2Fv2%2Fmedia&parent=10322"}],"wp:term":[{"taxonomy":"product_brand","embeddable":true,"href":"https:\/\/cms-euro.com\/index.php?rest_route=%2Fwp%2Fv2%2Fproduct_brand&post=10322"},{"taxonomy":"product_cat","embeddable":true,"href":"https:\/\/cms-euro.com\/index.php?rest_route=%2Fwp%2Fv2%2Fproduct_cat&post=10322"},{"taxonomy":"product_tag","embeddable":true,"href":"https:\/\/cms-euro.com\/index.php?rest_route=%2Fwp%2Fv2%2Fproduct_tag&post=10322"}],"curies":[{"name":"wp","href":"https:\/\/api.w.org\/{rel}","templated":true}]}}