{"id":10324,"date":"2025-05-08T11:42:21","date_gmt":"2025-05-08T11:42:21","guid":{"rendered":"https:\/\/cms-euro.com\/?post_type=product&#038;p=10324"},"modified":"2025-05-08T11:43:46","modified_gmt":"2025-05-08T11:43:46","slug":"container-de-stockage-neuf-10-pieds","status":"publish","type":"product","link":"https:\/\/cms-euro.com\/?product=container-de-stockage-neuf-10-pieds","title":{"rendered":"Container de stockage neuf 10 pieds"},"content":{"rendered":"<ul class=\"YInLPU\" data-hook=\"collapse-info-section\">\n<li class=\"KHWbzo undefined\" data-hook=\"collapse-info-item\">\n<h2 class=\"sTgpcw0 oCDTMgJ---typography-11-runningText oCDTMgJ---priority-7-primary _HOcyB x4nptw sxbtulv\" aria-hidden=\"false\" data-hook=\"info-section-title\">Caract\u00e9ristiques techniques<\/h2>\n<div class=\"aecizt QfrfFD cell\"><\/div>\n<div class=\"rah-static rah-static--height-auto\" aria-hidden=\"false\">\n<div>\n<div class=\"ulKuLk QfrfFD cell\">\n<div class=\"O0VfEq\" data-hook=\"info-section-description\">\n<ul>\n<li>DIMENSIONS EXTERIEURES<\/li>\n<li>Hauteur : 225 cm<\/li>\n<li>Largeur : 220 cm<\/li>\n<li>Profondeur : 299,10 cm<\/li>\n<li>DIMENSIONS INTERIEURES<\/li>\n<li>Hauteur : 202 cm<\/li>\n<li>Largeur : 207 cm<\/li>\n<li>Profondeur : 279,10 cm<\/li>\n<li>OSSATURE<\/li>\n<li>Mati\u00e8re : Profils d\u2019acier enti\u00e8rement soud\u00e9s et laqu\u00e9sCouleur : Blanc RAL 9010\u00c9paisseur : 3 mmManutention : 4 prises sur la toiture pour crochets de levage. Soubassement avec passage de fourches pour chariot \u00e9l\u00e9vateur \u00e9quip\u00e9 de fourches longues (250cm).<\/li>\n<li>PAROIS ET PLAFOND<\/li>\n<li>Mati\u00e8re : T\u00f4le d\u2019acier lamin\u00e9e laqu\u00e9e blanc RAL 9010\u00c9paisseur : 1,5 mmVentilation : 4 prises d\u2019airPORTESMati\u00e8re : Acier lamin\u00e9 laqu\u00e9 blanc RAL 9010Emplacement : sur la largeurBattants : 2\u00c9tanch\u00e9it\u00e9 : joints en caoutchouc noirS\u00e9curit\u00e9 : Volet de protection pour le cadenas<\/li>\n<li>PLANCHER<\/li>\n<li>Mati\u00e8re : bois massif trait\u00e9 anti-humidit\u00e9\u00c9paisseur : 25 mmPort\u00e9e : 700 kg\/m\u00b2<\/li>\n<li>DEPLACEMENT \/ LEVAGE: Par chariot \u00e9l\u00e9vateur : passage de fourches entraxe 90cm dans la largeurPar grue : 4 prises en toiture pour crochets de levage ou \u00e9linguesPoids \u00e0 vide : 900 kg<\/li>\n<li>CAPACITE<\/li>\n<li>Charge : 7200 kgVolume : 12 m\u00b3Options possibles<\/li>\n<li>Installation \u00e9lectrique (1 interrupteur + 1 n\u00e9on LED + 2 prises de courant, avec tableau \u00e9lectrique et bo\u00eete de raccordement)<\/li>\n<li>Plancher acier Couleurs sp\u00e9cifiques (selon la palette RAL)Cadenas<\/li>\n<\/ul>\n<\/div>\n<\/div>\n<\/div>\n<\/div>\n<\/li>\n<\/ul>\n","protected":false},"excerpt":{"rendered":"<p>Le\u00a0<strong>Container de stockage de 10 pieds<\/strong>\u00a0est le mod\u00e8le interm\u00e9diaire de notre gamme, avec une capacit\u00e9 de stockage de 12 m\u00b3 et de 7200kg, pour un poids \u00e0 vide de 900 kg.<\/p>\n<p>Notre conteneur de stockage 10 pieds dispose d\u2019une ossature r\u00e9alis\u00e9e en\u00a0<strong>profils d\u2019acier, \u00e9paisseur 3mm<\/strong>, enti\u00e8rement soud\u00e9s. Les parois et le plafond sont en\u00a0<strong>t\u00f4le lamin\u00e9e d\u2019\u00e9paisseur 1,5mm<\/strong>\u00a0et le plancher est en\u00a0<strong>bois massif, \u00e9paisseur 25mm<\/strong>, trait\u00e9 anti-humidit\u00e9. Il est \u00e9quip\u00e9 d\u2019un volet de protection pour le cadenas.<\/p>\n<p>La manipulation est possible avec des \u00e9lingues ou crochets de levage gr\u00e2ce aux 4 prises sur la toiture, ou via un chariot \u00e9l\u00e9vateur gr\u00e2ce au passage de fourches dans le soubassement. Ce passage de fourches est situ\u00e9 sur le c\u00f4t\u00e9, l\u2019entraxe est de 90cm<\/p>\n","protected":false},"featured_media":10549,"comment_status":"closed","ping_status":"closed","template":"","meta":{"inline_featured_image":false},"product_brand":[],"product_cat":[131,119],"product_tag":[],"class_list":{"0":"post-10324","1":"product","2":"type-product","3":"status-publish","4":"has-post-thumbnail","6":"product_cat-conteneur-piscine","7":"product_cat-conteneurs-neufs-et-occasions","9":"first","10":"instock","11":"sale","12":"taxable","13":"shipping-taxable","14":"product-type-simple"},"_links":{"self":[{"href":"https:\/\/cms-euro.com\/index.php?rest_route=\/wp\/v2\/product\/10324","targetHints":{"allow":["GET"]}}],"collection":[{"href":"https:\/\/cms-euro.com\/index.php?rest_route=\/wp\/v2\/product"}],"about":[{"href":"https:\/\/cms-euro.com\/index.php?rest_route=\/wp\/v2\/types\/product"}],"replies":[{"embeddable":true,"href":"https:\/\/cms-euro.com\/index.php?rest_route=%2Fwp%2Fv2%2Fcomments&post=10324"}],"version-history":[{"count":0,"href":"https:\/\/cms-euro.com\/index.php?rest_route=\/wp\/v2\/product\/10324\/revisions"}],"wp:featuredmedia":[{"embeddable":true,"href":"https:\/\/cms-euro.com\/index.php?rest_route=\/wp\/v2\/media\/10549"}],"wp:attachment":[{"href":"https:\/\/cms-euro.com\/index.php?rest_route=%2Fwp%2Fv2%2Fmedia&parent=10324"}],"wp:term":[{"taxonomy":"product_brand","embeddable":true,"href":"https:\/\/cms-euro.com\/index.php?rest_route=%2Fwp%2Fv2%2Fproduct_brand&post=10324"},{"taxonomy":"product_cat","embeddable":true,"href":"https:\/\/cms-euro.com\/index.php?rest_route=%2Fwp%2Fv2%2Fproduct_cat&post=10324"},{"taxonomy":"product_tag","embeddable":true,"href":"https:\/\/cms-euro.com\/index.php?rest_route=%2Fwp%2Fv2%2Fproduct_tag&post=10324"}],"curies":[{"name":"wp","href":"https:\/\/api.w.org\/{rel}","templated":true}]}}