{"id":10391,"date":"2025-05-08T11:42:43","date_gmt":"2025-05-08T11:42:43","guid":{"rendered":"https:\/\/cms-euro.com\/?post_type=product&#038;p=10391"},"modified":"2025-05-19T13:57:32","modified_gmt":"2025-05-19T13:57:32","slug":"container-15-pieds-jaune","status":"publish","type":"product","link":"https:\/\/cms-euro.com\/?product=container-15-pieds-jaune","title":{"rendered":"Container  15&prime; pieds jaune"},"content":{"rendered":"<ul class=\"aXkhmS\" dir=\"ltr\" data-hook=\"columns-info-section\">\n<li class=\"CsrIwl TWHuR7 JSlVyv\" data-hook=\"columns-info-item\">\n<h2 class=\"sFFmR2l ovIAf_6---typography-11-runningText ovIAf_6---priority-7-primary _HOcyB JUtQCP sxbtulv\" aria-hidden=\"false\" data-hook=\"info-section-title\">Options Suppl\u00e9mentaires<\/h2>\n<div class=\"zp8uy2\" data-hook=\"info-section-description\">\n<ul>\n<li><strong>Couleurs<\/strong><br \/>\nLes containers de stockage peuvent \u00eatre \u00e9quip\u00e9s de l&rsquo;option couleur<br \/>\nVous pouvez choisir la couleur des containers.<strong>Portes<\/strong><br \/>\nLes containers de stockage peuvent \u00eatre \u00e9quip\u00e9s de portes suppl\u00e9mentaires<\/p>\n<p>&#8211; portes de services<br \/>\n&#8211; portes \u00e0 deux battants<br \/>\n&#8211; portes \u00e0 quatre battants<\/p>\n<p><strong>SOL EN T\u00d4LE<\/strong><br \/>\nLes containers de stockage peuvent \u00eatre \u00e9quip\u00e9s de plancher en t\u00f4le antid\u00e9rapante<br \/>\nCette option est id\u00e9ale pour le stockage de rayonnages par exemple car elle renforce la port\u00e9e et la r\u00e9sistance du plancher.<\/p>\n<p><strong>INSTALLATION \u00c9LECTRIQUE<\/strong><br \/>\nflecheLes containers de stockage peuvent \u00eatre \u00e9quip\u00e9s de prises de courant, n\u00e9ons, &#8230;<br \/>\nEquipez votre container d&rsquo;une installation \u00e9lectrique<\/p>\n<p><strong>VERROU POUR CONTAINER<\/strong><br \/>\nLes containers de stockage peuvent \u00eatre \u00e9quip\u00e9s de solutions anti-effractions suppl\u00e9mentaires<br \/>\nPlusieurs dispositifs de s\u00e9curit\u00e9 suppl\u00e9mentaires peuvent \u00eatre ajout\u00e9s aux containers.<br \/>\nLes dispositifs clef-canne avec manivelle et serrure peuvent \u00eatre ajout\u00e9s \u00e0 la fabrication, sinon un cadenas sp\u00e9cial pour les containers peut \u00eatre fourni.<\/li>\n<\/ul>\n<\/div>\n<\/li>\n<\/ul>\n","protected":false},"excerpt":{"rendered":"<ul class=\"aXkhmS\" dir=\"ltr\" data-hook=\"columns-info-section\">\n<li class=\"CsrIwl TWHuR7 JSlVyv\" data-hook=\"columns-info-item\">L\u2019ossature des containers, enti\u00e8rement soud\u00e9e, est r\u00e9alis\u00e9e en profil d&rsquo;acier d&rsquo;\u00e9paisseur 3 mm.<br \/>\nLeurs parois et toiture sont en acier profil\u00e9 d&rsquo;\u00e9paisseur 1,5 mm.<br \/>\nIls disposent d&rsquo;une porte \u00e0 2 battants sur la largeur avec syst\u00e8me anti-effraction.<br \/>\nIls sont dot\u00e9s de prises d\u2019air en parois.<br \/>\nLeur sol est en bois massif d&rsquo;\u00e9paisseur 25 mm trait\u00e9 anti-humidit\u00e9.<br \/>\nLeur toiture comprend quatre prises pour crochets de levage, le soubassement permet le passage de fourches pour \u00e9l\u00e9vation avec chariot \u00e9l\u00e9vateur.<\/p>\n<ul class=\"aXkhmS\" dir=\"ltr\" data-hook=\"columns-info-section\">\n<li class=\"CsrIwl TWHuR7 JSlVyv\" data-hook=\"columns-info-item\">\n<h2 class=\"sFFmR2l ovIAf_6---typography-11-runningText ovIAf_6---priority-7-primary _HOcyB JUtQCP sxbtulv\" aria-hidden=\"false\" data-hook=\"info-section-title\">D\u00c9TAILS D&rsquo;ARTICLE<\/h2>\n<div class=\"zp8uy2\" data-hook=\"info-section-description\">\n<p>CARACTERISTIQUES<\/p>\n<table>\n<tbody>\n<tr>\n<th>Dim ext (en m)<\/th>\n<td>4,50 x 2,20 x 2,25<\/td>\n<\/tr>\n<tr>\n<th>Dim int (en m)<\/th>\n<td>4,30 x 2,07 x 2,02<\/td>\n<\/tr>\n<tr>\n<th>Volume (en m3)<\/th>\n<td>18<\/td>\n<\/tr>\n<tr>\n<th>Capacit\u00e9 porteuse (en Kg)<\/th>\n<td>9000<\/td>\n<\/tr>\n<\/tbody>\n<\/table>\n<p>OSSATURE<\/p>\n<table>\n<tbody>\n<tr>\n<th>Description<\/th>\n<td>Profil d&rsquo;acier enti\u00e8rement soud\u00e9<\/td>\n<\/tr>\n<tr>\n<th>Epaisseur<\/th>\n<td>3 mm<\/td>\n<\/tr>\n<\/tbody>\n<\/table>\n<p>PAROIS ET PLAFOND<\/p>\n<table>\n<tbody>\n<tr>\n<th>Description<\/th>\n<td>T\u00f4le lamin\u00e9e<\/td>\n<\/tr>\n<tr>\n<th>Epaisseur<\/th>\n<td>1,5 mm<\/td>\n<\/tr>\n<\/tbody>\n<\/table>\n<p>PLANCHER<\/p>\n<table>\n<tbody>\n<tr>\n<th>Description<\/th>\n<td>bois massif trait\u00e9 anti-humidit\u00e9<\/td>\n<\/tr>\n<tr>\n<th>Epaisseur<\/th>\n<td>25 mm<\/td>\n<\/tr>\n<\/tbody>\n<\/table>\n<p>PORTES<\/p>\n<table>\n<tbody>\n<tr>\n<th>Emplacement<\/th>\n<td>sur la largeur<\/td>\n<\/tr>\n<tr>\n<th>Battants<\/th>\n<td>2<\/td>\n<\/tr>\n<tr>\n<th>Etanch\u00e9it\u00e9<\/th>\n<td>joints en caoutchouc<\/td>\n<\/tr>\n<tr>\n<th>S\u00e9curit\u00e9<\/th>\n<td>volet de protection cadenas<\/td>\n<\/tr>\n<\/tbody>\n<\/table>\n<p>DEPLACEMENT \/ LEVAGE<\/p>\n<table>\n<tbody>\n<tr>\n<th>Chariot \u00e9l\u00e9vateur<\/th>\n<td>prises pour fourches longues (\u00e9cartement de 90 cm)<\/td>\n<\/tr>\n<tr>\n<th>Grue<\/th>\n<td>4 prises dans les angles pour crochets de levage<\/td>\n<\/tr>\n<\/tbody>\n<\/table>\n<\/div>\n<\/li>\n<\/ul>\n<\/li>\n<\/ul>\n","protected":false},"featured_media":10584,"comment_status":"closed","ping_status":"closed","template":"","meta":{"inline_featured_image":false},"product_brand":[],"product_cat":[128,117,118,119],"product_tag":[],"class_list":{"0":"post-10391","1":"product","2":"type-product","3":"status-publish","4":"has-post-thumbnail","6":"product_cat-container-maritime","7":"product_cat-containers","8":"product_cat-conteneur-amenage","9":"product_cat-conteneurs-neufs-et-occasions","11":"first","12":"instock","13":"sale","14":"taxable","15":"shipping-taxable","16":"product-type-simple"},"_links":{"self":[{"href":"https:\/\/cms-euro.com\/index.php?rest_route=\/wp\/v2\/product\/10391","targetHints":{"allow":["GET"]}}],"collection":[{"href":"https:\/\/cms-euro.com\/index.php?rest_route=\/wp\/v2\/product"}],"about":[{"href":"https:\/\/cms-euro.com\/index.php?rest_route=\/wp\/v2\/types\/product"}],"replies":[{"embeddable":true,"href":"https:\/\/cms-euro.com\/index.php?rest_route=%2Fwp%2Fv2%2Fcomments&post=10391"}],"version-history":[{"count":1,"href":"https:\/\/cms-euro.com\/index.php?rest_route=\/wp\/v2\/product\/10391\/revisions"}],"predecessor-version":[{"id":11898,"href":"https:\/\/cms-euro.com\/index.php?rest_route=\/wp\/v2\/product\/10391\/revisions\/11898"}],"wp:featuredmedia":[{"embeddable":true,"href":"https:\/\/cms-euro.com\/index.php?rest_route=\/wp\/v2\/media\/10584"}],"wp:attachment":[{"href":"https:\/\/cms-euro.com\/index.php?rest_route=%2Fwp%2Fv2%2Fmedia&parent=10391"}],"wp:term":[{"taxonomy":"product_brand","embeddable":true,"href":"https:\/\/cms-euro.com\/index.php?rest_route=%2Fwp%2Fv2%2Fproduct_brand&post=10391"},{"taxonomy":"product_cat","embeddable":true,"href":"https:\/\/cms-euro.com\/index.php?rest_route=%2Fwp%2Fv2%2Fproduct_cat&post=10391"},{"taxonomy":"product_tag","embeddable":true,"href":"https:\/\/cms-euro.com\/index.php?rest_route=%2Fwp%2Fv2%2Fproduct_tag&post=10391"}],"curies":[{"name":"wp","href":"https:\/\/api.w.org\/{rel}","templated":true}]}}