{"id":10393,"date":"2025-05-08T11:42:43","date_gmt":"2025-05-08T11:42:43","guid":{"rendered":"https:\/\/cms-euro.com\/?post_type=product&#038;p=10393"},"modified":"2025-05-08T11:43:58","modified_gmt":"2025-05-08T11:43:58","slug":"conteneur-de-bureau-10-pied","status":"publish","type":"product","link":"https:\/\/cms-euro.com\/?product=conteneur-de-bureau-10-pied","title":{"rendered":"Conteneur de bureau 10&prime; pied"},"content":{"rendered":"<ul>\n<li>CONTENEUR DE BUREAU DE 10 PIEDS EN NEUF<\/li>\n<li>(Autres couleurs disponibles sur demande)\n<p>D\u00e9lai de livraison\u00a0: 7-10 jours<\/p>\n<p>Les prix comprennent le transport (hors d\u00e9chargement)<\/li>\n<\/ul>\n","protected":false},"excerpt":{"rendered":"<ul>\n<li class=\"CsrIwl yDBimX\" data-hook=\"columns-info-item\">\n<h2 class=\"sFFmR2l ovIAf_6---typography-11-runningText ovIAf_6---priority-7-primary _HOcyB JUtQCP sxbtulv\" aria-hidden=\"false\" data-hook=\"info-section-title\">CARACT\u00c9RISTIQUES TECHNIQUES<\/h2>\n<div class=\"zp8uy2\" data-hook=\"info-section-description\">\n<ul>\n<li>Cadre massif en acier avec coins de conteneurs et passage de fourches<\/li>\n<li>Murs ext\u00e9rieurs\u00a0: acier de 0,63 mm<\/li>\n<li>Isolation murale standard laine de verre A1 &#8211; 60mm<\/li>\n<li>Plancher bois-ciment 22mm, avec rev\u00eatement PVC<\/li>\n<li>Avec 1 x fen\u00eatres PVC (oscillo-battantes) et volet roulant<\/li>\n<li>Porte ext\u00e9rieure en t\u00f4le galvanis\u00e9e avec isolation<\/li>\n<li>Installation \u00e9lectrique (aux normes CEE)<\/li>\n<li>1 rampe n\u00e9ons doubles avec vasque de protection (2x36W)<\/li>\n<li>Convecteur \u00e9lectrique\u00a02 Kw<\/li>\n<li>Autres isolation et \u00e9quipement suppl\u00e9mentaire possible<\/li>\n<\/ul>\n<table>\n<tbody>\n<tr>\n<td>Dimensions ext\u00e9rieures (LxLxH)<\/td>\n<td>2989 x 2435 x 2591 mm<\/td>\n<\/tr>\n<tr>\n<td>Dimensions int\u00e9rieures (LxLxH)<\/td>\n<td>2795 x 2240 x 2340 mm<\/td>\n<\/tr>\n<tr>\n<td>Poids<\/td>\n<td>\u00e0 partir de 1290 kg<\/td>\n<\/tr>\n<tr>\n<td>Livrable aussi avec une hauteur ext\u00e9rieure de 2800 mm<br \/>\n(hauteur int\u00e9rieure = 2540 mm)<\/td>\n<\/tr>\n<\/tbody>\n<\/table>\n<p>&nbsp;<\/p>\n<table>\n<tbody>\n<tr>\n<td>\n<ul>\n<li>Avec peinture optimale, nos couleurs standard\u00a0: possibilit\u00e9 de choisir la couleur<\/li>\n<\/ul>\n<\/td>\n<\/tr>\n<\/tbody>\n<\/table>\n<\/div>\n<\/li>\n<li><\/li>\n<\/ul>\n","protected":false},"featured_media":10605,"comment_status":"closed","ping_status":"closed","template":"","meta":{"inline_featured_image":false},"product_brand":[],"product_cat":[117,118,119],"product_tag":[],"class_list":{"0":"post-10393","1":"product","2":"type-product","3":"status-publish","4":"has-post-thumbnail","6":"product_cat-containers","7":"product_cat-conteneur-amenage","8":"product_cat-conteneurs-neufs-et-occasions","10":"first","11":"instock","12":"sale","13":"taxable","14":"shipping-taxable","15":"product-type-simple"},"_links":{"self":[{"href":"https:\/\/cms-euro.com\/index.php?rest_route=\/wp\/v2\/product\/10393","targetHints":{"allow":["GET"]}}],"collection":[{"href":"https:\/\/cms-euro.com\/index.php?rest_route=\/wp\/v2\/product"}],"about":[{"href":"https:\/\/cms-euro.com\/index.php?rest_route=\/wp\/v2\/types\/product"}],"replies":[{"embeddable":true,"href":"https:\/\/cms-euro.com\/index.php?rest_route=%2Fwp%2Fv2%2Fcomments&post=10393"}],"version-history":[{"count":0,"href":"https:\/\/cms-euro.com\/index.php?rest_route=\/wp\/v2\/product\/10393\/revisions"}],"wp:featuredmedia":[{"embeddable":true,"href":"https:\/\/cms-euro.com\/index.php?rest_route=\/wp\/v2\/media\/10605"}],"wp:attachment":[{"href":"https:\/\/cms-euro.com\/index.php?rest_route=%2Fwp%2Fv2%2Fmedia&parent=10393"}],"wp:term":[{"taxonomy":"product_brand","embeddable":true,"href":"https:\/\/cms-euro.com\/index.php?rest_route=%2Fwp%2Fv2%2Fproduct_brand&post=10393"},{"taxonomy":"product_cat","embeddable":true,"href":"https:\/\/cms-euro.com\/index.php?rest_route=%2Fwp%2Fv2%2Fproduct_cat&post=10393"},{"taxonomy":"product_tag","embeddable":true,"href":"https:\/\/cms-euro.com\/index.php?rest_route=%2Fwp%2Fv2%2Fproduct_tag&post=10393"}],"curies":[{"name":"wp","href":"https:\/\/api.w.org\/{rel}","templated":true}]}}