{"id":10395,"date":"2025-05-08T11:42:43","date_gmt":"2025-05-08T11:42:43","guid":{"rendered":"https:\/\/cms-euro.com\/?post_type=product&#038;p=10395"},"modified":"2025-05-08T11:44:06","modified_gmt":"2025-05-08T11:44:06","slug":"conteneur-de-chantier-dim-5-00-x-2-40-m","status":"publish","type":"product","link":"https:\/\/cms-euro.com\/?product=conteneur-de-chantier-dim-5-00-x-2-40-m","title":{"rendered":"CONTENEUR DE CHANTIER (DIM. 5.00 X 2.40 M)"},"content":{"rendered":"","protected":false},"excerpt":{"rendered":"<p>CONTENEUR DE CHANTIER (DIM. 5.00 X 2.40 M)<\/p>\n<p>&nbsp;<\/p>\n<ul>\n<li>Murs ext\u00e9rieurs\u00a0: isolation murale standard 40mm\u00a0panneaux \u00a0\u00ab\u00a0Sandwich\u00a0\u00bb\u00a0de polyur\u00e9thane\u00a0(50mm aussi possible, + 50kg)<\/li>\n<li>Plancher\u00a0: bois-ciment 18mm, avec rev\u00eatement PVC<\/li>\n<li>1 x fen\u00eatre coulissante avec barre de s\u00e9curit\u00e9<\/li>\n<li>Porte ext\u00e9rieure avec fen\u00eatre et barre de s\u00e9curit\u00e9<\/li>\n<li>Installation \u00e9lectrique<\/li>\n<li>1 x \u00e9clairage (1x36W) avec interrupteur<\/li>\n<li>1 x prise de courant<\/li>\n<li>Autres isolation et \u00e9quipement suppl\u00e9mentaire possible<\/li>\n<\/ul>\n<table>\n<tbody>\n<tr>\n<td>Dimensions ext\u00e9rieures (LxLxH)<\/td>\n<td>5000 x 2400 x 2500 mm<\/td>\n<\/tr>\n<tr>\n<td>Dimensions int\u00e9rieures (LxLxH)<\/td>\n<td>4820 x 2200 x 2210 mm<\/td>\n<\/tr>\n<tr>\n<td>Poids<\/td>\n<td>\u00e0 partir de 900 kg<\/td>\n<\/tr>\n<tr>\n<td>Livrable aussi avec une hauteur ext\u00e9rieure de 2670 mm<br \/>\n(hauteur int\u00e9rieure = 2500 mm) ou de 2970 mm (hauteur int\u00e9rieure = 2700mm)<\/td>\n<\/tr>\n<\/tbody>\n<\/table>\n<p>&nbsp;<\/p>\n<table>\n<tbody>\n<tr>\n<td>\n<ul>\n<li>Avec peinture optimale, nos couleurs standard:<\/li>\n<\/ul>\n<\/td>\n<\/tr>\n<tr>\n<td>Murs ext\u00e9rieurs \/ Blancgris &#8211; Ral 9002<\/td>\n<td>Cadre \u00a0\/ Bleu Ral 5017<\/td>\n<\/tr>\n<tr>\n<td>&nbsp;<\/td>\n<td>&nbsp;<\/td>\n<\/tr>\n<\/tbody>\n<\/table>\n<p>(Autres couleurs disponibles sur demande)<\/p>\n<p>D\u00e9lai de livraison\u00a0: 7-10\u00a0jours<\/p>\n<p>&nbsp;<\/p>\n","protected":false},"featured_media":10624,"comment_status":"closed","ping_status":"closed","template":"","meta":{"inline_featured_image":false},"product_brand":[],"product_cat":[117,118,119],"product_tag":[],"class_list":{"0":"post-10395","1":"product","2":"type-product","3":"status-publish","4":"has-post-thumbnail","6":"product_cat-containers","7":"product_cat-conteneur-amenage","8":"product_cat-conteneurs-neufs-et-occasions","10":"first","11":"instock","12":"sale","13":"taxable","14":"shipping-taxable","15":"product-type-simple"},"_links":{"self":[{"href":"https:\/\/cms-euro.com\/index.php?rest_route=\/wp\/v2\/product\/10395","targetHints":{"allow":["GET"]}}],"collection":[{"href":"https:\/\/cms-euro.com\/index.php?rest_route=\/wp\/v2\/product"}],"about":[{"href":"https:\/\/cms-euro.com\/index.php?rest_route=\/wp\/v2\/types\/product"}],"replies":[{"embeddable":true,"href":"https:\/\/cms-euro.com\/index.php?rest_route=%2Fwp%2Fv2%2Fcomments&post=10395"}],"version-history":[{"count":0,"href":"https:\/\/cms-euro.com\/index.php?rest_route=\/wp\/v2\/product\/10395\/revisions"}],"wp:featuredmedia":[{"embeddable":true,"href":"https:\/\/cms-euro.com\/index.php?rest_route=\/wp\/v2\/media\/10624"}],"wp:attachment":[{"href":"https:\/\/cms-euro.com\/index.php?rest_route=%2Fwp%2Fv2%2Fmedia&parent=10395"}],"wp:term":[{"taxonomy":"product_brand","embeddable":true,"href":"https:\/\/cms-euro.com\/index.php?rest_route=%2Fwp%2Fv2%2Fproduct_brand&post=10395"},{"taxonomy":"product_cat","embeddable":true,"href":"https:\/\/cms-euro.com\/index.php?rest_route=%2Fwp%2Fv2%2Fproduct_cat&post=10395"},{"taxonomy":"product_tag","embeddable":true,"href":"https:\/\/cms-euro.com\/index.php?rest_route=%2Fwp%2Fv2%2Fproduct_tag&post=10395"}],"curies":[{"name":"wp","href":"https:\/\/api.w.org\/{rel}","templated":true}]}}