{"id":10396,"date":"2025-05-08T11:42:43","date_gmt":"2025-05-08T11:42:43","guid":{"rendered":"https:\/\/cms-euro.com\/?post_type=product&#038;p=10396"},"modified":"2025-05-08T11:44:07","modified_gmt":"2025-05-08T11:44:07","slug":"container-15-open-side-stockage","status":"publish","type":"product","link":"https:\/\/cms-euro.com\/?product=container-15-open-side-stockage","title":{"rendered":"Container 15&prime; Open Side Stockage"},"content":{"rendered":"<p><strong>Le\u00a0Conteneur 15 pieds open side stockage neuf,<\/strong>\u00a0est tr\u00e8s utilis\u00e9 pour les chantiers ou pour l\u2019activit\u00e9 de self-stockage. Le container 15 pieds ouverture lat\u00e9rale est \u00e9quip\u00e9 d\u2019une porte \u00e0 double battant avec cache cadenas.\u00a0De plus, la structure des containers Open Side est r\u00e9alis\u00e9e en profil d\u2019acier d\u2019\u00e9paisseur 4 mm. De m\u00eame, les parois et plafonds sont en acier profil\u00e9 d\u2019\u00e9paisseur 1,5 mm dot\u00e9s de prises d\u2019air. Ils disposent \u00e9galement d\u2019une porte \u00e0 2 battants sur la largeur avec syst\u00e8me anti-effraction. 4 coins ISO sont pr\u00e9sents sur les conteneurs 15 pieds Open Side afin de pouvoir les \u00e9linguer. De plus, le soubassement permet le passage de fourches pour \u00e9l\u00e9vation avec chariot \u00e9l\u00e9vateur. Enfin, les containers 15 pieds Open Side contiennent un sol en bois OSB d\u2019\u00e9paisseur 22 mm trait\u00e9 anti-humidit\u00e9.<\/p>\n","protected":false},"excerpt":{"rendered":"<ul class=\"YInLPU\" data-hook=\"collapse-info-section\">\n<li class=\"KHWbzo undefined\" data-hook=\"collapse-info-item\">\n<h2 class=\"smepPp9 o__9K3pMQ---typography-11-runningText o__9K3pMQ---priority-7-primary _HOcyB x4nptw sxbtulv\" aria-hidden=\"false\" data-hook=\"info-section-title\">Dimensions :<\/h2>\n<div class=\"aecizt QfrfFD cell\"><\/div>\n<div class=\"rah-static rah-static--height-auto\" aria-hidden=\"false\">\n<div>\n<div class=\"ulKuLk QfrfFD cell\">\n<div class=\"zp8uy2\" data-hook=\"info-section-description\">\n<table>\n<tbody>\n<tr>\n<td><\/td>\n<td>Longueur (m)<\/td>\n<td>Largeur (m)<\/td>\n<td>Hauteur (m)<\/td>\n<\/tr>\n<tr>\n<td>Ext\u00e9rieures<\/td>\n<td>4,50<\/td>\n<td>2,43<\/td>\n<td>2,59<\/td>\n<\/tr>\n<tr>\n<td>Int\u00e9rieures<\/td>\n<td>4,33<\/td>\n<td>2,32<\/td>\n<td>2,39<\/td>\n<\/tr>\n<tr>\n<td>Portes<\/td>\n<td><\/td>\n<td>2,28<\/td>\n<td>2,28<\/td>\n<\/tr>\n<tr>\n<td>Portes lat\u00e9rales<\/td>\n<td><\/td>\n<td>4,21<\/td>\n<td>2,29<\/td>\n<\/tr>\n<\/tbody>\n<\/table>\n<\/div>\n<\/div>\n<\/div>\n<\/div>\n<\/li>\n<\/ul>\n","protected":false},"featured_media":10632,"comment_status":"closed","ping_status":"closed","template":"","meta":{"inline_featured_image":false},"product_brand":[],"product_cat":[117,118,119],"product_tag":[],"class_list":{"0":"post-10396","1":"product","2":"type-product","3":"status-publish","4":"has-post-thumbnail","6":"product_cat-containers","7":"product_cat-conteneur-amenage","8":"product_cat-conteneurs-neufs-et-occasions","10":"first","11":"instock","12":"product-type-simple"},"_links":{"self":[{"href":"https:\/\/cms-euro.com\/index.php?rest_route=\/wp\/v2\/product\/10396","targetHints":{"allow":["GET"]}}],"collection":[{"href":"https:\/\/cms-euro.com\/index.php?rest_route=\/wp\/v2\/product"}],"about":[{"href":"https:\/\/cms-euro.com\/index.php?rest_route=\/wp\/v2\/types\/product"}],"replies":[{"embeddable":true,"href":"https:\/\/cms-euro.com\/index.php?rest_route=%2Fwp%2Fv2%2Fcomments&post=10396"}],"version-history":[{"count":0,"href":"https:\/\/cms-euro.com\/index.php?rest_route=\/wp\/v2\/product\/10396\/revisions"}],"wp:featuredmedia":[{"embeddable":true,"href":"https:\/\/cms-euro.com\/index.php?rest_route=\/wp\/v2\/media\/10632"}],"wp:attachment":[{"href":"https:\/\/cms-euro.com\/index.php?rest_route=%2Fwp%2Fv2%2Fmedia&parent=10396"}],"wp:term":[{"taxonomy":"product_brand","embeddable":true,"href":"https:\/\/cms-euro.com\/index.php?rest_route=%2Fwp%2Fv2%2Fproduct_brand&post=10396"},{"taxonomy":"product_cat","embeddable":true,"href":"https:\/\/cms-euro.com\/index.php?rest_route=%2Fwp%2Fv2%2Fproduct_cat&post=10396"},{"taxonomy":"product_tag","embeddable":true,"href":"https:\/\/cms-euro.com\/index.php?rest_route=%2Fwp%2Fv2%2Fproduct_tag&post=10396"}],"curies":[{"name":"wp","href":"https:\/\/api.w.org\/{rel}","templated":true}]}}