{"id":10397,"date":"2025-05-08T11:42:43","date_gmt":"2025-05-08T11:42:43","guid":{"rendered":"https:\/\/cms-euro.com\/?post_type=product&#038;p=10397"},"modified":"2025-05-08T11:44:10","modified_gmt":"2025-05-08T11:44:10","slug":"bockmann-portax-l-k-van-2-places-new","status":"publish","type":"product","link":"https:\/\/cms-euro.com\/?product=bockmann-portax-l-k-van-2-places-new","title":{"rendered":"B\u00f6ckmann PORTAX L-K Van 2 Places New"},"content":{"rendered":"","protected":false},"excerpt":{"rendered":"<div id=\"comp-lkpt9qwk_r_comp-l2itfe7i_r_comp-l2is8hpe__da941388-2199-e8ec-d012-168d10437177\" class=\"rM7ckN YJEKQk comp-lkpt9qwk_r_comp-l2itfe7i_r_comp-l2is8hpe-container has-click-trigger J6KGih wixui-box\">\n<div id=\"comp-lkpt9qwk_r_comp-l2itfe7i_r_comp-kquuuy8n__da941388-2199-e8ec-d012-168d10437177\" class=\"HcOXKn SxM0TO QxJLC3 comp-lkpt9qwk_r_comp-l2itfe7i_r_comp-kquuuy8n wixui-rich-text\" data-testid=\"richTextElement\">\n<h2 class=\"font_8 wixui-rich-text__text\">Details du produit<\/h2>\n<\/div>\n<div id=\"comp-lkpt9qwk_r_comp-l2itfe7i_r_comp-l3smg12x__da941388-2199-e8ec-d012-168d10437177\" class=\"comp-lkpt9qwk_r_comp-l2itfe7i_r_comp-l3smg12x\" data-semantic-classname=\"button\">\n<div class=\"StylableButton2545352419__container\">\n<div><\/div>\n<\/div>\n<\/div>\n<div id=\"comp-lkpt9qwk_r_comp-l2itfe7i_r_comp-l3smg7wg__da941388-2199-e8ec-d012-168d10437177\" class=\"comp-lkpt9qwk_r_comp-l2itfe7i_r_comp-l3smg7wg\" data-semantic-classname=\"button\">\n<div class=\"StylableButton2545352419__container\">\n<div><\/div>\n<\/div>\n<\/div>\n<\/div>\n<div id=\"comp-lkpt9qwk_r_comp-l2itfe7i_r_comp-kwezj0j5__da941388-2199-e8ec-d012-168d10437177\" class=\"HcOXKn c9GqVL QxJLC3 comp-lkpt9qwk_r_comp-l2itfe7i_r_comp-kwezj0j5 wixui-rich-text\" data-testid=\"richTextElement\">\n<div class=\"font_8 wixui-rich-text__text\">\n<div>\n<div>\n<div>\n<ul>\n<li>Marque:\u00a0Bockmann<\/li>\n<li>Mod\u00e8le:\u00a0PORTAX L-K<\/li>\n<li>Ann\u00e9e:\u00a02020<\/li>\n<li>Premi\u00e8re main:\u00a0Non<\/li>\n<li>Etat:\u00a0Neuf<\/li>\n<li>Capacit\u00e9:\u00a02 Chevaux<\/li>\n<li>Pont\u00a0Avant, Arri\u00e8re.<\/li>\n<li>Permis sp\u00e9cifique:\u00a0Non<\/li>\n<\/ul>\n<p>Van 2 places disponible PORTAX L-K<\/p>\n<p>! mod\u00e8le d\u2019expo 2020 !<\/p>\n<p>&nbsp;<\/p>\n<p>2 chevaux avec sellerie et pont avant 4125 x 1750 x 2300 mm ( id\u00e9al grands chevaux )<\/p>\n<p>\u2013 plancher aluminium<\/p>\n<p>\u2013 suspension \u00e0 roues ind\u00e9pendantes WCF ( Westfalia )<\/p>\n<p>\u2013 Amortisseur hydraulique \u00e0 chaque roues<\/p>\n<p>\u2013 Roues de 14\u2033<\/p>\n<p>\u2013 syst\u00e8me de freinage \u00e0 inertie avec recul automatique ,<\/p>\n<p>\u2013 pont porte arri\u00e8re renforc\u00e9 ,<\/p>\n<p>\u2013 levage avec amortisseur \u00e0 gaz ,<\/p>\n<p>\u2013 pare botte composite<\/p>\n<p>\u2013 capitonnages<\/p>\n<p>\u2013 b\u00e2che arri\u00e8re automatique avec moustiquaire<\/p>\n<p>\u2013 bat-flanc avec pilier central d\u00e9montable<\/p>\n<p>\u2013 barre de poitrail et de recul r\u00e9glable en hauteur et longueur, anti-panique avant et arri\u00e8re<\/p>\n<p>\u2013 6 fen\u00eatres coulissantes<\/p>\n<p>\u2013 A\u00e9rateur de toit<\/p>\n<p>\u2013 2 porteS de visite avec fermeture \u00e0 clef 3 points ,<\/p>\n<p>\u2013 attaches int\u00e9rieur et ext\u00e9rieur<\/p>\n<p>\u2013 lumi\u00e8re int\u00e9rieur \u00e0 LED blanche et bleu pour les transports de nuit<\/p>\n<p>\u2013 sellerie int\u00e9rieur avec porte selles, porte brides et divers rangements<\/p>\n<p>\u2013 mangeoires amovibles<\/p>\n<p>\u2013 roue jockey automatique<\/p>\n<p>\u2013 roue de secours<\/p>\n<p>\u2013 antivols t\u00eate attelage<\/p>\n<\/div>\n<\/div>\n<\/div>\n<\/div>\n<\/div>\n","protected":false},"featured_media":10637,"comment_status":"closed","ping_status":"closed","template":"","meta":{"inline_featured_image":false},"product_brand":[],"product_cat":[121],"product_tag":[],"class_list":{"0":"post-10397","1":"product","2":"type-product","3":"status-publish","4":"has-post-thumbnail","6":"product_cat-accessories","8":"first","9":"instock","10":"sale","11":"product-type-simple"},"_links":{"self":[{"href":"https:\/\/cms-euro.com\/index.php?rest_route=\/wp\/v2\/product\/10397","targetHints":{"allow":["GET"]}}],"collection":[{"href":"https:\/\/cms-euro.com\/index.php?rest_route=\/wp\/v2\/product"}],"about":[{"href":"https:\/\/cms-euro.com\/index.php?rest_route=\/wp\/v2\/types\/product"}],"replies":[{"embeddable":true,"href":"https:\/\/cms-euro.com\/index.php?rest_route=%2Fwp%2Fv2%2Fcomments&post=10397"}],"version-history":[{"count":0,"href":"https:\/\/cms-euro.com\/index.php?rest_route=\/wp\/v2\/product\/10397\/revisions"}],"wp:featuredmedia":[{"embeddable":true,"href":"https:\/\/cms-euro.com\/index.php?rest_route=\/wp\/v2\/media\/10637"}],"wp:attachment":[{"href":"https:\/\/cms-euro.com\/index.php?rest_route=%2Fwp%2Fv2%2Fmedia&parent=10397"}],"wp:term":[{"taxonomy":"product_brand","embeddable":true,"href":"https:\/\/cms-euro.com\/index.php?rest_route=%2Fwp%2Fv2%2Fproduct_brand&post=10397"},{"taxonomy":"product_cat","embeddable":true,"href":"https:\/\/cms-euro.com\/index.php?rest_route=%2Fwp%2Fv2%2Fproduct_cat&post=10397"},{"taxonomy":"product_tag","embeddable":true,"href":"https:\/\/cms-euro.com\/index.php?rest_route=%2Fwp%2Fv2%2Fproduct_tag&post=10397"}],"curies":[{"name":"wp","href":"https:\/\/api.w.org\/{rel}","templated":true}]}}