{"id":10398,"date":"2025-05-08T11:42:43","date_gmt":"2025-05-08T11:42:43","guid":{"rendered":"https:\/\/cms-euro.com\/?post_type=product&#038;p=10398"},"modified":"2025-05-08T11:44:15","modified_gmt":"2025-05-08T11:44:15","slug":"conteneur-dhabitation-mobile-bois-de-luxe","status":"publish","type":"product","link":"https:\/\/cms-euro.com\/?product=conteneur-dhabitation-mobile-bois-de-luxe","title":{"rendered":"Conteneur d\u2019habitation mobile \/ Bois de luxe"},"content":{"rendered":"<p>Mur\t50 mm\/75 mm\/100 mm EPS\/laine de verre\/pu<br \/>\nSol\tPlancher MGO 15 mm au milieu +18mm stratifi\u00e9 plancher dans Deux c\u00f4t\u00e9s + rev\u00eatement de sol en PVC de 2 mm<br \/>\nPorte\tPorte en acier, porte coulissante en aluminium, porte en aluminium d\u00e9coup\u00e9e en pont<br \/>\nFen\u00eatre\tFen\u00eatre coulissante en PVC, fen\u00eatre en aluminium, fen\u00eatre en aluminium d\u00e9coup\u00e9e en pont<br \/>\nPlafond\tT\u00f4le d&rsquo;acier avec isolation en laine de verre<br \/>\nChargement\t2 ensembles\/40HQ<br \/>\nAvantage\t(1)installation rapide : 10 min\/jeu, r\u00e9duction des co\u00fbts de main-d&rsquo;\u0153uvre ;<br \/>\n(2)antirouille : utiliser de l&rsquo;acier glavanis\u00e9 chaud ;<br \/>\n(3)\u00e9tanche: Sans plafond en bois, mur;<br \/>\n(4)ignifug\u00e9: Classe a de classe de feu<br \/>\n(5)fondation simple: Il suffit de 16pcs de fondation de boulonnage de b\u00e9ton;<br \/>\n(6)r\u00e9sistant au vent (niveau 11) et antisismique (grade 10)<\/p>\n","protected":false},"excerpt":{"rendered":"<p>Type de produit<\/p>\n<p>Compl\u00e8te Deluxe<\/p>\n<p>Largeur<\/p>\n<p>640<\/p>\n<p>Longueur<\/p>\n<p>590<\/p>\n<p>Poids<\/p>\n<p>3150<\/p>\n<p>Marque<\/p>\n<p>Mobile houses NL<\/p>\n<p>Hauteur<\/p>\n<p>253<\/p>\n<p>Informations suppl\u00e9mentaires<\/p>\n<p>Equip\u00e9 d\u2019un d\u00e9pliant ; murs et toiture isol\u00e9s ; cuisine d\u2019angle avec comptoir, \u00e9vier, mitigeur, armoires sup\u00e9rieures, armoires de cuisine et tiroirs ; 2 chambres \/ pi\u00e8ces suppl\u00e9mentaires ; salle de bain avec toilettes, douche \u00e0 effet pluie, lavabo avec miroir et robinetterie de toilette ; Plancher SPC en aspect bois ; prises de courant (connexion 230 volts) ; huisseries \u00e0 double vitrage ; l\u2019eau, l\u2019\u00e9lectricit\u00e9 et le drainage peuvent \u00eatre facilement connect\u00e9s est pr\u00e9par\u00e9 ; portes coulissantes ; armoire \u00e0 compteurs ; interrupteurs d\u2019\u00e9clairage ; points de raccordement pour l\u2019\u00e9clairage au plafond (y compris les plafonniers) ; y compris les plinthes en aluminium pour le sol ;<\/p>\n<p>verrouillable avec cl\u00e9<\/p>\n<p>dimensions d\u00e9pli\u00e9 5900x6400x2530 mm ;<\/p>\n<p>dimensions pli\u00e9 5900x2220x2540 mm<\/p>\n<p>(dimensions de transport) ; inutilis\u00e9<\/p>\n<p>&nbsp;<\/p>\n","protected":false},"featured_media":10647,"comment_status":"closed","ping_status":"closed","template":"","meta":{"inline_featured_image":false},"product_brand":[],"product_cat":[118,122],"product_tag":[],"class_list":{"0":"post-10398","1":"product","2":"type-product","3":"status-publish","4":"has-post-thumbnail","6":"product_cat-conteneur-amenage","7":"product_cat-mobil-homes","9":"first","10":"instock","11":"sale","12":"product-type-simple"},"_links":{"self":[{"href":"https:\/\/cms-euro.com\/index.php?rest_route=\/wp\/v2\/product\/10398","targetHints":{"allow":["GET"]}}],"collection":[{"href":"https:\/\/cms-euro.com\/index.php?rest_route=\/wp\/v2\/product"}],"about":[{"href":"https:\/\/cms-euro.com\/index.php?rest_route=\/wp\/v2\/types\/product"}],"replies":[{"embeddable":true,"href":"https:\/\/cms-euro.com\/index.php?rest_route=%2Fwp%2Fv2%2Fcomments&post=10398"}],"version-history":[{"count":0,"href":"https:\/\/cms-euro.com\/index.php?rest_route=\/wp\/v2\/product\/10398\/revisions"}],"wp:featuredmedia":[{"embeddable":true,"href":"https:\/\/cms-euro.com\/index.php?rest_route=\/wp\/v2\/media\/10647"}],"wp:attachment":[{"href":"https:\/\/cms-euro.com\/index.php?rest_route=%2Fwp%2Fv2%2Fmedia&parent=10398"}],"wp:term":[{"taxonomy":"product_brand","embeddable":true,"href":"https:\/\/cms-euro.com\/index.php?rest_route=%2Fwp%2Fv2%2Fproduct_brand&post=10398"},{"taxonomy":"product_cat","embeddable":true,"href":"https:\/\/cms-euro.com\/index.php?rest_route=%2Fwp%2Fv2%2Fproduct_cat&post=10398"},{"taxonomy":"product_tag","embeddable":true,"href":"https:\/\/cms-euro.com\/index.php?rest_route=%2Fwp%2Fv2%2Fproduct_tag&post=10398"}],"curies":[{"name":"wp","href":"https:\/\/api.w.org\/{rel}","templated":true}]}}