{"id":10399,"date":"2025-05-08T11:42:43","date_gmt":"2025-05-08T11:42:43","guid":{"rendered":"https:\/\/cms-euro.com\/?post_type=product&#038;p=10399"},"modified":"2025-05-08T11:44:23","modified_gmt":"2025-05-08T11:44:23","slug":"bockmann-master-grey-metallic-limited-edition","status":"publish","type":"product","link":"https:\/\/cms-euro.com\/?product=bockmann-master-grey-metallic-limited-edition","title":{"rendered":"Bockmann master grey metallic limited edition"},"content":{"rendered":"<ul class=\"list-unstyled\">\n<li class=\"border_bottom\"><span class=\"label\">Marque: <\/span>Bockmann<\/li>\n<li class=\"border_bottom\"><span class=\"label\">Ann\u00e9e:<\/span>2021<\/li>\n<li class=\"border_bottom\"><span class=\"label\">Etat: <\/span>Neuf<\/li>\n<li class=\"border_bottom\"><span class=\"label\">Capacit\u00e9: <\/span>2 Chevaux<\/li>\n<li class=\"border_bottom\"><span class=\"label\">Permis sp\u00e9cifique:<\/span>\u00a0Oui<\/li>\n<\/ul>\n","protected":false},"excerpt":{"rendered":"<p>Version limit\u00e9e du van 2 places grand chevaux Master Bockmann disponible de suite !!<\/p>\n<p>Equipement de s\u00e9rie:<\/p>\n<p>\u2013 Plancher aluminium<\/p>\n<p>\u2013 Carrosserie polyester couleurs gris \u201cversion limit\u00e9e\u201d<\/p>\n<p>\u2013 Ch\u00e2ssis WCF (World-class conforme au standard automobile)<\/p>\n<p>\u2013 Amortisseur de roue individuel<\/p>\n<p>\u2013 Roue 14 pouces<\/p>\n<p>\u2013 Roue jockey automatique<\/p>\n<p>\u2013 Antivol sur syst\u00e8me d\u2019attelage<\/p>\n<p>\u2013 Porte de visite avec fermeture a clefs<\/p>\n<p>\u2013 Sellerie (2 porte selle t\u00e9lescopique \/ pelle \/ balais\/ porte bride \/ miroir \/ montoir \u2026) fermeture 3 points \u00e0 clefs<\/p>\n<p>\u2013 2 baies basculantes teint\u00e9es avec grille de protection<\/p>\n<p>\u2013 Barres de poitrail et de recul anti panique \u201cmulti safe system\u201d<\/p>\n<p>\u2013 Barres de poitrail avec rembourrage suppl\u00e9mentaire<\/p>\n<p>\u2013 Capitonnage<\/p>\n<p>\u2013 Pare-botte composite<\/p>\n<p>\u2013 Tapis caoutchouc antid\u00e9rapant coll\u00e9 et scell\u00e9<\/p>\n<p>\u2013 Rev\u00eatement de pont \u00e0 lattes moull\u00e9es et arr\u00eatoirs<\/p>\n<p>\u2013 Pont arri\u00e8re avec v\u00e9rins gaz<\/p>\n<p>-B\u00e2che arri\u00e8re automatique avec moustiquaire int\u00e9gr\u00e9e<\/p>\n<p>\u2013 Lumi\u00e8re int\u00e9rieur LED (Bleu \/ blanc)<\/p>\n<p>\u2013 PTAC 2400 kg \u2013 Charge utile 1461 Kg<\/p>\n<p>\u2013 Poids \u00e0 vide 939 Kg<\/p>\n<p>\u2013 Longueur int\u00e9rieur 3260 mm<\/p>\n<p>\u2013 Largeur int\u00e9rieur 1650 mm<\/p>\n<p>\u2013 Hauteur int\u00e9rieur 2350 mm<\/p>\n<p>Options sur mod\u00e8le en stock:<\/p>\n<p>\u2013 Jantes aluminium<\/p>\n<p>\u2013 Support de roue de secours<\/p>\n<p>\u2013 Roue de secours<\/p>\n<p>\u2013 Housse de roue de secours<\/p>\n","protected":false},"featured_media":10673,"comment_status":"closed","ping_status":"closed","template":"","meta":{"inline_featured_image":false},"product_brand":[],"product_cat":[106],"product_tag":[],"class_list":{"0":"post-10399","1":"product","2":"type-product","3":"status-publish","4":"has-post-thumbnail","6":"product_cat-van-chevaux","8":"first","9":"instock","10":"sale","11":"product-type-simple"},"_links":{"self":[{"href":"https:\/\/cms-euro.com\/index.php?rest_route=\/wp\/v2\/product\/10399","targetHints":{"allow":["GET"]}}],"collection":[{"href":"https:\/\/cms-euro.com\/index.php?rest_route=\/wp\/v2\/product"}],"about":[{"href":"https:\/\/cms-euro.com\/index.php?rest_route=\/wp\/v2\/types\/product"}],"replies":[{"embeddable":true,"href":"https:\/\/cms-euro.com\/index.php?rest_route=%2Fwp%2Fv2%2Fcomments&post=10399"}],"version-history":[{"count":0,"href":"https:\/\/cms-euro.com\/index.php?rest_route=\/wp\/v2\/product\/10399\/revisions"}],"wp:featuredmedia":[{"embeddable":true,"href":"https:\/\/cms-euro.com\/index.php?rest_route=\/wp\/v2\/media\/10673"}],"wp:attachment":[{"href":"https:\/\/cms-euro.com\/index.php?rest_route=%2Fwp%2Fv2%2Fmedia&parent=10399"}],"wp:term":[{"taxonomy":"product_brand","embeddable":true,"href":"https:\/\/cms-euro.com\/index.php?rest_route=%2Fwp%2Fv2%2Fproduct_brand&post=10399"},{"taxonomy":"product_cat","embeddable":true,"href":"https:\/\/cms-euro.com\/index.php?rest_route=%2Fwp%2Fv2%2Fproduct_cat&post=10399"},{"taxonomy":"product_tag","embeddable":true,"href":"https:\/\/cms-euro.com\/index.php?rest_route=%2Fwp%2Fv2%2Fproduct_tag&post=10399"}],"curies":[{"name":"wp","href":"https:\/\/api.w.org\/{rel}","templated":true}]}}