{"id":10467,"date":"2025-05-08T11:43:05","date_gmt":"2025-05-08T11:43:05","guid":{"rendered":"https:\/\/cms-euro.com\/?post_type=product&#038;p=10467"},"modified":"2025-05-08T11:44:57","modified_gmt":"2025-05-08T11:44:57","slug":"tiny-house-35-m%c2%b2-cle-en-main-standard","status":"publish","type":"product","link":"https:\/\/cms-euro.com\/?product=tiny-house-35-m%c2%b2-cle-en-main-standard","title":{"rendered":"Tiny house  35 m\u00b2, cl\u00e9 en main standard"},"content":{"rendered":"<p>Inclus dans le prix<\/p>\n<ul>\n<li>B\u00e2timent complet et fini selon les photos<\/li>\n<li>Installation compl\u00e8te d&rsquo;\u00e9lectricit\u00e9, d&rsquo;eau et d&rsquo;\u00e9gouts<\/li>\n<li>A\u00e9ration compl\u00e8te<\/li>\n<li>Salle de bain : Cuvette de toilettes compacte, receveur de douche et robinetterie<\/li>\n<li>Cuisine : plaque induction 2 feux, r\u00e9frig\u00e9rateur sous plan, \u00e9vier<\/li>\n<li>\u00c9clairage int\u00e9rieur<\/li>\n<\/ul>\n<p>Non inclus dans le prix<\/p>\n<ul>\n<li>Transport<\/li>\n<li>Assemblage sur place<\/li>\n<\/ul>\n","protected":false},"excerpt":{"rendered":"<p>Notre maison modulaire facile \u00e0 aimer pour toutes les saisons. Cette maison enti\u00e8rement meubl\u00e9e est pr\u00eate \u00e0 vivre d\u00e8s que vous aurez raccord\u00e9 l&rsquo;eau, l&rsquo;\u00e9lectricit\u00e9 et les \u00e9gouts. C\u2019est parfait comme maison d\u2019h\u00f4tes, lieu d\u2019escapade d\u2019un week-end ou location \u00e0 court terme.<\/p>\n<p>Tiny house modulable est abordable, rapide \u00e0 installer et offre de nombreuses options adapt\u00e9es \u00e0 votre style. De grandes fen\u00eatres remplissent l&rsquo;espace de lumi\u00e8re naturelle, le rendant ouvert et a\u00e9r\u00e9. Avec le Tiny house modulable, vous obtenez une maison cosy, lumineuse, \u00e0 la fois \u00e9l\u00e9gante et pratique.<\/p>\n<p>&nbsp;<\/p>\n<p>D\u00e9lai de livraison : 15 Jours Ouvrables<\/p>\n<p>Assemblage : 1 jour<\/p>\n<p>Toute l&rsquo;ann\u00e9e<\/p>\n<p>Norme cl\u00e9 en main<\/p>\n<p>&nbsp;<\/p>\n<p>Sp\u00e9cification<\/p>\n<ul>\n<li><strong>Mise en page:<\/strong>\u00a0Chambre s\u00e9par\u00e9e, salle de bains, s\u00e9jour avec coin cuisine, hall<\/li>\n<li><strong>Dimensions ext\u00e9rieures:<\/strong>\u00a0longueur 10.0 m, largeur 3.5 m, hauteur 2.9 m<\/li>\n<li><strong>Dimensions int\u00e9rieures:<\/strong>\u00a0longueur 8.6 m, largeur 3.1 m, hauteur 2.5 m<\/li>\n<li><strong>Isolation:<\/strong>\u00a010 cm PIR<\/li>\n<li><strong>Windows:\u00a0<\/strong>Aluminium, 2 verres<\/li>\n<li><strong>Chauffage:<\/strong>\u00a0radiateurs \u00e9lectriques<\/li>\n<li><strong>Climatisation<\/strong>\u00a0Climatisation en option<\/li>\n<li><strong>Fa\u00e7ade:<\/strong>\u00a0composite de bois combin\u00e9 \u00e0 de l&rsquo;acier<\/li>\n<li><strong>Structure de la maison:<\/strong>\u00a0Acier<\/li>\n<li><strong>Murs int\u00e9rieurs:<\/strong>\u00a0panneaux en acier avec \u00e9l\u00e9ments composites en bois<\/li>\n<\/ul>\n<p>&nbsp;<\/p>\n<p>Zone de construction = 35 m\u00b2<\/p>\n<p>Salon = 30 m\u00b2<\/p>\n<p>Chambres = 3 avec cuisine<\/p>\n<p>Planchers = 1<\/p>\n","protected":false},"featured_media":10726,"comment_status":"closed","ping_status":"closed","template":"","meta":{"inline_featured_image":false},"product_brand":[],"product_cat":[122],"product_tag":[],"class_list":{"0":"post-10467","1":"product","2":"type-product","3":"status-publish","4":"has-post-thumbnail","6":"product_cat-mobil-homes","8":"first","9":"instock","10":"sale","11":"product-type-simple"},"_links":{"self":[{"href":"https:\/\/cms-euro.com\/index.php?rest_route=\/wp\/v2\/product\/10467","targetHints":{"allow":["GET"]}}],"collection":[{"href":"https:\/\/cms-euro.com\/index.php?rest_route=\/wp\/v2\/product"}],"about":[{"href":"https:\/\/cms-euro.com\/index.php?rest_route=\/wp\/v2\/types\/product"}],"replies":[{"embeddable":true,"href":"https:\/\/cms-euro.com\/index.php?rest_route=%2Fwp%2Fv2%2Fcomments&post=10467"}],"version-history":[{"count":0,"href":"https:\/\/cms-euro.com\/index.php?rest_route=\/wp\/v2\/product\/10467\/revisions"}],"wp:featuredmedia":[{"embeddable":true,"href":"https:\/\/cms-euro.com\/index.php?rest_route=\/wp\/v2\/media\/10726"}],"wp:attachment":[{"href":"https:\/\/cms-euro.com\/index.php?rest_route=%2Fwp%2Fv2%2Fmedia&parent=10467"}],"wp:term":[{"taxonomy":"product_brand","embeddable":true,"href":"https:\/\/cms-euro.com\/index.php?rest_route=%2Fwp%2Fv2%2Fproduct_brand&post=10467"},{"taxonomy":"product_cat","embeddable":true,"href":"https:\/\/cms-euro.com\/index.php?rest_route=%2Fwp%2Fv2%2Fproduct_cat&post=10467"},{"taxonomy":"product_tag","embeddable":true,"href":"https:\/\/cms-euro.com\/index.php?rest_route=%2Fwp%2Fv2%2Fproduct_tag&post=10467"}],"curies":[{"name":"wp","href":"https:\/\/api.w.org\/{rel}","templated":true}]}}