{"id":10468,"date":"2025-05-08T11:43:05","date_gmt":"2025-05-08T11:43:05","guid":{"rendered":"https:\/\/cms-euro.com\/?post_type=product&#038;p=10468"},"modified":"2025-05-08T11:45:00","modified_gmt":"2025-05-08T11:45:00","slug":"conteneur-20-pieds-toit-ouvert-a-mi-hauteur","status":"publish","type":"product","link":"https:\/\/cms-euro.com\/?product=conteneur-20-pieds-toit-ouvert-a-mi-hauteur","title":{"rendered":"Conteneur 20 Pieds Toit Ouvert \u00c0 Mi-Hauteur"},"content":{"rendered":"","protected":false},"excerpt":{"rendered":"<p>Ce conteneur \u00e0 toit ouvert de 20 pieds a un toit ouvert, ce qui le rend id\u00e9al pour le chargement par le haut. Un conteneur \u00e0 toit ouvert est particuli\u00e8rement utile pour les articles volumineux ou volumineux qui ne passeront pas facilement par les portes d&rsquo;un conteneur standard. Il s&rsquo;agit souvent de machines ou de pi\u00e8ces qui sont charg\u00e9es dans le conteneur \u00e0 l&rsquo;aide d&rsquo;une grue.<\/p>\n<p>L&rsquo;avantage de ce conteneur mi-hauteur est qu&rsquo;il peut \u00eatre charg\u00e9 plus facilement avec une machine plus petite et peut \u00eatre empil\u00e9 efficacement apr\u00e8s utilisation. Le conteneur comprend une b\u00e2che robuste pour prot\u00e9ger la charge (ou pour recouvrir le conteneur apr\u00e8s utilisation).<\/p>\n<p>&nbsp;<\/p>\n<p>&nbsp;<\/p>\n<p>Utilisation : Transport, Stockage<br \/>\nType de sol : Acier<br \/>\nCertifications : ISO, CSC<\/p>\n<p>Tare : 1940 kg<br \/>\nCapacit\u00e9 de charge : 28540 kg<br \/>\nMax. poids brut : 30480 kg<br \/>\nVolume : 33,2 m 3<\/p>\n<p>Autres sp\u00e9cifications :<br \/>\n\u2013 2x portes ouvrantes sur le c\u00f4t\u00e9 court<br \/>\n\u2013 linteau amovible<br \/>\n\u2013 arceaux de toit amovibles avec voile<\/p>\n<p>&nbsp;<\/p>\n<p>EXTERNE<\/p>\n<p>Longueur : 6058 mm<br \/>\nLargeur : 2438 mm<br \/>\nHauteur : 1295,5 mm<\/p>\n<p>INTERNE<\/p>\n<p>Longueur : 5898 mm<br \/>\nLargeur : 2352 mm<br \/>\nHauteur : 1196,5 mm<\/p>\n","protected":false},"featured_media":10734,"comment_status":"closed","ping_status":"closed","template":"","meta":{"inline_featured_image":false},"product_brand":[],"product_cat":[119],"product_tag":[],"class_list":{"0":"post-10468","1":"product","2":"type-product","3":"status-publish","4":"has-post-thumbnail","6":"product_cat-conteneurs-neufs-et-occasions","8":"first","9":"instock","10":"sale","11":"product-type-simple"},"_links":{"self":[{"href":"https:\/\/cms-euro.com\/index.php?rest_route=\/wp\/v2\/product\/10468","targetHints":{"allow":["GET"]}}],"collection":[{"href":"https:\/\/cms-euro.com\/index.php?rest_route=\/wp\/v2\/product"}],"about":[{"href":"https:\/\/cms-euro.com\/index.php?rest_route=\/wp\/v2\/types\/product"}],"replies":[{"embeddable":true,"href":"https:\/\/cms-euro.com\/index.php?rest_route=%2Fwp%2Fv2%2Fcomments&post=10468"}],"version-history":[{"count":0,"href":"https:\/\/cms-euro.com\/index.php?rest_route=\/wp\/v2\/product\/10468\/revisions"}],"wp:featuredmedia":[{"embeddable":true,"href":"https:\/\/cms-euro.com\/index.php?rest_route=\/wp\/v2\/media\/10734"}],"wp:attachment":[{"href":"https:\/\/cms-euro.com\/index.php?rest_route=%2Fwp%2Fv2%2Fmedia&parent=10468"}],"wp:term":[{"taxonomy":"product_brand","embeddable":true,"href":"https:\/\/cms-euro.com\/index.php?rest_route=%2Fwp%2Fv2%2Fproduct_brand&post=10468"},{"taxonomy":"product_cat","embeddable":true,"href":"https:\/\/cms-euro.com\/index.php?rest_route=%2Fwp%2Fv2%2Fproduct_cat&post=10468"},{"taxonomy":"product_tag","embeddable":true,"href":"https:\/\/cms-euro.com\/index.php?rest_route=%2Fwp%2Fv2%2Fproduct_tag&post=10468"}],"curies":[{"name":"wp","href":"https:\/\/api.w.org\/{rel}","templated":true}]}}