{"id":10469,"date":"2025-05-08T11:43:05","date_gmt":"2025-05-08T11:43:05","guid":{"rendered":"https:\/\/cms-euro.com\/?post_type=product&#038;p=10469"},"modified":"2025-05-08T11:45:07","modified_gmt":"2025-05-08T11:45:07","slug":"beste-mezzanine-tiny-house-familiale-6-place","status":"publish","type":"product","link":"https:\/\/cms-euro.com\/?product=beste-mezzanine-tiny-house-familiale-6-place","title":{"rendered":"Beste Mezzanine Tiny House  Familiale 6 place"},"content":{"rendered":"<p>Description du produit<\/p>\n<p>Cette tiny house sur mesure est une adaptation du mod\u00e8le La famille. Cette micro-maison est 100 % autonome, car elle dispose de panneaux solaires sur le toit qui alimentent ce type de maison en \u00e9lectricit\u00e9. En outre, un syst\u00e8me de r\u00e9cup\u00e9ration des eaux de pluie avec des filtres a \u00e9t\u00e9 install\u00e9 pour assurer l&rsquo;approvisionnement en eau.<\/p>\n<p>Vous entrez dans la chambre par une fen\u00eatre fran\u00e7aise \u00e0 double vitrage. Notez que toute la menuiserie de ce mod\u00e8le de tiny house sur mesure est en aluminium. Tout le sol est en ch\u00eane massif.<\/p>\n<p>Sur la gauche, vous trouverez le salon. Le canap\u00e9 d&rsquo;angle double a \u00e9t\u00e9 fabriqu\u00e9 sur mesure. Il est tr\u00e8s facilement transformable. Il peut accueillir deux lits suppl\u00e9mentaires. Il contient deux grands tiroirs coulissants. Ce salon est tr\u00e8s lumineux gr\u00e2ce aux 2 ouvertures et \u00e0 la porte fen\u00eatre. Pour chauffer cette micro-maison sur mesure, nous l&rsquo;avons \u00e9quip\u00e9e d&rsquo;une chaudi\u00e8re \u00e0 gaz. Cela permet aux habitants de passer l&rsquo;hiver au chaud !<\/p>\n<p>\u00c0 droite de la porte d&rsquo;entr\u00e9e, vous acc\u00e9dez \u00e0 la cuisine \u00e9quip\u00e9e. Deux plans de travail sont am\u00e9nag\u00e9s de chaque c\u00f4t\u00e9 du couloir qui traverse la cuisine de la tiny house. Sur l&rsquo;un des plans de travail se trouve un grand \u00e9vier avec un mitigeur escamotable. Ce plan de travail est \u00e9quip\u00e9 de deux armoires situ\u00e9es sous l&rsquo;\u00e9vier. Pour permettre aux r\u00e9sidents de manger, un espace bar a \u00e9t\u00e9 am\u00e9nag\u00e9.<\/p>\n","protected":false},"excerpt":{"rendered":"<p>CARACT\u00c9RISTIQUES TECHNIQUES<br \/>\nSur-mesure : Oui<br \/>\nNbre de couchages : 6<br \/>\nNbre de fen\u00eatres : 11 dont 1 porte-fen\u00eatre<\/p>\n<p>Remorque<\/p>\n<p>Mati\u00e8re(s) : acier galvanis\u00e9<br \/>\nlongueur : 6,6 m<br \/>\nlargeur : 2,5 m<br \/>\nPoids : 3T480<\/p>\n<p>Abri<\/p>\n<p>Mati\u00e8re : plateau acier (anthracite)<\/p>\n<p>Rev\u00eatement int\u00e9rieur<\/p>\n<p>Murs : Sapin<br \/>\nParquet : ch\u00eane (rez-de-chauss\u00e9e) et sapin (mezzanine)<\/p>\n<p>Chauffage<\/p>\n<p>Cuisini\u00e8re \u00e0 gaz<\/p>\n<p>Cadre<\/p>\n<p>Mat\u00e9riau : bois massif (sapin du nord)<\/p>\n<p>Isolation<\/p>\n<p>Mat\u00e9riau : panneaux rigides (m\u00e9lange de coton, chanvre et lin) et panneaux libres (laine de mouton) au sol.<\/p>\n<p>Plan de travail<\/p>\n<p>Mat\u00e9riau : ch\u00eane<\/p>\n<p>100 % d&rsquo;autonomie<\/p>\n<p>Panneaux solaires (toit)<br \/>\nR\u00e9cup\u00e9ration des eaux de pluie avec syst\u00e8me de filtration<\/p>\n<p>Rev\u00eatement<\/p>\n<p>Mat\u00e9riau : C\u00e8dre rouge<br \/>\nType d&rsquo;installation : Couverture<\/p>\n<p>Fen\u00eatre et porte<\/p>\n<p>Mat\u00e9riau : Aluminium<\/p>\n<p>Elektrom\u00e9nager<\/p>\n<p>Chauffe-eau instantan\u00e9 au gaz<br \/>\nVMC flux simple<br \/>\n2 plaques de cuisson gaz<br \/>\nfour encastr\u00e9<br \/>\nR\u00e9frig\u00e9rateur<\/p>\n<p>Meubles<\/p>\n<p>2 \u00e9chelles de meunier<br \/>\n1 canap\u00e9 convertible<br \/>\n1 Filet d&rsquo;habitation<\/p>\n","protected":false},"featured_media":10739,"comment_status":"closed","ping_status":"closed","template":"","meta":{"inline_featured_image":false},"product_brand":[],"product_cat":[122],"product_tag":[],"class_list":{"0":"post-10469","1":"product","2":"type-product","3":"status-publish","4":"has-post-thumbnail","6":"product_cat-mobil-homes","8":"first","9":"instock","10":"sale","11":"product-type-simple"},"_links":{"self":[{"href":"https:\/\/cms-euro.com\/index.php?rest_route=\/wp\/v2\/product\/10469","targetHints":{"allow":["GET"]}}],"collection":[{"href":"https:\/\/cms-euro.com\/index.php?rest_route=\/wp\/v2\/product"}],"about":[{"href":"https:\/\/cms-euro.com\/index.php?rest_route=\/wp\/v2\/types\/product"}],"replies":[{"embeddable":true,"href":"https:\/\/cms-euro.com\/index.php?rest_route=%2Fwp%2Fv2%2Fcomments&post=10469"}],"version-history":[{"count":0,"href":"https:\/\/cms-euro.com\/index.php?rest_route=\/wp\/v2\/product\/10469\/revisions"}],"wp:featuredmedia":[{"embeddable":true,"href":"https:\/\/cms-euro.com\/index.php?rest_route=\/wp\/v2\/media\/10739"}],"wp:attachment":[{"href":"https:\/\/cms-euro.com\/index.php?rest_route=%2Fwp%2Fv2%2Fmedia&parent=10469"}],"wp:term":[{"taxonomy":"product_brand","embeddable":true,"href":"https:\/\/cms-euro.com\/index.php?rest_route=%2Fwp%2Fv2%2Fproduct_brand&post=10469"},{"taxonomy":"product_cat","embeddable":true,"href":"https:\/\/cms-euro.com\/index.php?rest_route=%2Fwp%2Fv2%2Fproduct_cat&post=10469"},{"taxonomy":"product_tag","embeddable":true,"href":"https:\/\/cms-euro.com\/index.php?rest_route=%2Fwp%2Fv2%2Fproduct_tag&post=10469"}],"curies":[{"name":"wp","href":"https:\/\/api.w.org\/{rel}","templated":true}]}}