{"id":10471,"date":"2025-05-08T11:43:05","date_gmt":"2025-05-08T11:43:05","guid":{"rendered":"https:\/\/cms-euro.com\/?post_type=product&#038;p=10471"},"modified":"2025-05-08T11:45:12","modified_gmt":"2025-05-08T11:45:12","slug":"tiny-house-bureau-stahlworks-eco-6000","status":"publish","type":"product","link":"https:\/\/cms-euro.com\/?product=tiny-house-bureau-stahlworks-eco-6000","title":{"rendered":"Tiny house bureau Stahlworks Eco 6000"},"content":{"rendered":"<p>Murs et toiture isol\u00e9s ; huisseries en aluminium avec double vitrage \u00e0 contr\u00f4le solaire ; verrouillable \u00e0 l\u2019aide d\u2019une cl\u00e9 et d\u2019un cylindre \u00e0 bouton ; fen\u00eatre \u00e0 guillotine ; dimensions (LxlxH) 5950x2300x2550 mm ; cadre en dessous ; \u00e9quip\u00e9 de trous de cuill\u00e8re et de pieds r\u00e9glables ; inutilis\u00e9 Int\u00e9rieur : sanitaire avec douche ; toilette; lavabo avec mitigeur et meubles bas et miroir ; Ventilateur; Prises murales 220 volts avec connexion USB ; Plafonnier \u00e0 LED ; 3 pi\u00e8ces de fen\u00eatres \u00e0 guillotine avec protection solaire et moustiquaire ; rideau; coffre de lit avec espace de rangement et table de chevet ; disjoncteur diff\u00e9rentiel, placard, espace de rangement ; (\u00e0 l\u2019exclusion des accessoires) Externe : Point de connexion 220 volts ; point de raccordement \u00e0 l\u2019eau chaude et froide ; raccordement \u00e0 l\u2019\u00e9gout ; Mat\u00e9riaux externes : Panneau composite en aluminium ; Feuille d\u2019aluminium monocouche de fluorocarbone blanc ; double couche l\u00e9g\u00e8re haute r\u00e9sistance \u00e0 la compression Mat\u00e9riaux internes ; Plaque de bouton plate en bois-plastique ; plaque \u00e9cologique de qualit\u00e9 HE ; inutilis\u00e9<\/p>\n","protected":false},"excerpt":{"rendered":"<p>Marque = Stahlworks<br \/>\nAnn\u00e9e = 2023<br \/>\nType = Eco 6000<br \/>\nLongueur = 5950mm<br \/>\nLargeur = 2300mm<br \/>\nHauteur = 2550mm<br \/>\nToilettes = Oui<br \/>\nPoids individuel = 2070kg<br \/>\nNombre de fen\u00eatres = 6<\/p>\n<p>&nbsp;<\/p>\n","protected":false},"featured_media":10761,"comment_status":"closed","ping_status":"closed","template":"","meta":{"inline_featured_image":false},"product_brand":[],"product_cat":[122],"product_tag":[],"class_list":{"0":"post-10471","1":"product","2":"type-product","3":"status-publish","4":"has-post-thumbnail","6":"product_cat-mobil-homes","8":"first","9":"instock","10":"sale","11":"taxable","12":"shipping-taxable","13":"product-type-simple"},"_links":{"self":[{"href":"https:\/\/cms-euro.com\/index.php?rest_route=\/wp\/v2\/product\/10471","targetHints":{"allow":["GET"]}}],"collection":[{"href":"https:\/\/cms-euro.com\/index.php?rest_route=\/wp\/v2\/product"}],"about":[{"href":"https:\/\/cms-euro.com\/index.php?rest_route=\/wp\/v2\/types\/product"}],"replies":[{"embeddable":true,"href":"https:\/\/cms-euro.com\/index.php?rest_route=%2Fwp%2Fv2%2Fcomments&post=10471"}],"version-history":[{"count":0,"href":"https:\/\/cms-euro.com\/index.php?rest_route=\/wp\/v2\/product\/10471\/revisions"}],"wp:featuredmedia":[{"embeddable":true,"href":"https:\/\/cms-euro.com\/index.php?rest_route=\/wp\/v2\/media\/10761"}],"wp:attachment":[{"href":"https:\/\/cms-euro.com\/index.php?rest_route=%2Fwp%2Fv2%2Fmedia&parent=10471"}],"wp:term":[{"taxonomy":"product_brand","embeddable":true,"href":"https:\/\/cms-euro.com\/index.php?rest_route=%2Fwp%2Fv2%2Fproduct_brand&post=10471"},{"taxonomy":"product_cat","embeddable":true,"href":"https:\/\/cms-euro.com\/index.php?rest_route=%2Fwp%2Fv2%2Fproduct_cat&post=10471"},{"taxonomy":"product_tag","embeddable":true,"href":"https:\/\/cms-euro.com\/index.php?rest_route=%2Fwp%2Fv2%2Fproduct_tag&post=10471"}],"curies":[{"name":"wp","href":"https:\/\/api.w.org\/{rel}","templated":true}]}}