{"id":10472,"date":"2025-05-08T11:43:05","date_gmt":"2025-05-08T11:43:05","guid":{"rendered":"https:\/\/cms-euro.com\/?post_type=product&#038;p=10472"},"modified":"2025-05-08T11:45:15","modified_gmt":"2025-05-08T11:45:15","slug":"capsule-salle-de-bain-avec-balcon-e7-2-lits1","status":"publish","type":"product","link":"https:\/\/cms-euro.com\/?product=capsule-salle-de-bain-avec-balcon-e7-2-lits1","title":{"rendered":"Capsule salle de bain avec balcon E7 2 lits+1"},"content":{"rendered":"","protected":false},"excerpt":{"rendered":"<p>Nom du produit : Maison capsule<br \/>\nMod\u00e8le : E7 (2 lits + 1 salle de bain + balcon)<br \/>\nTaille : longueur : 11,5 m\u00e8tres &#8211; largeur : 3,2 m\u00e8tres &#8211; hauteur : 3,2 m\u00e8tres<\/p>\n<p>Am\u00e9nagement ext\u00e9rieur : cadre en acier galvanis\u00e9, coque en alliage d&rsquo;aluminium fluorocarbone, construction r\u00e9sistante \u00e0 l&rsquo;eau et \u00e0 l&rsquo;humidit\u00e9, fen\u00eatres creuses en verre tremp\u00e9, imposte creuse en verre feuillet\u00e9 tremp\u00e9, porte avant en acier \u00e0 charni\u00e8res lat\u00e9rales.<\/p>\n<p>Am\u00e9nagement int\u00e9rieur : plafond et murs modulaires int\u00e9gr\u00e9s, sol composite en pierre et en plastique, porte vitr\u00e9e priv\u00e9e pour la salle de bain, sol en marbre\/carrelage pour la salle de bain, lavabo, miroir de salle de bain, toilettes, robinets, douche, siphon de sol, syst\u00e8me d&rsquo;\u00e9clairage complet, syst\u00e8me complet de plomberie et d&rsquo;\u00e9lectricit\u00e9, rideaux occultants, climatisation, table haute, mobilier d&rsquo;entr\u00e9e.<\/p>\n<p>Unit\u00e9 de contr\u00f4le de la pi\u00e8ce : interrupteur \u00e0 carte-cl\u00e9, plusieurs modes de sc\u00e9nario, lumi\u00e8res et rideaux \u00e0 commande int\u00e9gr\u00e9e intelligente, commande vocale intelligente, serrure intelligente.<\/p>\n","protected":false},"featured_media":10769,"comment_status":"closed","ping_status":"closed","template":"","meta":{"inline_featured_image":false},"product_brand":[],"product_cat":[122],"product_tag":[],"class_list":{"0":"post-10472","1":"product","2":"type-product","3":"status-publish","4":"has-post-thumbnail","6":"product_cat-mobil-homes","8":"first","9":"instock","10":"sale","11":"product-type-simple"},"_links":{"self":[{"href":"https:\/\/cms-euro.com\/index.php?rest_route=\/wp\/v2\/product\/10472","targetHints":{"allow":["GET"]}}],"collection":[{"href":"https:\/\/cms-euro.com\/index.php?rest_route=\/wp\/v2\/product"}],"about":[{"href":"https:\/\/cms-euro.com\/index.php?rest_route=\/wp\/v2\/types\/product"}],"replies":[{"embeddable":true,"href":"https:\/\/cms-euro.com\/index.php?rest_route=%2Fwp%2Fv2%2Fcomments&post=10472"}],"version-history":[{"count":0,"href":"https:\/\/cms-euro.com\/index.php?rest_route=\/wp\/v2\/product\/10472\/revisions"}],"wp:featuredmedia":[{"embeddable":true,"href":"https:\/\/cms-euro.com\/index.php?rest_route=\/wp\/v2\/media\/10769"}],"wp:attachment":[{"href":"https:\/\/cms-euro.com\/index.php?rest_route=%2Fwp%2Fv2%2Fmedia&parent=10472"}],"wp:term":[{"taxonomy":"product_brand","embeddable":true,"href":"https:\/\/cms-euro.com\/index.php?rest_route=%2Fwp%2Fv2%2Fproduct_brand&post=10472"},{"taxonomy":"product_cat","embeddable":true,"href":"https:\/\/cms-euro.com\/index.php?rest_route=%2Fwp%2Fv2%2Fproduct_cat&post=10472"},{"taxonomy":"product_tag","embeddable":true,"href":"https:\/\/cms-euro.com\/index.php?rest_route=%2Fwp%2Fv2%2Fproduct_tag&post=10472"}],"curies":[{"name":"wp","href":"https:\/\/api.w.org\/{rel}","templated":true}]}}