{"id":10520,"date":"2025-05-08T11:43:29","date_gmt":"2025-05-08T11:43:29","guid":{"rendered":"https:\/\/cms-euro.com\/?post_type=product&#038;p=10520"},"modified":"2025-05-08T11:45:26","modified_gmt":"2025-05-08T11:45:26","slug":"tiny-house-autonome-4-place","status":"publish","type":"product","link":"https:\/\/cms-euro.com\/?product=tiny-house-autonome-4-place","title":{"rendered":"Tiny House autonome 4 place"},"content":{"rendered":"<p>Description du produit<\/p>\n<p>La Tiny House mesure 6,6 m\u00e8tres de long et offre ainsi un espace de vie confortable pour une famille ou un groupe d&rsquo;amis. Il y a deux mezzanines qui s\u00e9parent les deux chambres \u00e0 coucher et garantissent ainsi l&rsquo;intimit\u00e9. L&rsquo;espace salon vous accueille avec un canap\u00e9 et un fauteuil. La cuisini\u00e8re \u00e0 gaz vous r\u00e9chauffera lors des longues et froides journ\u00e9es d&rsquo;hiver. La cuisine est \u00e9quip\u00e9e d&rsquo;une cuisini\u00e8re et d&rsquo;un four \u00e0 gaz (3 feux) ainsi que d&rsquo;un grand \u00e9vier et d&rsquo;armoires de rangement. Qui a dit qu&rsquo;il \u00e9tait impossible de cuisiner dans une tiny house ? Petite, mais enti\u00e8rement \u00e9quip\u00e9e ! Vous avez \u00e9galement une salle de bain avec douche, lavabo et toilettes s\u00e8ches. Que vous soyez nomade ou s\u00e9dentaire, l&rsquo;hygi\u00e8ne reste importante. Notez \u00e9galement que l&rsquo;eau chaude est fournie par un chauffe-eau instantan\u00e9, alors oubliez les douches froides !<\/p>\n<p>Les avantages d&rsquo;une tiny house autonome<br \/>\nLa tiny house pr\u00e9sente de nombreux avantages par rapport aux maisons traditionnelles. Tout d&rsquo;abord, le prix ! La construction et l&rsquo;entretien sont nettement moins chers, ce qui permet \u00e0 un plus grand nombre de personnes d&rsquo;y avoir acc\u00e8s. Et il n&rsquo;est pas n\u00e9cessaire d&rsquo;avoir un terrain \u00e0 b\u00e2tir, il suffit d&rsquo;avoir un terrain de loisirs.<br \/>\nDe plus, elle est tr\u00e8s efficace sur le plan \u00e9nerg\u00e9tique gr\u00e2ce \u00e0 une isolation optimale et \u00e0 l&rsquo;utilisation de panneaux solaires pour l&rsquo;\u00e9lectricit\u00e9 et d&rsquo;une cuisini\u00e8re \u00e0 gaz pour le chauffage. Enfin, elle vous permet de vivre plus facilement et de mani\u00e8re plus \u00e9cologique en limitant la consommation de ressources naturelles et en favorisant un style de vie minimaliste. Vous serez totalement ind\u00e9pendant ! Il ne vous reste plus qu&rsquo;\u00e0 cultiver votre potager pour montrer \u00e0 vos proches que vous vivez en autarcie !<\/p>\n<p>Cette tiny house autonome est une adaptation du mod\u00e8le La Familiale. En effet, nous trouvons \u00e0 l&rsquo;\u00e9tage les deux des mezzanines pouvant accueillir 4 personnes. Cette micro-maison est 100 % autonome. L&rsquo;approvisionnement en eau est assur\u00e9 par un r\u00e9cup\u00e9rateur et l&rsquo;\u00e9lectricit\u00e9 est fournie par des panneaux photovolta\u00efques.Notez que toute la menuiserie de ce mod\u00e8le de tiny house autonome est en aluminium et en bois (m\u00e9lang\u00e9). L&rsquo;ensemble du plancher est en bois de sapin.Le salon de cette tiny house autonomeEn entrant par la fen\u00eatre fran\u00e7aise, tu trouveras le salon sur ta droite. Cette pi\u00e8ce peut accueillir un petit canap\u00e9 pour 3 personnes et un fauteuil. Ce salon est tr\u00e8s lumineux gr\u00e2ce \u00e0 la porte-fen\u00eatre et aux fen\u00eatres qui l&rsquo;encadrent. Pour chauffer ce salon et les autres pi\u00e8ces de cette tiny house autonome, nous l&rsquo;avons \u00e9quip\u00e9e d&rsquo;une petite cuisini\u00e8re \u00e0 gaz, plac\u00e9e entre le salon et la cuisine. Il vous r\u00e9chauffera lors des longues soir\u00e9es d&rsquo;hiver !<\/p>\n<p>La cuisine de cette tiny house<br \/>\n: En face du salon, on acc\u00e8de \u00e0 la cuisine \u00e9quip\u00e9e. Un plan de travail a \u00e9t\u00e9 \u00e9tabli. Elle dispose d&rsquo;un \u00e9vier pour faire la vaisselle. En dessous se trouvent des placards de rangement optimis\u00e9s. En face, on trouve une pi\u00e8ce avec de grandes armoires et des casiers. Il y a \u00e9galement un espace pour cuisiner (2 plaques de cuisson \u00e0 gaz et un four \u00e0 gaz). L&rsquo;ensemble de l&rsquo;espace a \u00e9t\u00e9 optimis\u00e9 pour s&rsquo;ins\u00e9rer dans l&rsquo;escalier qui m\u00e8ne \u00e0 la deuxi\u00e8me mezzanine. En plus du syst\u00e8me d&rsquo;\u00e9clairage install\u00e9 (spots), vous pouvez profiter de la lumi\u00e8re naturelle ext\u00e9rieure, car la cuisine dispose d&rsquo;une grande fen\u00eatre coulissante.<\/p>\n<p>La salle de bain<br \/>\nDepuis cette cuisine, nous avons acc\u00e8s \u00e0 la douche\/toilette, qui est ferm\u00e9e par une porte. C&rsquo;est pourquoi vous trouverez dans les sanitaires des toilettes s\u00e8ches avec un petit r\u00e9servoir pour installer des copeaux de bois secs. Cette pi\u00e8ce est \u00e9quip\u00e9e d&rsquo;une douche et d&rsquo;un lavabo mont\u00e9s sur un espace de rangement. Cette tiny house construite sur mesure est aliment\u00e9e en eau chaude par un chauffe-eau instantan\u00e9.<\/p>\n<p>La premi\u00e8re mezzanine<br \/>\nL&rsquo;acc\u00e8s \u00e0 cette mezzanine se fait par une courte \u00e9chelle de meunier. Cette premi\u00e8re chambre se trouve au-dessus du salon. Elle peut donc accueillir un lit double et des meubles de rangement. La mezzanine de cette tiny house sur mesure est lumineuse, car elle est \u00e9quip\u00e9e de spots lumineux et d&rsquo;une fen\u00eatre avec ouverture \u00e0 soufflet.<\/p>\n<p>La deuxi\u00e8me mezzanine<br \/>\nL&rsquo;acc\u00e8s \u00e0 cette mezzanine se fait par un escalier optimis\u00e9. En effet, elle est plac\u00e9e sur des armoires de stockage. Cette chambre occupe l&rsquo;espace salle de bain (toilettes + douche). Elle peut accueillir un lit double et des meubles de rangement. Cette pi\u00e8ce est lumineuse car elle est \u00e9quip\u00e9e de spots lumineux et d&rsquo;une fen\u00eatre avec ouverture \u00e0 soufflet.<\/p>\n","protected":false},"excerpt":{"rendered":"<p>CARACT\u00c9RISTIQUES TECHNIQUES<\/p>\n<p>Remorque<\/p>\n<p>Mati\u00e8re(s) : acier galvanis\u00e9<br \/>\nlongueur : 6 m60<br \/>\nlargeur : 2,5 m<br \/>\nPoids : 3T500 (sans fourneau et batteries)<\/p>\n<p>Abri<\/p>\n<p>Mat\u00e9riau : zinc anthracite<\/p>\n<p>Rev\u00eatement int\u00e9rieur<\/p>\n<p>Murs : lambris sapin et c\u00e8dre rouge<br \/>\nParquet : sapin (rez-de-chauss\u00e9e et mezzanine)<br \/>\nPlan de travail : fr\u00eane<\/p>\n<p>Chauffage<\/p>\n<p>Cuisini\u00e8re \u00e0 gaz<\/p>\n<p>Cadre<\/p>\n<p>Mat\u00e9riau : bois massif (sapin du nord)<\/p>\n<p>Isolation<\/p>\n<p>Mat\u00e9riau : panneaux rigides (m\u00e9lange de coton, chanvre et lin) et panneaux libres (laine de mouton) au sol.<\/p>\n<p>Plan de travail<\/p>\n<p>Mat\u00e9riau : fr\u00eane<\/p>\n<p>Autonomie<\/p>\n<p>Panneaux solaires<br \/>\nR\u00e9cup\u00e9ration des eaux de pluie avec syst\u00e8me de filtration<\/p>\n<p>Rev\u00eatement ext\u00e9rieur<\/p>\n<p>Mati\u00e8re(s) : aluminium et c\u00e8dre rouge<br \/>\nType d&rsquo;installation : Couverture<\/p>\n<p>Fen\u00eatre et porte<\/p>\n<p>Mat\u00e9riau : m\u00e9lange bois\/aluminium<\/p>\n<p>\u00c9lectrom\u00e9nager<\/p>\n<p>Chauffe-eau instantan\u00e9 au gaz<br \/>\nVMC simple flux<br \/>\n2 plaques de cuisson gaz<br \/>\nCuisini\u00e8re \u00e0 gaz<br \/>\nCuisini\u00e8re \u00e0 gaz<\/p>\n<p>Meubles<\/p>\n<p>1 \u00e9chelle de meunier et 1 escalier avec espace de rangement<br \/>\nUnit\u00e9s de stockage<br \/>\n1 canap\u00e9<br \/>\n1 fauteuil<\/p>\n","protected":false},"featured_media":10799,"comment_status":"closed","ping_status":"closed","template":"","meta":{"inline_featured_image":false},"product_brand":[],"product_cat":[122],"product_tag":[],"class_list":{"0":"post-10520","1":"product","2":"type-product","3":"status-publish","4":"has-post-thumbnail","6":"product_cat-mobil-homes","8":"first","9":"instock","10":"sale","11":"product-type-simple"},"_links":{"self":[{"href":"https:\/\/cms-euro.com\/index.php?rest_route=\/wp\/v2\/product\/10520","targetHints":{"allow":["GET"]}}],"collection":[{"href":"https:\/\/cms-euro.com\/index.php?rest_route=\/wp\/v2\/product"}],"about":[{"href":"https:\/\/cms-euro.com\/index.php?rest_route=\/wp\/v2\/types\/product"}],"replies":[{"embeddable":true,"href":"https:\/\/cms-euro.com\/index.php?rest_route=%2Fwp%2Fv2%2Fcomments&post=10520"}],"version-history":[{"count":0,"href":"https:\/\/cms-euro.com\/index.php?rest_route=\/wp\/v2\/product\/10520\/revisions"}],"wp:featuredmedia":[{"embeddable":true,"href":"https:\/\/cms-euro.com\/index.php?rest_route=\/wp\/v2\/media\/10799"}],"wp:attachment":[{"href":"https:\/\/cms-euro.com\/index.php?rest_route=%2Fwp%2Fv2%2Fmedia&parent=10520"}],"wp:term":[{"taxonomy":"product_brand","embeddable":true,"href":"https:\/\/cms-euro.com\/index.php?rest_route=%2Fwp%2Fv2%2Fproduct_brand&post=10520"},{"taxonomy":"product_cat","embeddable":true,"href":"https:\/\/cms-euro.com\/index.php?rest_route=%2Fwp%2Fv2%2Fproduct_cat&post=10520"},{"taxonomy":"product_tag","embeddable":true,"href":"https:\/\/cms-euro.com\/index.php?rest_route=%2Fwp%2Fv2%2Fproduct_tag&post=10520"}],"curies":[{"name":"wp","href":"https:\/\/api.w.org\/{rel}","templated":true}]}}