{"id":10582,"date":"2025-05-08T11:43:51","date_gmt":"2025-05-08T11:43:51","guid":{"rendered":"https:\/\/cms-euro.com\/?post_type=product&#038;p=10582"},"modified":"2025-05-08T11:47:37","modified_gmt":"2025-05-08T11:47:37","slug":"bungalow-meuble-avec-chalet-de-jardin","status":"publish","type":"product","link":"https:\/\/cms-euro.com\/?product=bungalow-meuble-avec-chalet-de-jardin","title":{"rendered":"Bungalow Meubl\u00e9 avec Chalet de Jardin"},"content":{"rendered":"<p><strong>BUNGALOW MEUBL\u00c9 AVEC CHALET DE JARDIN<\/strong><\/p>\n<p>Caract\u00e9ristiques techniques<\/p>\n<p><strong>DIMENSIONS<\/strong><br \/>\nhauteur ext\u00e9rieure : 250\/275 cm<\/p>\n<p>Hauteur int\u00e9rieure : 230\/265 cm<\/p>\n<p>longueur : 600 cm<\/p>\n<p>Largeur : 480 cm<\/p>\n<p><strong>CADRE<\/strong><br \/>\nDescription : acier galvanis\u00e9 et peint<\/p>\n<p>Couleur : GRIS ANTHRACITE RAL 7016<\/p>\n<p>\u00c9paisseur : 2 mm<\/p>\n<p>Toit : hauteur 250\/275 cm<\/p>\n<p>Manipulation : 4 prises sur le toit pour crochet de levage<\/p>\n<p><strong>PAROIS ET TOIT<\/strong><br \/>\nMat\u00e9riau : panneaux sandwich<\/p>\n<p>Isolation : mousse rigide de polyur\u00e9thane + rev\u00eatement en bois<\/p>\n<p>\u00c9paisseur des murs : 40 mm + 20 mm<\/p>\n<p>\u00c9paisseur du plafond : 40 mm<\/p>\n<p>Couverture du plafond : T\u00f4le d&rsquo;acier galvanis\u00e9e \u00e0 ondes grecques<\/p>\n<p>Couleur du panneau : GRIS ANTHRACITE RAL 7016<\/p>\n<p><strong>STRUCTURE DU SOL<\/strong><br \/>\n: Panneaux OSB hydrofuges<\/p>\n<p>\u00c9paisseur : 20 mm<\/p>\n<p>Rev\u00eatement : stratifi\u00e9 + carrelage (salle de bain)<\/p>\n<p><strong>MISE EN PLACE<\/strong><br \/>\nPorte : 1 porte en aluminium semi-vitr\u00e9e, dimensions 145 x 195 cm.<\/p>\n<p>Fen\u00eatres : 2 fen\u00eatres oscillo-battantes en aluminium \u00e0 double vitrage, dimensions 200 x 100 cm dans le salon. 1 fen\u00eatre oscillo-battante en aluminium \u00e0 double vitrage de 100 x 120 cm. 1 fen\u00eatre dans la salle de bain \u00e0 bascule en aluminium \u00e0 double vitrage, dimensions 50 x 50 cm.<\/p>\n<p><strong>\u00c9LECTRICIT\u00c9<\/strong><br \/>\n\u00c9clairage : 8 spots LED + 1 plafonnier dans la salle de bain.<br \/>\nPrises de courant : 5 prises doubles<\/p>\n<p>Tableau : 1 tableau comprenant des interrupteurs diff\u00e9rentiels et des disjoncteurs.<\/p>\n<p>Interrupteur : 1<\/p>\n<p>Climatisation r\u00e9versible Daikin 12 BTU dans le salon<\/p>\n<p>convecteur 1000W dans la chambre<\/p>\n","protected":false},"excerpt":{"rendered":"<p>&lsquo;-Acier galvanis\u00e9 et peint<\/p>\n<p>-Couleur : GRIS ANTHRACITE RAL 7016<\/p>\n<p>-\u00c9paisseur : 2 mm<\/p>\n<p>-Toit : hauteur 250\/275 cm<\/p>\n<p>-Manipulation : 4 prises sur le toit pour crochet de levage<\/p>\n","protected":false},"featured_media":10981,"comment_status":"open","ping_status":"closed","template":"","meta":{"inline_featured_image":false},"product_brand":[],"product_cat":[143],"product_tag":[],"class_list":{"0":"post-10582","1":"product","2":"type-product","3":"status-publish","4":"has-post-thumbnail","6":"product_cat-bungalows-speciaux","8":"first","9":"instock","10":"sale","11":"product-type-simple"},"_links":{"self":[{"href":"https:\/\/cms-euro.com\/index.php?rest_route=\/wp\/v2\/product\/10582","targetHints":{"allow":["GET"]}}],"collection":[{"href":"https:\/\/cms-euro.com\/index.php?rest_route=\/wp\/v2\/product"}],"about":[{"href":"https:\/\/cms-euro.com\/index.php?rest_route=\/wp\/v2\/types\/product"}],"replies":[{"embeddable":true,"href":"https:\/\/cms-euro.com\/index.php?rest_route=%2Fwp%2Fv2%2Fcomments&post=10582"}],"version-history":[{"count":0,"href":"https:\/\/cms-euro.com\/index.php?rest_route=\/wp\/v2\/product\/10582\/revisions"}],"wp:featuredmedia":[{"embeddable":true,"href":"https:\/\/cms-euro.com\/index.php?rest_route=\/wp\/v2\/media\/10981"}],"wp:attachment":[{"href":"https:\/\/cms-euro.com\/index.php?rest_route=%2Fwp%2Fv2%2Fmedia&parent=10582"}],"wp:term":[{"taxonomy":"product_brand","embeddable":true,"href":"https:\/\/cms-euro.com\/index.php?rest_route=%2Fwp%2Fv2%2Fproduct_brand&post=10582"},{"taxonomy":"product_cat","embeddable":true,"href":"https:\/\/cms-euro.com\/index.php?rest_route=%2Fwp%2Fv2%2Fproduct_cat&post=10582"},{"taxonomy":"product_tag","embeddable":true,"href":"https:\/\/cms-euro.com\/index.php?rest_route=%2Fwp%2Fv2%2Fproduct_tag&post=10582"}],"curies":[{"name":"wp","href":"https:\/\/api.w.org\/{rel}","templated":true}]}}