{"id":10583,"date":"2025-05-08T11:43:51","date_gmt":"2025-05-08T11:43:51","guid":{"rendered":"https:\/\/cms-euro.com\/?post_type=product&#038;p=10583"},"modified":"2025-05-08T11:47:44","modified_gmt":"2025-05-08T11:47:44","slug":"conteneur-de-vie-avec-kitchenette","status":"publish","type":"product","link":"https:\/\/cms-euro.com\/?product=conteneur-de-vie-avec-kitchenette","title":{"rendered":"Conteneur de vie avec kitchenette"},"content":{"rendered":"<p>Conteneur de vie , WC et douche 6,00 x 2,43m<\/p>\n","protected":false},"excerpt":{"rendered":"<p>Description technique<\/p>\n<p>Cadre:<\/p>\n<p>Structure en acier soud\u00e9e professionnellement, compos\u00e9e de profil\u00e9s creux et lamin\u00e9s (\u00e9paisseur 3 mm S235), autoportants, appr\u00eat\u00e9s et peints sur une base en polyur\u00e9thane dans le ton RAL 7016, ou selon les exigences du client ; Coins de conteneur de 8 pi\u00e8ces.<\/p>\n<p>Structure du sol :<\/p>\n<p>Plancher aveugle : t\u00f4le trap\u00e9zo\u00efdale T14 de 0,5 mm, rivet\u00e9e aux traverses du plancher<\/p>\n<p>Isolation : laine min\u00e9rale 100 mm, film pare-vapeur 0,2 mm<\/p>\n<p>Plaque de base : panneaux OSB, viss\u00e9s sur des poutres en acier profil\u00e9es<\/p>\n<p>Rev\u00eatement de sol : PVC 2 mm avec plinthe, coll\u00e9 sur toute la surface, motif couleur gris marbr\u00e9.<\/p>\n<p>Charge au sol admissible : 3,8 kn\/m<\/p>\n<p>Structure du mur :<\/p>\n<p>T\u00f4le profil\u00e9e : t\u00f4le trap\u00e9zo\u00efdale T8 de 0,5 mm en RAL 7016 (anthracite) \u2013 autres coloris selon souhaits du client moyennant suppl\u00e9ment.<\/p>\n<p>Isolation : Laine min\u00e9rale 50 mm, jusqu\u2019\u00e0 100 mm selon les exigences du client<\/p>\n<p>Rev\u00eatement int\u00e9rieur : panneau stratifi\u00e9 16 mm, blanc.<\/p>\n<p>Pare-vapeur : 0,2 mm \u2013 membrane<\/p>\n<p>Structure du toit :<\/p>\n<p>T\u00f4le profil\u00e9e : T\u00f4le trap\u00e9zo\u00efdale 0,7 mm T35<\/p>\n<p>Isolation : laine min\u00e9rale 100 mm<\/p>\n<p>Rev\u00eatement int\u00e9rieur : panneau stratifi\u00e9 16 mm, blanc.<\/p>\n<p>Pare-vapeur : 0,2 mm \u2013 membrane<\/p>\n<p>Drainage de l\u2019eau : \u00e9vacuation de l\u2019eau par des tuyaux en PVC dans les coins du conteneur<\/p>\n<p>Fen\u00eatre:<\/p>\n<p>1 morceau de fen\u00eatre en plastique 2m x 1,2m avec vitrage isolant, ferrure oscillo-battante et volets roulants en plastique<\/p>\n<p>Porte:<\/p>\n<p>Porte ext\u00e9rieure : Porte \u00e0 un vantail H\u00f6rmann ZKI60, RAL7016<\/p>\n<p>Dimensions 900 x 1 970 mm,<\/p>\n<p>Salle de bain : chaudi\u00e8re \u00e0 eau chaude, WC, douche et lavabo<\/p>\n<p>Installation \u00e9lectrique : Norme VDE DE Standard \u00c9lectrique<\/p>\n<p>Prises ext\u00e9rieures CEE 380V\/32A\/5 broches. \u00c9clairage \u2013 2 lampes LED de 50 W, command\u00e9es par un interrupteur marche\/arr\u00eat, des prises, une armoire de commande avec le nombre appropri\u00e9 de fusibles et des disjoncteurs FI.<\/p>\n<p>L\u2019installation \u00e9lectrique est encastr\u00e9e.<\/p>\n<p>Nous pouvons installer des fen\u00eatres suppl\u00e9mentaires dans de brefs d\u00e9lais.<\/p>\n<p>Nous pouvons \u00e9galement les produire \u00e0 tout moment selon vos sp\u00e9cifications dans d\u2019autres dimensions et couleurs ou avec toilettes ou autres installations.<\/p>\n","protected":false},"featured_media":10996,"comment_status":"closed","ping_status":"closed","template":"","meta":{"inline_featured_image":false},"product_brand":[],"product_cat":[144,117,118],"product_tag":[],"class_list":{"0":"post-10583","1":"product","2":"type-product","3":"status-publish","4":"has-post-thumbnail","6":"product_cat-bungalows-de-construction","7":"product_cat-containers","8":"product_cat-conteneur-amenage","10":"first","11":"instock","12":"sale","13":"product-type-simple"},"_links":{"self":[{"href":"https:\/\/cms-euro.com\/index.php?rest_route=\/wp\/v2\/product\/10583","targetHints":{"allow":["GET"]}}],"collection":[{"href":"https:\/\/cms-euro.com\/index.php?rest_route=\/wp\/v2\/product"}],"about":[{"href":"https:\/\/cms-euro.com\/index.php?rest_route=\/wp\/v2\/types\/product"}],"replies":[{"embeddable":true,"href":"https:\/\/cms-euro.com\/index.php?rest_route=%2Fwp%2Fv2%2Fcomments&post=10583"}],"version-history":[{"count":0,"href":"https:\/\/cms-euro.com\/index.php?rest_route=\/wp\/v2\/product\/10583\/revisions"}],"wp:featuredmedia":[{"embeddable":true,"href":"https:\/\/cms-euro.com\/index.php?rest_route=\/wp\/v2\/media\/10996"}],"wp:attachment":[{"href":"https:\/\/cms-euro.com\/index.php?rest_route=%2Fwp%2Fv2%2Fmedia&parent=10583"}],"wp:term":[{"taxonomy":"product_brand","embeddable":true,"href":"https:\/\/cms-euro.com\/index.php?rest_route=%2Fwp%2Fv2%2Fproduct_brand&post=10583"},{"taxonomy":"product_cat","embeddable":true,"href":"https:\/\/cms-euro.com\/index.php?rest_route=%2Fwp%2Fv2%2Fproduct_cat&post=10583"},{"taxonomy":"product_tag","embeddable":true,"href":"https:\/\/cms-euro.com\/index.php?rest_route=%2Fwp%2Fv2%2Fproduct_tag&post=10583"}],"curies":[{"name":"wp","href":"https:\/\/api.w.org\/{rel}","templated":true}]}}