{"id":10665,"date":"2025-05-08T11:44:18","date_gmt":"2025-05-08T11:44:18","guid":{"rendered":"https:\/\/cms-euro.com\/?post_type=product&#038;p=10665"},"modified":"2025-05-08T11:47:56","modified_gmt":"2025-05-08T11:47:56","slug":"conteneur-bureau-600-x-240m","status":"publish","type":"product","link":"https:\/\/cms-euro.com\/?product=conteneur-bureau-600-x-240m","title":{"rendered":"Conteneur bureau 6,00 x 2,40m"},"content":{"rendered":"","protected":false},"excerpt":{"rendered":"<p>DESCRIPTION<br \/>\n-Dimensions 6000x2400x2620<br \/>\n-Poids 2500KG<br \/>\n-Salle de toilettes avec lavabo et douche<br \/>\n\u2013 Mini cuisine avec r\u00e9frig\u00e9rateur<br \/>\n\u2013 Isolation murs et toiture en panneaux sandwich 7,5cm.<br \/>\n\u2013 2 fen\u00eatres oscillo-battantes (double vitrage)<br \/>\n\u2013 Profil sandwich \u00e0 isolation thermique pour une faible perte d\u2019\u00e9nergie<br \/>\n\u2013 Porte ext\u00e9rieure en t\u00f4le d\u2019acier H\u00f6rmann<br \/>\n\u2013 Installation \u00e9lectrique compl\u00e8te selon les directives CE<br \/>\n\u2013 Prises 230V<br \/>\n\u2013 Plafonniers LED<br \/>\n\u2013 Sol stratifi\u00e9 \u2013 robuste et rapide \u00e0 nettoyer<br \/>\n\u2013 Plancher isol\u00e9, int\u00e9rieur avec panneau OSB<br \/>\n\u2013 radiateur mural \u00e9lectrique 2000W<br \/>\n\u2013 Chauffe-eau instantan\u00e9 \u00e0 eau chaude 11KW\/400V<br \/>\n\u2013 Douche ronde D90cm<br \/>\n\u2013 Oeillets pour d\u00e9chargement avec grue<br \/>\n\u2013 Guides de chariot \u00e9l\u00e9vateur pour un transport facile et s\u00fbr<br \/>\n\u2013 Construction \u00e0 ossature d\u2019acier robuste, soud\u00e9e et autoportante.<br \/>\nLa location est d\u00e9sormais \u00e9galement possible sans acompte \u00e0 des tarifs mensuels bas.<\/p>\n<p>Nous pouvons \u00e9galement les produire \u00e0 tout moment selon vos sp\u00e9cifications dans d\u2019autres dimensions et couleurs ou avec toilettes ou autres installations.<\/p>\n","protected":false},"featured_media":11010,"comment_status":"closed","ping_status":"closed","template":"","meta":{"inline_featured_image":false},"product_brand":[],"product_cat":[144,117,118],"product_tag":[],"class_list":{"0":"post-10665","1":"product","2":"type-product","3":"status-publish","4":"has-post-thumbnail","6":"product_cat-bungalows-de-construction","7":"product_cat-containers","8":"product_cat-conteneur-amenage","10":"first","11":"instock","12":"sale","13":"product-type-simple"},"_links":{"self":[{"href":"https:\/\/cms-euro.com\/index.php?rest_route=\/wp\/v2\/product\/10665","targetHints":{"allow":["GET"]}}],"collection":[{"href":"https:\/\/cms-euro.com\/index.php?rest_route=\/wp\/v2\/product"}],"about":[{"href":"https:\/\/cms-euro.com\/index.php?rest_route=\/wp\/v2\/types\/product"}],"replies":[{"embeddable":true,"href":"https:\/\/cms-euro.com\/index.php?rest_route=%2Fwp%2Fv2%2Fcomments&post=10665"}],"version-history":[{"count":0,"href":"https:\/\/cms-euro.com\/index.php?rest_route=\/wp\/v2\/product\/10665\/revisions"}],"wp:featuredmedia":[{"embeddable":true,"href":"https:\/\/cms-euro.com\/index.php?rest_route=\/wp\/v2\/media\/11010"}],"wp:attachment":[{"href":"https:\/\/cms-euro.com\/index.php?rest_route=%2Fwp%2Fv2%2Fmedia&parent=10665"}],"wp:term":[{"taxonomy":"product_brand","embeddable":true,"href":"https:\/\/cms-euro.com\/index.php?rest_route=%2Fwp%2Fv2%2Fproduct_brand&post=10665"},{"taxonomy":"product_cat","embeddable":true,"href":"https:\/\/cms-euro.com\/index.php?rest_route=%2Fwp%2Fv2%2Fproduct_cat&post=10665"},{"taxonomy":"product_tag","embeddable":true,"href":"https:\/\/cms-euro.com\/index.php?rest_route=%2Fwp%2Fv2%2Fproduct_tag&post=10665"}],"curies":[{"name":"wp","href":"https:\/\/api.w.org\/{rel}","templated":true}]}}