{"id":10666,"date":"2025-05-08T11:44:18","date_gmt":"2025-05-08T11:44:18","guid":{"rendered":"https:\/\/cms-euro.com\/?post_type=product&#038;p=10666"},"modified":"2025-05-08T11:47:57","modified_gmt":"2025-05-08T11:47:57","slug":"tiny-house-neuve-900x474x310cm-lxlxh","status":"publish","type":"product","link":"https:\/\/cms-euro.com\/?product=tiny-house-neuve-900x474x310cm-lxlxh","title":{"rendered":"Tiny House neuve 900x474x310cm LxlxH"},"content":{"rendered":"","protected":false},"excerpt":{"rendered":"<p>DESCRIPTION<br \/>\nMat\u00e9riau Bois<br \/>\nHauteur 310<br \/>\nLongueur 900<br \/>\nLargeur 474<\/p>\n<p>Tiny House neuve et inutilis\u00e9e. Dimensions totales env. 900x474x310cm LxlxH. Dimensions terrasse 418x245cm LxP et est \u00e9quip\u00e9e de contacts \u00e9lectriques et d\u2019\u00e9clairage sur les murs et de bandes LED au plafond. Acc\u00e8s par 1 porte ext\u00e9rieure avec serrure \u00e0 cylindre avec cl\u00e9s correspondantes. Surface du salon 410x280cm avec coin cuisine sans \u00e9lectrom\u00e9nager et placard. Surface de la chambre 264x256cm. Hauteur sous plafond 227cm. Salle de bain carrel\u00e9e de 229x128cm. Toutes les connexions sont pr\u00e9sentes dans la salle de bain, mais elle doit encore \u00eatre assembl\u00e9e et est \u00e9quip\u00e9e d\u20191 fen\u00eatre battante \/ basculante. Toute la pi\u00e8ce est \u00e9quip\u00e9e de divers \u00e9clairages LED et de double vitrage, ce qui rend la pi\u00e8ce silencieuse de l\u2019ext\u00e9rieur. Le salon dispose de 2 fen\u00eatres avec fonction d\u2019inclinaison. \u00c0 l\u2019ext\u00e9rieur, \u00e0 l\u2019arri\u00e8re, se trouve une connexion fixe de 400 V. Vous \u00eates responsable du chargement, du d\u00e9montage et du transport de ce lot. Il n\u2019y a pas d\u2019outils disponibles.<\/p>\n","protected":false},"featured_media":11026,"comment_status":"closed","ping_status":"closed","template":"","meta":{"inline_featured_image":false},"product_brand":[],"product_cat":[143,122],"product_tag":[],"class_list":{"0":"post-10666","1":"product","2":"type-product","3":"status-publish","4":"has-post-thumbnail","6":"product_cat-bungalows-speciaux","7":"product_cat-mobil-homes","9":"first","10":"instock","11":"sale","12":"product-type-simple"},"_links":{"self":[{"href":"https:\/\/cms-euro.com\/index.php?rest_route=\/wp\/v2\/product\/10666","targetHints":{"allow":["GET"]}}],"collection":[{"href":"https:\/\/cms-euro.com\/index.php?rest_route=\/wp\/v2\/product"}],"about":[{"href":"https:\/\/cms-euro.com\/index.php?rest_route=\/wp\/v2\/types\/product"}],"replies":[{"embeddable":true,"href":"https:\/\/cms-euro.com\/index.php?rest_route=%2Fwp%2Fv2%2Fcomments&post=10666"}],"version-history":[{"count":0,"href":"https:\/\/cms-euro.com\/index.php?rest_route=\/wp\/v2\/product\/10666\/revisions"}],"wp:featuredmedia":[{"embeddable":true,"href":"https:\/\/cms-euro.com\/index.php?rest_route=\/wp\/v2\/media\/11026"}],"wp:attachment":[{"href":"https:\/\/cms-euro.com\/index.php?rest_route=%2Fwp%2Fv2%2Fmedia&parent=10666"}],"wp:term":[{"taxonomy":"product_brand","embeddable":true,"href":"https:\/\/cms-euro.com\/index.php?rest_route=%2Fwp%2Fv2%2Fproduct_brand&post=10666"},{"taxonomy":"product_cat","embeddable":true,"href":"https:\/\/cms-euro.com\/index.php?rest_route=%2Fwp%2Fv2%2Fproduct_cat&post=10666"},{"taxonomy":"product_tag","embeddable":true,"href":"https:\/\/cms-euro.com\/index.php?rest_route=%2Fwp%2Fv2%2Fproduct_tag&post=10666"}],"curies":[{"name":"wp","href":"https:\/\/api.w.org\/{rel}","templated":true}]}}