{"id":10667,"date":"2025-05-08T11:44:18","date_gmt":"2025-05-08T11:44:18","guid":{"rendered":"https:\/\/cms-euro.com\/?post_type=product&#038;p=10667"},"modified":"2025-05-08T11:48:05","modified_gmt":"2025-05-08T11:48:05","slug":"eco-4000-b-tiny-house","status":"publish","type":"product","link":"https:\/\/cms-euro.com\/?product=eco-4000-b-tiny-house","title":{"rendered":"Eco 4000 B Tiny house"},"content":{"rendered":"","protected":false},"excerpt":{"rendered":"<p>DESCRIPTION<\/p>\n<p>Toilettes Oui<br \/>\nMarque Stahlworks<br \/>\nAnn\u00e9e2024<br \/>\nLongueur totale 3950mm<br \/>\nNombre de fen\u00eatres 4<br \/>\nHauteur totale 2450mm<br \/>\nTypeEco 4000 B<br \/>\nPoids individue l1100kg<br \/>\nLargeur totale 2300mm<\/p>\n<p>Murs et toiture isol\u00e9s ; huisseries en aluminium avec double vitrage \u00e0 contr\u00f4le solaire ; verrouillable \u00e0 l\u2019aide d\u2019une cl\u00e9 et d\u2019un cylindre \u00e0 bouton ; fen\u00eatre \u00e0 guillotine ; dimensions de transport 3950x2300x2450 mm (LxlxH) ; lever les yeux ; cadre en dessous ; \u00e9quip\u00e9 de trous de cuill\u00e8re et de pieds r\u00e9glables ; inutilis\u00e9; Int\u00e9rieur : sanitaire avec douche ; toilette; lavabo avec mitigeur et meubles bas ; miroir avec \u00e9clairage \u00e0 3 choix ; Ventilateur; Prises murales 220 volts avec connexion USB ; Plafonnier \u00e0 LED ; 2 pi\u00e8ces de fen\u00eatres \u00e0 guillotine avec stores et moustiquaire ; rideau; bo\u00eete de lit avec espace de rangement ; RCD; rangement dans les placards ; (\u00e0 l\u2019exclusion des accessoires) Mat\u00e9riaux externes : Panneau composite en aluminium ; Feuille d\u2019aluminium monocouche de fluorocarbone blanc ; double couche l\u00e9g\u00e8re haute r\u00e9sistance \u00e0 la compression Mat\u00e9riaux internes ; Plaque de bouton plate en bois-plastique ; plaque \u00e9cologique de qualit\u00e9 HE ; inutilis\u00e9<\/p>\n","protected":false},"featured_media":11027,"comment_status":"closed","ping_status":"closed","template":"","meta":{"inline_featured_image":false},"product_brand":[],"product_cat":[118,122],"product_tag":[],"class_list":{"0":"post-10667","1":"product","2":"type-product","3":"status-publish","4":"has-post-thumbnail","6":"product_cat-conteneur-amenage","7":"product_cat-mobil-homes","9":"first","10":"instock","11":"product-type-simple"},"_links":{"self":[{"href":"https:\/\/cms-euro.com\/index.php?rest_route=\/wp\/v2\/product\/10667","targetHints":{"allow":["GET"]}}],"collection":[{"href":"https:\/\/cms-euro.com\/index.php?rest_route=\/wp\/v2\/product"}],"about":[{"href":"https:\/\/cms-euro.com\/index.php?rest_route=\/wp\/v2\/types\/product"}],"replies":[{"embeddable":true,"href":"https:\/\/cms-euro.com\/index.php?rest_route=%2Fwp%2Fv2%2Fcomments&post=10667"}],"version-history":[{"count":0,"href":"https:\/\/cms-euro.com\/index.php?rest_route=\/wp\/v2\/product\/10667\/revisions"}],"wp:featuredmedia":[{"embeddable":true,"href":"https:\/\/cms-euro.com\/index.php?rest_route=\/wp\/v2\/media\/11027"}],"wp:attachment":[{"href":"https:\/\/cms-euro.com\/index.php?rest_route=%2Fwp%2Fv2%2Fmedia&parent=10667"}],"wp:term":[{"taxonomy":"product_brand","embeddable":true,"href":"https:\/\/cms-euro.com\/index.php?rest_route=%2Fwp%2Fv2%2Fproduct_brand&post=10667"},{"taxonomy":"product_cat","embeddable":true,"href":"https:\/\/cms-euro.com\/index.php?rest_route=%2Fwp%2Fv2%2Fproduct_cat&post=10667"},{"taxonomy":"product_tag","embeddable":true,"href":"https:\/\/cms-euro.com\/index.php?rest_route=%2Fwp%2Fv2%2Fproduct_tag&post=10667"}],"curies":[{"name":"wp","href":"https:\/\/api.w.org\/{rel}","templated":true}]}}