{"id":10669,"date":"2025-05-08T11:44:18","date_gmt":"2025-05-08T11:44:18","guid":{"rendered":"https:\/\/cms-euro.com\/?post_type=product&#038;p=10669"},"modified":"2025-05-08T11:48:30","modified_gmt":"2025-05-08T11:48:30","slug":"maison-conteneur-de-40-pieds-prete-a-etre-expediee","status":"publish","type":"product","link":"https:\/\/cms-euro.com\/?product=maison-conteneur-de-40-pieds-prete-a-etre-expediee","title":{"rendered":"Maison conteneur de 40 pieds &#8211; pr\u00eate \u00e0 \u00eatre exp\u00e9di\u00e9e"},"content":{"rendered":"<p>Informations Suppl\u00e9mentaires<br \/>\nDIMENSIONS<\/p>\n<p>Ext\u00e9rieur \u2013 40 pi (L) x 8 pi (L) x 9 pi 6 po (H) Nouveau conteneur HC<\/p>\n<p>Chambre \u00e0 coucher \u2013 10 pi (L) x 7 pi (L) x 8 pi 10 po (H)<\/p>\n<p>Cuisine\/Salon \u2013 20 pi 9 po (L) x 7 pi (L) x 8 pi 10 po (H)<\/p>\n<p>Salle de bain \u2013 7 pi 1 \u00bd po (L) x 7 pi (L) x 8 pi 10 po (H)<\/p>\n<p>CHARPENTE ET MURS<\/p>\n<p>Montants en bois de 2 po x 4 po r\u00e9partis sur 16 po centres<\/p>\n<p>Plafond \u00e0 feuillures blanc<\/p>\n<p>Murs de cloisons s\u00e8ches, texture peau d&rsquo;orange<\/p>\n<p>ISOLATION<\/p>\n<p>Mousse pulv\u00e9ris\u00e9e \u00e0 cellules ferm\u00e9es<\/p>\n<p>Plafond \u2013 3 en R21<\/p>\n<p>Murs \u2013 2 en R13<\/p>\n<p>\u00c9tage \u2013 1 en R7<\/p>\n<p>Ceux-ci peuvent \u00eatre modifi\u00e9s en fonction de votre climat ou de vos besoins.<\/p>\n<p>\u00c9LECTRIQUE<\/p>\n<p>Qt\u00e9 1 \u2013 Bo\u00eete de disjoncteur de panneau \u00e0 12 emplacements de 200 A (montage ext\u00e9rieur ext\u00e9rieur)<\/p>\n<p>Qt\u00e9 4 \u2013 Prises duplex 110 V (espace de vie)<\/p>\n<p>Qt\u00e9 4 \u2013 Prises duplex 110 V (zone chambre)<\/p>\n<p>Qt\u00e9 2 \u2013 Prise Quadplex 110 V (comptoir de cuisine)<\/p>\n<p>Qt\u00e9 1 \u2013 Prise duplex 110 V d\u00e9di\u00e9e sur un disjoncteur de 20 A pour un r\u00e9frig\u00e9rateur<\/p>\n<p>Qt\u00e9 1 \u2013 Prise duplex 220 V d\u00e9di\u00e9e sur un disjoncteur de 30 A pour cuisini\u00e8re \u00e9lectrique<\/p>\n<p>Qt\u00e9 1 \u2013 GFCI Duplex 110 V (toilettes)<\/p>\n<p>Qt\u00e9 2 \u2013 Prise ext\u00e9rieure GFCI 110 V<\/p>\n<p>VENTILATEURS ET LUMI\u00c8RES<\/p>\n<p>Qt\u00e9 1 \u2013 Ventilateur de plafond int\u00e9rieur\/ext\u00e9rieur noir de 44 pouces (salon)<\/p>\n<p>Qt\u00e9 1 \u2013 Ventilateur de plafond \u00e0 3 pales de 22,09 pouces avec commande portable et kit d&rsquo;\u00e9clairage inclus (chambre)<\/p>\n<p>Qt\u00e9 1 \u2013 Applique 3 spots, arrondie (Salle de bain)<\/p>\n<p>Qt\u00e9 1 \u2013 Plafonnier encastr\u00e9 en m\u00e9tal noir et verre de 12,8 pouces (cuisine)<\/p>\n<p>Qt\u00e9 5 \u2013 Applique murale ext\u00e9rieure \u00e0 LED noire (ext\u00e9rieur)<\/p>\n<p>Qt\u00e9 1 \u2013 Applique murale industrielle \u00e0 bras oscillant, noire (chambre)<\/p>\n<p>Qt\u00e9 3 \u2013 Applique murale Art Light Bronze de 18 po (cuisine\/salon)<\/p>\n<p>SOL<\/p>\n<p>Sol en vinyl<\/p>\n<p>Pare-vapeur install\u00e9 sous le plancher<\/p>\n<p>FEN\u00caTRES\/PORTES<\/p>\n<p>Toutes les fen\u00eatres \u2013 verre de protection \u00e0 faible \u00e9missivit\u00e9, vinyle blanc, profondeur de cadre de 3 po,<\/p>\n<p>Toutes les fen\u00eatres et portes \u2013 Boiseries appliqu\u00e9es autour de toutes les fen\u00eatres et portes, panneaux trait\u00e9s sous pression teint\u00e9s en contact avec le sol.<\/p>\n<p>Qt\u00e9 3 \u2013 Porte-patio fran\u00e7aise enti\u00e8rement vitr\u00e9e de 72 po<\/p>\n<p>Qt\u00e9 2 \u2013 Fen\u00eatres coulissantes de 4 pi x 4 pi (chambre) (<\/p>\n<p>Qt\u00e9 3 \u2013 Fen\u00eatre coulissante verticale de 3 pi x 2 pi (cuisine)<\/p>\n<p>Qt\u00e9 1 \u2013 Fen\u00eatre coulissante horizontale de 2 pi x 2 pi (toilettes)<\/p>\n<p>Qt\u00e9 2 \u2013 24 po pour porte escamotable<\/p>\n<p>SALLE DE BAIN<\/p>\n<p>Qt\u00e9 1 \u2013 Carrelage de douche 4 pi (L) x 32 po (L) &#8211; Murs : Pi\u00e8ces de carrelage Subway, carrelage du sol au plafond du Pan (Noir, Gris, Blanc) Pan : Mosa\u00efque de porcelaine (Noir, Gris, Blanc) &#8211; Coulis (Noir, Gris, Blanc)<\/p>\n<p>Qt\u00e9 1 \u2013 Pommeau de douche de luxe<\/p>\n<p>Qt\u00e9 1 \u2013 Meuble lavabo avec 2 tiroirs, gris brillant\/robinet Dalsk\u00e4r, 32 \u215d po (L) x 19 \u00bc po (L) x 25 \u00bc po (H)<\/p>\n<p>Qt\u00e9 1 \u2013 Fine Luminaires \u00e0 montage en surface 36 dans l&rsquo;armoire \u00e0 pharmacie de salle de bain<\/p>\n<p>Qt\u00e9 1 \u2013 Toilette standard 1,6 gallons<\/p>\n<p>Qt\u00e9 1 \u2013 Ventilateur avec lumi\u00e8re<\/p>\n<p>COIN DE S\u00c9JOUR AVEC KITCHENETTE<\/p>\n<p>Quantit\u00e9 1 \u2013 Armoires de base de cuisine Shaker en forme de L de 8 pi avec comptoirs en bloc de boucher scell\u00e9s, comprend la quincaillerie d&rsquo;armoire<\/p>\n<p>Qt\u00e9 1 \u2013 Noir Hotte de cuisine murale, noir<\/p>\n<p>Qt\u00e9 1 \u2013 \u00c9vier de cuisine \u00e0 cuve simple, 30 pouces, \u00e0 encastrer, en acier inoxydable<\/p>\n<p>Qt\u00e9 1 \u2013 Robinets de cuisine commerciaux en laiton massif \u00e0 poign\u00e9e unique, pulv\u00e9risateur extractible \u00e0 ressort, robinet d&rsquo;\u00e9vier de cuisine noir mat Grifos De Cocina 9009R<\/p>\n<p>Qt\u00e9 1 \u2013 Dessus de po\u00eale radiant \u00e9lectrique \u00e0 4 br\u00fbleurs de 24 po<\/p>\n<p>Qt\u00e9 1 &#8211; 4 pi (L) x 20 po (D) x 1,25 po (T) Comptoir pliant en bloc de boucher<\/p>\n<p>Qt\u00e9 2 &#8211; Tablette de bloc de boucher de 24 po (au-dessus de l&rsquo;\u00e9vier)<\/p>\n<p>CHAMBRE \u00c0 COUCHER<\/p>\n<p>Cadre de lit Queen personnalis\u00e9<\/p>\n<p>Armoires personnalis\u00e9es totalisant 10,5 pieds lin\u00e9aires<\/p>\n<p>CVC \u2013 Qt\u00e9 2 climatiseurs et chauffage mini-split sans conduit d&rsquo;une tonne (12 000 BTU) (une chambre, un salon)<\/p>\n<p>Entr\u00e9e d&rsquo;eau \u2013 Un robinet de tuyau RV de 0,5 po pour l&rsquo;eau est install\u00e9 \u00e0 l&rsquo;arri\u00e8re. Plomberie 1\/2 PEX<\/p>\n<p>Eaux grises \u2013 \u00ab tron\u00e7on \u00bb en PVC de 1,5 po \u00e0 raccorder \u00e0 l&rsquo;\u00e9gout de la ville ou au branchement d&rsquo;un camping-car<\/p>\n<p>Blackwater \u2013 \u00ab tron\u00e7on \u00bb de 3 pouces en PVC \u00e0 raccorder \u00e0 l&rsquo;\u00e9gout de la ville ou au branchement d&rsquo;un camping-car.<\/p>\n<p>Chauffe-eau \u2013 Chauffe-eau sans r\u00e9servoir automodulant 13 kW 2,54 GPM install\u00e9 sous les armoires de cuisine. Toute la plomberie PEX est isol\u00e9e.<\/p>\n<p>EXT\u00c9RIEUR<\/p>\n<p>Peinture \u00e0 base d&rsquo;huile<\/p>\n<p>Appr\u00eat appliqu\u00e9<\/p>\n","protected":false},"excerpt":{"rendered":"<p>conteneur d&rsquo;exp\u00e9dition personnalis\u00e9 de 40 pieds transform\u00e9 en une luxueuse chambre \u00e0 coucher. Terrasse sur le toit<\/p>\n<p>DIMENSIONS<\/p>\n<p>Ext\u00e9rieur \u2013 40 pi (L) x 8 pi (L) x 9 pi 6 po (H) Nouveau conteneur HC<\/p>\n<p>Chambre \u00e0 coucher \u2013 10 pi (L) x 7 pi (L) x 8 pi 10 po (H)<\/p>\n<p>Cuisine\/Salon \u2013 20 pi 9 po (L) x 7 pi (L) x 8 pi 10 po (H)<\/p>\n<p>Salle de bain \u2013 7 pi 1 \u00bd po (L) x 7 pi (L) x 8 pi 10 po (H)<\/p>\n","protected":false},"featured_media":11054,"comment_status":"closed","ping_status":"closed","template":"","meta":{"inline_featured_image":false},"product_brand":[],"product_cat":[118,122],"product_tag":[],"class_list":{"0":"post-10669","1":"product","2":"type-product","3":"status-publish","4":"has-post-thumbnail","6":"product_cat-conteneur-amenage","7":"product_cat-mobil-homes","9":"first","10":"instock","11":"sale","12":"taxable","13":"shipping-taxable","14":"product-type-simple"},"_links":{"self":[{"href":"https:\/\/cms-euro.com\/index.php?rest_route=\/wp\/v2\/product\/10669","targetHints":{"allow":["GET"]}}],"collection":[{"href":"https:\/\/cms-euro.com\/index.php?rest_route=\/wp\/v2\/product"}],"about":[{"href":"https:\/\/cms-euro.com\/index.php?rest_route=\/wp\/v2\/types\/product"}],"replies":[{"embeddable":true,"href":"https:\/\/cms-euro.com\/index.php?rest_route=%2Fwp%2Fv2%2Fcomments&post=10669"}],"version-history":[{"count":0,"href":"https:\/\/cms-euro.com\/index.php?rest_route=\/wp\/v2\/product\/10669\/revisions"}],"wp:featuredmedia":[{"embeddable":true,"href":"https:\/\/cms-euro.com\/index.php?rest_route=\/wp\/v2\/media\/11054"}],"wp:attachment":[{"href":"https:\/\/cms-euro.com\/index.php?rest_route=%2Fwp%2Fv2%2Fmedia&parent=10669"}],"wp:term":[{"taxonomy":"product_brand","embeddable":true,"href":"https:\/\/cms-euro.com\/index.php?rest_route=%2Fwp%2Fv2%2Fproduct_brand&post=10669"},{"taxonomy":"product_cat","embeddable":true,"href":"https:\/\/cms-euro.com\/index.php?rest_route=%2Fwp%2Fv2%2Fproduct_cat&post=10669"},{"taxonomy":"product_tag","embeddable":true,"href":"https:\/\/cms-euro.com\/index.php?rest_route=%2Fwp%2Fv2%2Fproduct_tag&post=10669"}],"curies":[{"name":"wp","href":"https:\/\/api.w.org\/{rel}","templated":true}]}}