{"id":10672,"date":"2025-05-08T11:44:18","date_gmt":"2025-05-08T11:44:18","guid":{"rendered":"https:\/\/cms-euro.com\/?post_type=product&#038;p=10672"},"modified":"2025-05-08T11:49:02","modified_gmt":"2025-05-08T11:49:02","slug":"sauna-en-bois-de-11-m%c2%b2-avec-espace-de-repos","status":"publish","type":"product","link":"https:\/\/cms-euro.com\/?product=sauna-en-bois-de-11-m%c2%b2-avec-espace-de-repos","title":{"rendered":"Sauna en bois de 11 m\u00b2 avec espace de repos"},"content":{"rendered":"<div class=\"et_pb_module et_pb_text et_pb_text_3_tb_body et_pb_text_align_left et_pb_bg_layout_light\">\n<div class=\"et_pb_text_inner\">\n<p>Un sauna luxueux con\u00e7u pour r\u00e9pondre aux plus hauts standards de qualit\u00e9 et d&rsquo;esth\u00e9tique, id\u00e9al pour les clients les plus exigeants.<\/p>\n<p>Avec son savoir-faire impeccable et ses d\u00e9tails architecturaux, ce sauna n&rsquo;est pas seulement un refuge de bien-\u00eatre, mais une \u0153uvre d&rsquo;art qui met en valeur n&rsquo;importe quelle maison. D&rsquo;une superficie de 11 m\u00e8tres carr\u00e9s, Castelmola est divis\u00e9 en un salon de d\u00e9tente et un espace sauna d\u00e9di\u00e9, ce qui le rend parfait \u00e0 la fois pour le plaisir personnel et \u00e0 des fins d&rsquo;investissement. Facile \u00e0 transporter.<\/p>\n<\/div>\n<\/div>\n<div class=\"et_pb_with_border et_pb_module et_pb_text et_pb_text_4_tb_body et_pb_text_align_left et_pb_bg_layout_light\">\n<div class=\"et_pb_text_inner\"><i class=\"fas fa-truck \" aria-hidden=\"true\"><\/i>D\u00e9lai de livraison : 8 \u00e0 12 semaines<\/div>\n<\/div>\n<div class=\"et_pb_with_border et_pb_module et_pb_text et_pb_text_5_tb_body et_pb_text_align_left et_pb_bg_layout_light\">\n<div class=\"et_pb_text_inner\"><i class=\"fas fa-tools\" aria-hidden=\"true\"><\/i>Montage : 1 jour<\/div>\n<\/div>\n<div class=\"et_pb_with_border et_pb_module et_pb_text et_pb_text_6_tb_body et_pb_text_align_left et_pb_bg_layout_light\">\n<div class=\"et_pb_text_inner\"><i class=\"fas fa-snowflake\" aria-hidden=\"true\"><\/i>Toute l&rsquo;ann\u00e9e<\/div>\n<\/div>\n<div class=\"et_pb_with_border et_pb_module et_pb_text et_pb_text_7_tb_body et_pb_text_align_left et_pb_bg_layout_light\">\n<div class=\"et_pb_text_inner\">Norme cl\u00e9 en main<\/div>\n<\/div>\n<div><\/div>\n<div>\n<div class=\"et_pb_module et_pb_text et_pb_text_17_tb_body et_pb_text_align_left et_pb_bg_layout_light\">\n<div class=\"et_pb_text_inner\">\n<h2>Sp\u00e9cification<\/h2>\n<\/div>\n<\/div>\n<div class=\"et_pb_with_border et_pb_module et_pb_text et_pb_text_18_tb_body list et_pb_text_align_left et_pb_bg_layout_light\">\n<div class=\"et_pb_text_inner\">\n<ul>\n<li><strong>Am\u00e9nagement :<\/strong>\u00a0Sauna sec avec espace de repos s\u00e9par\u00e9<\/li>\n<li><strong>Dimensions ext\u00e9rieures :<\/strong>\u00a0Longueur 6,1 m, largeur 2,5 m, hauteur 2,9 m<\/li>\n<li><strong>Dimensions int\u00e9rieures :<\/strong>\u00a0Longueur 5,5 m, largeur 2,1 m, hauteur 2,5 m<\/li>\n<li><strong>Isolation :<\/strong>\u00a015 cm de laine de roche Rockwool (sol, plafond et parois lat\u00e9rales) avec \u03bb=0,36<\/li>\n<li><strong>Fen\u00eatres :<\/strong>\u00a0Espace sauna : verre tremp\u00e9 8 mm<\/li>\n<li><strong>Espace repos :<\/strong>\u00a0Double vitrage avec intercalaire \u00e0 bords chauds<\/li>\n<li><strong>Chauffage :<\/strong>\u00a0Po\u00eale \u00e0 bois : Harvia M3 (option \u00e9lectrique ou autres types)<\/li>\n<li><strong>Equipement :<\/strong>\u00a0Bancs de sauna : Bois d&rsquo;aulne sans n\u0153uds<\/li>\n<li><strong>Espace repos :<\/strong>\u00a0Banquette rembourr\u00e9e avec tissu teint\u00e9 et imperm\u00e9able<\/li>\n<li><strong>\u00c9clairage :<\/strong>\u00a0\u00e9clairage LED RVB dans un bo\u00eetier en silicone, class\u00e9 IP67<\/li>\n<li><strong>Rev\u00eatement de sol :<\/strong>\u00a0Panneaux de vinyle (sans PVC, sans chlore et sans plastifiant, certifi\u00e9s par l&rsquo;Institut ECO, r\u00e9compens\u00e9s par l&rsquo;Ange Bleu)<\/li>\n<li><strong>Fa\u00e7ade :<\/strong>\u00a0Membrane de fa\u00e7ade coupe-vent bicouche Corotop Open UV Lattes de pin rev\u00eatues deux fois de vernis ur\u00e9thane pour yacht V33<\/li>\n<li><strong>Toiture :<\/strong>\u00a0bardeaux Diamant Plus de ICO, protection UV, flexibilit\u00e9 \u00e0 basse temp\u00e9rature, bitume modifi\u00e9 APP, r\u00e9sistant au feu<\/li>\n<li><strong>Installation \u00e9lectrique :<\/strong>\u00a0Syst\u00e8me 12V avec deux alimentations totalisant 500W, Aliment\u00e9 par le r\u00e9seau 230V ou par batterie 12V<\/li>\n<\/ul>\n<\/div>\n<\/div>\n<\/div>\n","protected":false},"excerpt":{"rendered":"<div class=\"et_pb_with_border et_pb_module et_pb_text et_pb_text_8_tb_body et_pb_text_align_left et_pb_bg_layout_light\">\n<div class=\"et_pb_text_inner\">\n<p>Sauna en bois de 11 m\u00b2 avec espace de repos en standard cl\u00e9 en main<\/p>\n<\/div>\n<\/div>\n<div class=\"et_pb_with_border et_pb_module et_pb_text et_pb_text_9_tb_body et_pb_text_align_left et_pb_bg_layout_light\">\n<div class=\"et_pb_text_inner\">\n<table class=\"table-details\">\n<tbody>\n<tr>\n<td>Surface du b\u00e2timent<\/td>\n<td>12 m\u00b2<\/td>\n<\/tr>\n<tr>\n<td>Surface habitable<\/td>\n<td>11 m\u00b2<\/td>\n<\/tr>\n<tr>\n<td>Chambres<\/td>\n<td>2<\/td>\n<\/tr>\n<tr>\n<td>Planchers<\/td>\n<td>1<\/td>\n<\/tr>\n<\/tbody>\n<\/table>\n<\/div>\n<\/div>\n","protected":false},"featured_media":11087,"comment_status":"closed","ping_status":"closed","template":"","meta":{"inline_featured_image":false},"product_brand":[],"product_cat":[122],"product_tag":[],"class_list":{"0":"post-10672","1":"product","2":"type-product","3":"status-publish","4":"has-post-thumbnail","6":"product_cat-mobil-homes","8":"first","9":"instock","10":"product-type-simple"},"_links":{"self":[{"href":"https:\/\/cms-euro.com\/index.php?rest_route=\/wp\/v2\/product\/10672","targetHints":{"allow":["GET"]}}],"collection":[{"href":"https:\/\/cms-euro.com\/index.php?rest_route=\/wp\/v2\/product"}],"about":[{"href":"https:\/\/cms-euro.com\/index.php?rest_route=\/wp\/v2\/types\/product"}],"replies":[{"embeddable":true,"href":"https:\/\/cms-euro.com\/index.php?rest_route=%2Fwp%2Fv2%2Fcomments&post=10672"}],"version-history":[{"count":0,"href":"https:\/\/cms-euro.com\/index.php?rest_route=\/wp\/v2\/product\/10672\/revisions"}],"wp:featuredmedia":[{"embeddable":true,"href":"https:\/\/cms-euro.com\/index.php?rest_route=\/wp\/v2\/media\/11087"}],"wp:attachment":[{"href":"https:\/\/cms-euro.com\/index.php?rest_route=%2Fwp%2Fv2%2Fmedia&parent=10672"}],"wp:term":[{"taxonomy":"product_brand","embeddable":true,"href":"https:\/\/cms-euro.com\/index.php?rest_route=%2Fwp%2Fv2%2Fproduct_brand&post=10672"},{"taxonomy":"product_cat","embeddable":true,"href":"https:\/\/cms-euro.com\/index.php?rest_route=%2Fwp%2Fv2%2Fproduct_cat&post=10672"},{"taxonomy":"product_tag","embeddable":true,"href":"https:\/\/cms-euro.com\/index.php?rest_route=%2Fwp%2Fv2%2Fproduct_tag&post=10672"}],"curies":[{"name":"wp","href":"https:\/\/api.w.org\/{rel}","templated":true}]}}