{"id":10723,"date":"2025-05-08T11:44:54","date_gmt":"2025-05-08T11:44:54","guid":{"rendered":"https:\/\/cms-euro.com\/?post_type=product&#038;p=10723"},"modified":"2025-05-08T11:49:14","modified_gmt":"2025-05-08T11:49:14","slug":"maison-modulaire-cle-en-main-de-67-m%c2%b2-architecture-espagnole","status":"publish","type":"product","link":"https:\/\/cms-euro.com\/?product=maison-modulaire-cle-en-main-de-67-m%c2%b2-architecture-espagnole","title":{"rendered":"Maison modulaire cl\u00e9 en main de 67 m\u00b2, architecture espagnole"},"content":{"rendered":"<div class=\"et_pb_module et_pb_text et_pb_text_3_tb_body et_pb_text_align_left et_pb_bg_layout_light\">\n<div class=\"et_pb_text_inner\">\n<p><span data-sheets-root=\"1\">Inspir\u00e9e de l&rsquo;architecture espagnole, cette maison modulaire en acier offre un m\u00e9lange unique de style et de fonctionnalit\u00e9. Initialement livr\u00e9e en deux modules, sa conception permet d&rsquo;ajouter facilement des modules suppl\u00e9mentaires pour r\u00e9pondre aux besoins croissants. Son excellente isolation, avec une valeur U de 0,15 W\/m\u00b2K, assure des conditions de vie confortables toute l&rsquo;ann\u00e9e.<\/span><\/p>\n<p>Les \u00e9l\u00e9ments int\u00e9rieurs et ext\u00e9rieurs de la maison sont enti\u00e8rement personnalisables, ce qui permet aux propri\u00e9taires de l&rsquo;adapter \u00e0 leurs go\u00fbts et \u00e0 leurs besoins sp\u00e9cifiques. Le d\u00e9lai de livraison de la maison est d&rsquo;environ trois mois et elle peut \u00eatre assembl\u00e9e rapidement, en 3 \u00e0 5 jours. Le design s&rsquo;inspire de l&rsquo;architecture du sud de l&rsquo;Europe, cr\u00e9ant un espace lumineux et chaleureux. Cette maison modulaire est id\u00e9ale pour une petite famille, ce qui en fait une location de vacances parfaite ou une charmante maison d&rsquo;h\u00f4tes.<\/p>\n<p>De plus, il n\u00e9cessite des fondations tr\u00e8s simples, ce qui simplifie le processus d\u2019installation initial et en fait un choix accessible pour beaucoup.<\/p>\n<\/div>\n<\/div>\n<div class=\"et_pb_with_border et_pb_module et_pb_text et_pb_text_4_tb_body et_pb_text_align_left et_pb_bg_layout_light\">\n<div class=\"et_pb_text_inner\"><i class=\"fas fa-truck \" aria-hidden=\"true\"><\/i>D\u00e9lai de livraison : 12-15 semaines<\/div>\n<\/div>\n<div class=\"et_pb_with_border et_pb_module et_pb_text et_pb_text_5_tb_body et_pb_text_align_left et_pb_bg_layout_light\">\n<div class=\"et_pb_text_inner\"><i class=\"fas fa-tools\" aria-hidden=\"true\"><\/i>Montage : 3 \u00e0 5 jours<\/div>\n<\/div>\n<div class=\"et_pb_with_border et_pb_module et_pb_text et_pb_text_6_tb_body et_pb_text_align_left et_pb_bg_layout_light\">\n<div class=\"et_pb_text_inner\"><i class=\"fas fa-snowflake\" aria-hidden=\"true\"><\/i>Toute l&rsquo;ann\u00e9e<\/div>\n<\/div>\n<div class=\"et_pb_with_border et_pb_module et_pb_text et_pb_text_7_tb_body et_pb_text_align_left et_pb_bg_layout_light\">\n<div class=\"et_pb_text_inner\">Norme cl\u00e9 en main<\/div>\n<\/div>\n<div><\/div>\n<div>\n<div class=\"et_pb_module et_pb_text et_pb_text_17_tb_body et_pb_text_align_left et_pb_bg_layout_light\">\n<div class=\"et_pb_text_inner\">\n<h2>Sp\u00e9cification<\/h2>\n<\/div>\n<\/div>\n<div class=\"et_pb_with_border et_pb_module et_pb_text et_pb_text_18_tb_body list et_pb_text_align_left et_pb_bg_layout_light\">\n<div class=\"et_pb_text_inner\">\n<ul>\n<li><span data-sheets-root=\"1\"><strong>Composition :<\/strong>\u00a02 chambres, 2 salles de bains, s\u00e9jour avec coin cuisine, couloir, buanderie<br \/>\n<\/span><\/li>\n<li><span data-sheets-root=\"1\"><strong>Dimensions ext\u00e9rieures :<\/strong>\u00a0longueur 11,6 m, largeur 6,0 m, hauteur 3,2 m<br \/>\n<\/span><\/li>\n<li><span data-sheets-root=\"1\"><strong>Isolation :<\/strong>\u00a0PUR, U=0,15 W\/m\u00b2K<br \/>\n<\/span><\/li>\n<li><span data-sheets-root=\"1\"><strong>Fen\u00eatres :<\/strong>\u00a0Aluminium, 3 vitrages<br \/>\n<\/span><\/li>\n<li><span data-sheets-root=\"1\"><strong>Chauffage :<\/strong>\u00a0plancher chauffant \u00e9lectrique, pompe \u00e0 chaleur air-air<br \/>\n<\/span><\/li>\n<li><span data-sheets-root=\"1\"><strong>Fa\u00e7ade :<\/strong>\u00a0enduit<br \/>\n<\/span><\/li>\n<li><span data-sheets-root=\"1\"><strong>Murs int\u00e9rieurs :<\/strong>\u00a0panneaux muraux<\/span><\/li>\n<\/ul>\n<\/div>\n<\/div>\n<\/div>\n","protected":false},"excerpt":{"rendered":"<div class=\"et_pb_with_border et_pb_module et_pb_text et_pb_text_8_tb_body et_pb_text_align_left et_pb_bg_layout_light\">\n<div class=\"et_pb_text_inner\">\n<p><span data-sheets-root=\"1\">Maison modulaire cl\u00e9 en main de 67 m\u00b2, architecture espagnole<\/span><\/p>\n<\/div>\n<\/div>\n<div class=\"et_pb_with_border et_pb_module et_pb_text et_pb_text_9_tb_body et_pb_text_align_left et_pb_bg_layout_light\">\n<div class=\"et_pb_text_inner\">\n<table class=\"table-details\">\n<tbody>\n<tr>\n<td>Surface du b\u00e2timent<\/td>\n<td>67 m\u00b2<\/td>\n<\/tr>\n<tr>\n<td>Surface habitable<\/td>\n<td>55 m\u00b2<\/td>\n<\/tr>\n<tr>\n<td>Chambres<\/td>\n<td>3<\/td>\n<\/tr>\n<tr>\n<td>Planchers<\/td>\n<td>1<\/td>\n<\/tr>\n<\/tbody>\n<\/table>\n<\/div>\n<\/div>\n","protected":false},"featured_media":11098,"comment_status":"closed","ping_status":"closed","template":"","meta":{"inline_featured_image":false},"product_brand":[],"product_cat":[122],"product_tag":[],"class_list":{"0":"post-10723","1":"product","2":"type-product","3":"status-publish","4":"has-post-thumbnail","6":"product_cat-mobil-homes","8":"first","9":"instock","10":"taxable","11":"shipping-taxable","12":"product-type-simple"},"_links":{"self":[{"href":"https:\/\/cms-euro.com\/index.php?rest_route=\/wp\/v2\/product\/10723","targetHints":{"allow":["GET"]}}],"collection":[{"href":"https:\/\/cms-euro.com\/index.php?rest_route=\/wp\/v2\/product"}],"about":[{"href":"https:\/\/cms-euro.com\/index.php?rest_route=\/wp\/v2\/types\/product"}],"replies":[{"embeddable":true,"href":"https:\/\/cms-euro.com\/index.php?rest_route=%2Fwp%2Fv2%2Fcomments&post=10723"}],"version-history":[{"count":0,"href":"https:\/\/cms-euro.com\/index.php?rest_route=\/wp\/v2\/product\/10723\/revisions"}],"wp:featuredmedia":[{"embeddable":true,"href":"https:\/\/cms-euro.com\/index.php?rest_route=\/wp\/v2\/media\/11098"}],"wp:attachment":[{"href":"https:\/\/cms-euro.com\/index.php?rest_route=%2Fwp%2Fv2%2Fmedia&parent=10723"}],"wp:term":[{"taxonomy":"product_brand","embeddable":true,"href":"https:\/\/cms-euro.com\/index.php?rest_route=%2Fwp%2Fv2%2Fproduct_brand&post=10723"},{"taxonomy":"product_cat","embeddable":true,"href":"https:\/\/cms-euro.com\/index.php?rest_route=%2Fwp%2Fv2%2Fproduct_cat&post=10723"},{"taxonomy":"product_tag","embeddable":true,"href":"https:\/\/cms-euro.com\/index.php?rest_route=%2Fwp%2Fv2%2Fproduct_tag&post=10723"}],"curies":[{"name":"wp","href":"https:\/\/api.w.org\/{rel}","templated":true}]}}