{"id":10724,"date":"2025-05-08T11:44:54","date_gmt":"2025-05-08T11:44:54","guid":{"rendered":"https:\/\/cms-euro.com\/?post_type=product&#038;p=10724"},"modified":"2025-05-08T11:49:24","modified_gmt":"2025-05-08T11:49:24","slug":"maison-en-container-dexpedition-de-40-pieds-de-long","status":"publish","type":"product","link":"https:\/\/cms-euro.com\/?product=maison-en-container-dexpedition-de-40-pieds-de-long","title":{"rendered":"Maison en container d&rsquo;exp\u00e9dition de 40 pieds de long"},"content":{"rendered":"<div class=\"et_pb_module et_pb_text et_pb_text_3_tb_body et_pb_text_align_left et_pb_bg_layout_light\">\n<div class=\"et_pb_text_inner\">\n<p>Container d&rsquo;exp\u00e9dition de 40 pieds de long. Il a \u00e9t\u00e9 con\u00e7u \u00e0 partir de z\u00e9ro, d\u00e9di\u00e9 aux clients les plus exigeants \u00e0 la recherche d&rsquo;un design unique.<br \/>\nC&rsquo;est une maison conteneur enti\u00e8rement fonctionnelle. Une terrasse conteneur suppl\u00e9mentaire la rend encore plus sp\u00e9ciale. Container de 40 pieds est construit selon les r\u00e9glementations en vigueur.<br \/>\nUne option parfaite pour une maison ordinaire, un h\u00f4tel de charme ou une maison d&rsquo;h\u00f4tes dont vous avez toujours r\u00eav\u00e9.<\/p>\n<p>La maison est livr\u00e9e cl\u00e9 en main. Elle dispose d&rsquo;une salle de bain compl\u00e8te, d&rsquo;une cuisine en option, d&rsquo;une chambre s\u00e9par\u00e9e, d&rsquo;un hall d&rsquo;entr\u00e9e, d&rsquo;une ventilation, d&rsquo;une climatisation avec fonction de chauffage, d&rsquo;un chauffe-eau et d&rsquo;un chauffage au sol infrarouge.<br \/>\nContainer de 40 pieds est pr\u00eat \u00e0 \u00eatre utilis\u00e9 dans les 2 \u00e0 3 jours suivant la livraison.<\/p>\n<\/div>\n<\/div>\n<div class=\"et_pb_with_border et_pb_module et_pb_text et_pb_text_4_tb_body et_pb_text_align_left et_pb_bg_layout_light\">\n<div class=\"et_pb_text_inner\"><i class=\"fas fa-truck \" aria-hidden=\"true\"><\/i>12 &#8211; 15 semaines<\/div>\n<\/div>\n<div class=\"et_pb_with_border et_pb_module et_pb_text et_pb_text_5_tb_body et_pb_text_align_left et_pb_bg_layout_light\">\n<div class=\"et_pb_text_inner\"><i class=\"fas fa-tools\" aria-hidden=\"true\"><\/i>Montage : 1 jour<\/div>\n<\/div>\n<div class=\"et_pb_with_border et_pb_module et_pb_text et_pb_text_6_tb_body et_pb_text_align_left et_pb_bg_layout_light\">\n<div class=\"et_pb_text_inner\"><i class=\"fas fa-snowflake\" aria-hidden=\"true\"><\/i>Toute l&rsquo;ann\u00e9e<\/div>\n<\/div>\n<div class=\"et_pb_with_border et_pb_module et_pb_text et_pb_text_7_tb_body et_pb_text_align_left et_pb_bg_layout_light\">\n<div class=\"et_pb_text_inner\"><i class=\"fas fa-key\" aria-hidden=\"true\"><\/i>Norme cl\u00e9 en main<\/div>\n<\/div>\n","protected":false},"excerpt":{"rendered":"<div class=\"et_pb_with_border et_pb_module et_pb_text et_pb_text_8_tb_body et_pb_text_align_left et_pb_bg_layout_light\">\n<div class=\"et_pb_text_inner\">\n<p>Maison conteneur de 60 m\u00b2 toute l&rsquo;ann\u00e9e en standard cl\u00e9 en main<\/p>\n<\/div>\n<\/div>\n<div class=\"et_pb_with_border et_pb_module et_pb_text et_pb_text_9_tb_body et_pb_text_align_left et_pb_bg_layout_light\">\n<div class=\"et_pb_text_inner\">\n<table class=\"table-details\">\n<tbody>\n<tr>\n<td>Surface du b\u00e2timent<\/td>\n<td>60 m\u00b2<\/td>\n<\/tr>\n<tr>\n<td>Surface habitable<\/td>\n<td>56 m\u00b2<\/td>\n<\/tr>\n<tr>\n<td>Chambres<\/td>\n<td>2<\/td>\n<\/tr>\n<tr>\n<td>Planchers<\/td>\n<td>1<\/td>\n<\/tr>\n<\/tbody>\n<\/table>\n<\/div>\n<\/div>\n","protected":false},"featured_media":11106,"comment_status":"closed","ping_status":"closed","template":"","meta":{"inline_featured_image":false},"product_brand":[],"product_cat":[122],"product_tag":[],"class_list":{"0":"post-10724","1":"product","2":"type-product","3":"status-publish","4":"has-post-thumbnail","6":"product_cat-mobil-homes","8":"first","9":"instock","10":"sale","11":"product-type-simple"},"_links":{"self":[{"href":"https:\/\/cms-euro.com\/index.php?rest_route=\/wp\/v2\/product\/10724","targetHints":{"allow":["GET"]}}],"collection":[{"href":"https:\/\/cms-euro.com\/index.php?rest_route=\/wp\/v2\/product"}],"about":[{"href":"https:\/\/cms-euro.com\/index.php?rest_route=\/wp\/v2\/types\/product"}],"replies":[{"embeddable":true,"href":"https:\/\/cms-euro.com\/index.php?rest_route=%2Fwp%2Fv2%2Fcomments&post=10724"}],"version-history":[{"count":0,"href":"https:\/\/cms-euro.com\/index.php?rest_route=\/wp\/v2\/product\/10724\/revisions"}],"wp:featuredmedia":[{"embeddable":true,"href":"https:\/\/cms-euro.com\/index.php?rest_route=\/wp\/v2\/media\/11106"}],"wp:attachment":[{"href":"https:\/\/cms-euro.com\/index.php?rest_route=%2Fwp%2Fv2%2Fmedia&parent=10724"}],"wp:term":[{"taxonomy":"product_brand","embeddable":true,"href":"https:\/\/cms-euro.com\/index.php?rest_route=%2Fwp%2Fv2%2Fproduct_brand&post=10724"},{"taxonomy":"product_cat","embeddable":true,"href":"https:\/\/cms-euro.com\/index.php?rest_route=%2Fwp%2Fv2%2Fproduct_cat&post=10724"},{"taxonomy":"product_tag","embeddable":true,"href":"https:\/\/cms-euro.com\/index.php?rest_route=%2Fwp%2Fv2%2Fproduct_tag&post=10724"}],"curies":[{"name":"wp","href":"https:\/\/api.w.org\/{rel}","templated":true}]}}