{"id":10774,"date":"2025-05-08T11:45:15","date_gmt":"2025-05-08T11:45:15","guid":{"rendered":"https:\/\/cms-euro.com\/?post_type=product&#038;p=10774"},"modified":"2025-05-08T11:49:45","modified_gmt":"2025-05-08T11:49:45","slug":"maison-modulaire-avec-mezzanine-37-m%c2%b2","status":"publish","type":"product","link":"https:\/\/cms-euro.com\/?product=maison-modulaire-avec-mezzanine-37-m%c2%b2","title":{"rendered":"Maison modulaire avec mezzanine \u2013 37 m\u00b2"},"content":{"rendered":"<div class=\"et_pb_module et_pb_text et_pb_text_3_tb_body et_pb_text_align_left et_pb_bg_layout_light\">\n<div class=\"et_pb_text_inner\">\n<p><span data-sheets-root=\"1\">Maison modulaire avec mezzanine \u2013 37 m\u00b2 en standard cl\u00e9 en main. Maison modulaire utilisable toute l&rsquo;ann\u00e9e, parfaite pour les vacances, les locations ou les chambres d&rsquo;h\u00f4tes. Sa construction en acier et ses panneaux stratifi\u00e9s la rendent durable et stable. L&rsquo;\u00e9l\u00e9gante fa\u00e7ade anthracite avec des d\u00e9tails en bois et de grandes fen\u00eatres assure un look moderne et beaucoup de lumi\u00e8re naturelle.<\/span><\/p>\n<p>La maison est livr\u00e9e \u00ab cl\u00e9 en main \u00bb et pr\u00eate \u00e0 \u00eatre habit\u00e9e le jour m\u00eame. Elle comprend un s\u00e9jour avec kitchenette, une salle de bains et une mezzanine. La cuisine est \u00e9quip\u00e9e d&rsquo;appareils \u00e9lectrom\u00e9nagers BOSCH et la salle de bains de robinetterie GROHE et de c\u00e9ramique Villeroy &amp; Boch. Le chauffage est assur\u00e9 par une pompe \u00e0 chaleur air-air et un plancher chauffant \u00e9lectrique.<\/p>\n<\/div>\n<\/div>\n<div class=\"et_pb_with_border et_pb_module et_pb_text et_pb_text_4_tb_body et_pb_text_align_left et_pb_bg_layout_light\">\n<div class=\"et_pb_text_inner\"><i class=\"fas fa-truck \" aria-hidden=\"true\"><\/i>D\u00e9lai de livraison : 12 &#8211; 15 semaines<\/div>\n<\/div>\n<div class=\"et_pb_with_border et_pb_module et_pb_text et_pb_text_5_tb_body et_pb_text_align_left et_pb_bg_layout_light\">\n<div class=\"et_pb_text_inner\"><i class=\"fas fa-tools\" aria-hidden=\"true\"><\/i>Montage : 1 jour<\/div>\n<\/div>\n<div class=\"et_pb_with_border et_pb_module et_pb_text et_pb_text_6_tb_body et_pb_text_align_left et_pb_bg_layout_light\">\n<div class=\"et_pb_text_inner\"><i class=\"fas fa-snowflake\" aria-hidden=\"true\"><\/i>Toute l&rsquo;ann\u00e9e<\/div>\n<\/div>\n<div class=\"et_pb_with_border et_pb_module et_pb_text et_pb_text_7_tb_body et_pb_text_align_left et_pb_bg_layout_light\">\n<div class=\"et_pb_text_inner\">Norme cl\u00e9 en main<\/div>\n<\/div>\n<div><\/div>\n<div>\n<div class=\"et_pb_module et_pb_text et_pb_text_17_tb_body et_pb_text_align_left et_pb_bg_layout_light\">\n<div class=\"et_pb_text_inner\">\n<h2>Sp\u00e9cification<\/h2>\n<\/div>\n<\/div>\n<div class=\"et_pb_with_border et_pb_module et_pb_text et_pb_text_18_tb_body list et_pb_text_align_left et_pb_bg_layout_light\">\n<div class=\"et_pb_text_inner\">\n<ul>\n<li><span data-sheets-root=\"1\"><strong>Am\u00e9nagement :<\/strong>\u00a02 mezzanines avec un lit, une salle de bain, un s\u00e9jour avec kitchenette<br \/>\n<\/span><\/li>\n<li><span data-sheets-root=\"1\"><strong>Dimensions ext\u00e9rieures :<\/strong>\u00a0longueur 8,0 m, largeur 4,7 m, hauteur 3,4 m<br \/>\n<\/span><\/li>\n<li><span data-sheets-root=\"1\"><strong>Isolation :<\/strong>\u00a0PUR, U=0,15 W\/m\u00b2K<br \/>\n<\/span><\/li>\n<li><span data-sheets-root=\"1\"><strong>Fen\u00eatres :<\/strong>\u00a0PVC, triple vitrage<br \/>\n<\/span><\/li>\n<li><span data-sheets-root=\"1\"><strong>Chauffage :<\/strong>\u00a0plancher chauffant \u00e9lectrique, pompe \u00e0 chaleur air-air, radiateur avec thermostat<br \/>\n<\/span><\/li>\n<li><span data-sheets-root=\"1\"><strong>Toiture et fa\u00e7ade :<\/strong>\u00a0m\u00e9tal \u00e0 joint debout avec panneaux en bois<br \/>\n<\/span><\/li>\n<li><span data-sheets-root=\"1\"><strong>Murs int\u00e9rieurs :<\/strong>\u00a0panneaux muraux<\/span><\/li>\n<\/ul>\n<\/div>\n<\/div>\n<\/div>\n<div><\/div>\n","protected":false},"excerpt":{"rendered":"<div class=\"et_pb_with_border et_pb_module et_pb_text et_pb_text_8_tb_body et_pb_text_align_left et_pb_bg_layout_light\">\n<div class=\"et_pb_text_inner\">\n<p><span data-sheets-root=\"1\">Tiny house modulable avec mezzanine \u2013 37 m\u00b2 en standard cl\u00e9 en main<\/span><\/p>\n<\/div>\n<\/div>\n<div class=\"et_pb_with_border et_pb_module et_pb_text et_pb_text_9_tb_body et_pb_text_align_left et_pb_bg_layout_light\">\n<div class=\"et_pb_text_inner\">\n<table class=\"table-details\">\n<tbody>\n<tr>\n<td>Surface du b\u00e2timent<\/td>\n<td>28 m\u00b2<\/td>\n<\/tr>\n<tr>\n<td>Surface habitable<\/td>\n<td>40 m\u00b2<\/td>\n<\/tr>\n<tr>\n<td>Chambres<\/td>\n<td>2<\/td>\n<\/tr>\n<tr>\n<td>Planchers<\/td>\n<td>1,5<\/td>\n<\/tr>\n<\/tbody>\n<\/table>\n<\/div>\n<\/div>\n","protected":false},"featured_media":11122,"comment_status":"closed","ping_status":"closed","template":"","meta":{"inline_featured_image":false},"product_brand":[],"product_cat":[122],"product_tag":[],"class_list":{"0":"post-10774","1":"product","2":"type-product","3":"status-publish","4":"has-post-thumbnail","6":"product_cat-mobil-homes","8":"first","9":"instock","10":"sale","11":"product-type-simple"},"_links":{"self":[{"href":"https:\/\/cms-euro.com\/index.php?rest_route=\/wp\/v2\/product\/10774","targetHints":{"allow":["GET"]}}],"collection":[{"href":"https:\/\/cms-euro.com\/index.php?rest_route=\/wp\/v2\/product"}],"about":[{"href":"https:\/\/cms-euro.com\/index.php?rest_route=\/wp\/v2\/types\/product"}],"replies":[{"embeddable":true,"href":"https:\/\/cms-euro.com\/index.php?rest_route=%2Fwp%2Fv2%2Fcomments&post=10774"}],"version-history":[{"count":0,"href":"https:\/\/cms-euro.com\/index.php?rest_route=\/wp\/v2\/product\/10774\/revisions"}],"wp:featuredmedia":[{"embeddable":true,"href":"https:\/\/cms-euro.com\/index.php?rest_route=\/wp\/v2\/media\/11122"}],"wp:attachment":[{"href":"https:\/\/cms-euro.com\/index.php?rest_route=%2Fwp%2Fv2%2Fmedia&parent=10774"}],"wp:term":[{"taxonomy":"product_brand","embeddable":true,"href":"https:\/\/cms-euro.com\/index.php?rest_route=%2Fwp%2Fv2%2Fproduct_brand&post=10774"},{"taxonomy":"product_cat","embeddable":true,"href":"https:\/\/cms-euro.com\/index.php?rest_route=%2Fwp%2Fv2%2Fproduct_cat&post=10774"},{"taxonomy":"product_tag","embeddable":true,"href":"https:\/\/cms-euro.com\/index.php?rest_route=%2Fwp%2Fv2%2Fproduct_tag&post=10774"}],"curies":[{"name":"wp","href":"https:\/\/api.w.org\/{rel}","templated":true}]}}